{"id":25644,"date":"2023-07-02T09:03:31","date_gmt":"2023-07-02T10:03:31","guid":{"rendered":"https:\/\/oragarden.de\/product\/kolibri-haworthia-west-jogoo-o-12-cm\/"},"modified":"2025-10-24T13:16:04","modified_gmt":"2025-10-24T14:16:04","slug":"kolibri-haworthia-west-jogoo-o-12-cm","status":"publish","type":"product","link":"https:\/\/oragarden.de\/en\/product\/kolibri-haworthia-west-jogoo-o-12-cm\/","title":{"rendered":"Kolibri Haworthia West Jogoo \u00d8 12 cm"},"content":{"rendered":"Kolibri Greens | Gr\u00fcnpflanze &#8211; Sukkulente Haworthia West Jogoo &#8211; Topfgr\u00f6\u00dfe \u00d812cm &#8211; gr\u00fcne Zimmerpflanze &#8211; frisch aus der G\u00e4rtnerei","protected":false},"excerpt":{"rendered":"<p>Kolibri Greens | Gr\u00fcnpflanze &#8211; Sukkulente Haworthia West Jogoo &#8211; Topfgr\u00f6\u00dfe \u00d812cm &#8211; gr\u00fcne Zimmerpflanze &#8211; frisch aus der G\u00e4rtnerei<\/p>\n","protected":false},"author":3,"featured_media":25645,"comment_status":"open","ping_status":"closed","template":"","meta":{"inline_featured_image":false},"pwb-brand":[5097],"product_cat":[4000,5096,4036],"product_tag":[],"class_list":{"0":"post-25644","1":"product","2":"type-product","3":"status-publish","4":"has-post-thumbnail","6":"pwb-brand-kolibri","7":"product_cat-cat-pflanzen","8":"product_cat-cat-sukkulenten","9":"product_cat-cat-zimmerpflanzen","11":"first","12":"outofstock","13":"sale","14":"taxable","15":"shipping-taxable","16":"purchasable","17":"product-type-simple"},"acf":[],"gtin":"8785279219330","brands":[{"id":5097,"name":"Kolibri","slug":"kolibri"}],"_links":{"self":[{"href":"https:\/\/oragarden.de\/en\/wp-json\/wp\/v2\/product\/25644","targetHints":{"allow":["GET"]}}],"collection":[{"href":"https:\/\/oragarden.de\/en\/wp-json\/wp\/v2\/product"}],"about":[{"href":"https:\/\/oragarden.de\/en\/wp-json\/wp\/v2\/types\/product"}],"author":[{"embeddable":true,"href":"https:\/\/oragarden.de\/en\/wp-json\/wp\/v2\/users\/3"}],"replies":[{"embeddable":true,"href":"https:\/\/oragarden.de\/en\/wp-json\/wp\/v2\/comments?post=25644"}],"wp:featuredmedia":[{"embeddable":true,"href":"https:\/\/oragarden.de\/en\/wp-json\/wp\/v2\/media\/25645"}],"wp:attachment":[{"href":"https:\/\/oragarden.de\/en\/wp-json\/wp\/v2\/media?parent=25644"}],"wp:term":[{"taxonomy":"pwb-brand","embeddable":true,"href":"https:\/\/oragarden.de\/en\/wp-json\/wp\/v2\/pwb-brand?post=25644"},{"taxonomy":"product_cat","embeddable":true,"href":"https:\/\/oragarden.de\/en\/wp-json\/wp\/v2\/product_cat?post=25644"},{"taxonomy":"product_tag","embeddable":true,"href":"https:\/\/oragarden.de\/en\/wp-json\/wp\/v2\/product_tag?post=25644"}],"curies":[{"name":"wp","href":"https:\/\/api.w.org\/{rel}","templated":true}]}}