{"id":25584,"date":"2023-07-02T09:01:45","date_gmt":"2023-07-02T10:01:45","guid":{"rendered":"https:\/\/oragarden.de\/product\/kolibri-aloe-brevifolia-o-9-cm\/"},"modified":"2025-10-24T13:15:59","modified_gmt":"2025-10-24T14:15:59","slug":"kolibri-aloe-brevifolia-o-9-cm","status":"publish","type":"product","link":"https:\/\/oragarden.de\/en\/product\/kolibri-aloe-brevifolia-o-9-cm\/","title":{"rendered":"Kolibri Alo\u00eb Brevifolia &#8211; \u00d8 9 cm"},"content":{"rendered":"<p>Die Sukkulente Aloe Brevifolia bereichert den Raum mit ihrem kr\u00e4ftigen und eleganten Aussehen. Sie ist eine Mischung aus einer Sukkulente und einem Kaktus, also achten Sie auf die kleinen Stacheln.<\/p>\n<p>Pflege von Gr\u00fcnpflanzen:<br \/>Gie\u00dfen Sie Ihre Gr\u00fcnpflanze einmal alle drei Wochen. Ein praktischer Tipp, um zu testen, ob Ihre Gr\u00fcnpflanze Wasser braucht: F\u00fchlen Sie zuerst den Boden, um festzustellen, ob er sich trocken anf\u00fchlt. F\u00fchlt es sich feucht an? Dann ist es am besten, mit dem Gie\u00dfen ein wenig zu warten. Stellen Sie die Gr\u00fcnpflanze an einen hellen Ort, aber nicht in die direkte Sonne. <br \/> <br \/>Verpackung und Lieferung<br \/>Unsere Pflanzen werden direkt von unserer G\u00e4rtnerei an Sie verschickt. Sie werden in einem speziell entwickelten Versandkarton verpackt, der sicherstellt, dass Pflanzen und T\u00f6pfe beim Versand nicht besch\u00e4digt werden.<\/p>","protected":false},"excerpt":{"rendered":"<p>Die Sukkulente Aloe Brevifolia bereichert den Raum mit ihrem kr\u00e4ftigen und eleganten Aussehen. Sie ist eine Mischung aus einer Sukkulente und einem Kaktus, also achten Sie auf die kleinen Stacheln. Pflege von Gr\u00fcnpflanzen:Gie\u00dfen Sie Ihre Gr\u00fcnpflanze einmal alle drei Wochen. Ein praktischer Tipp, um zu testen, ob Ihre Gr\u00fcnpflanze Wasser braucht: F\u00fchlen Sie zuerst den [&hellip;]<\/p>\n","protected":false},"author":3,"featured_media":25585,"comment_status":"open","ping_status":"closed","template":"","meta":{"inline_featured_image":false},"pwb-brand":[5097],"product_cat":[4000,5096,4036],"product_tag":[],"class_list":{"0":"post-25584","1":"product","2":"type-product","3":"status-publish","4":"has-post-thumbnail","6":"pwb-brand-kolibri","7":"product_cat-cat-pflanzen","8":"product_cat-cat-sukkulenten","9":"product_cat-cat-zimmerpflanzen","11":"first","12":"outofstock","13":"sale","14":"taxable","15":"shipping-taxable","16":"purchasable","17":"product-type-simple"},"acf":[],"gtin":"8720682780534","brands":[{"id":5097,"name":"Kolibri","slug":"kolibri"}],"_links":{"self":[{"href":"https:\/\/oragarden.de\/en\/wp-json\/wp\/v2\/product\/25584","targetHints":{"allow":["GET"]}}],"collection":[{"href":"https:\/\/oragarden.de\/en\/wp-json\/wp\/v2\/product"}],"about":[{"href":"https:\/\/oragarden.de\/en\/wp-json\/wp\/v2\/types\/product"}],"author":[{"embeddable":true,"href":"https:\/\/oragarden.de\/en\/wp-json\/wp\/v2\/users\/3"}],"replies":[{"embeddable":true,"href":"https:\/\/oragarden.de\/en\/wp-json\/wp\/v2\/comments?post=25584"}],"wp:featuredmedia":[{"embeddable":true,"href":"https:\/\/oragarden.de\/en\/wp-json\/wp\/v2\/media\/25585"}],"wp:attachment":[{"href":"https:\/\/oragarden.de\/en\/wp-json\/wp\/v2\/media?parent=25584"}],"wp:term":[{"taxonomy":"pwb-brand","embeddable":true,"href":"https:\/\/oragarden.de\/en\/wp-json\/wp\/v2\/pwb-brand?post=25584"},{"taxonomy":"product_cat","embeddable":true,"href":"https:\/\/oragarden.de\/en\/wp-json\/wp\/v2\/product_cat?post=25584"},{"taxonomy":"product_tag","embeddable":true,"href":"https:\/\/oragarden.de\/en\/wp-json\/wp\/v2\/product_tag?post=25584"}],"curies":[{"name":"wp","href":"https:\/\/api.w.org\/{rel}","templated":true}]}}