{"id":25577,"date":"2023-07-02T09:01:34","date_gmt":"2023-07-02T10:01:34","guid":{"rendered":"https:\/\/oragarden.de\/product\/kolibri-haworthia-limifolia-o-6-cm\/"},"modified":"2025-10-24T13:15:58","modified_gmt":"2025-10-24T14:15:58","slug":"kolibri-haworthia-limifolia-o-6-cm","status":"publish","type":"product","link":"https:\/\/oragarden.de\/en\/product\/kolibri-haworthia-limifolia-o-6-cm\/","title":{"rendered":"Kolibri Haworthia Limifolia &#8211; \u00d8 6 cm"},"content":{"rendered":"<p>Die stachelige, intensiv gr\u00fcne Haworthia limifolia ist auff\u00e4llig in ihrem Aussehen. Diese Sukkulente w\u00e4chst in einer dreieckigen Form und ist haupts\u00e4chlich in S\u00fcdafrika zwischen Felsen oder im Schatten zu finden. Auf den Bl\u00e4ttern finden Sie ein Muster aus wei\u00dfen Schwellen. Achten Sie auf die Spitze des Blattes, sie ist scharf!<\/p>\n<p>Pflege von Gr\u00fcnpflanzen:<br \/>Gie\u00dfen Sie Ihre Gr\u00fcnpflanze einmal alle drei Wochen. Ein praktischer Tipp, um zu testen, ob Ihre Gr\u00fcnpflanze Wasser braucht: F\u00fchlen Sie zuerst den Boden, um festzustellen, ob er sich trocken anf\u00fchlt. F\u00fchlt es sich feucht an? Dann ist es am besten, mit dem Gie\u00dfen ein wenig zu warten. Stellen Sie die Gr\u00fcnpflanze an einen hellen Ort, aber nicht in die direkte Sonne. <br \/> <br \/>Verpackung und Lieferung<br \/>Unsere Pflanzen werden direkt von unserer G\u00e4rtnerei an Sie verschickt. Sie werden in einem speziell entwickelten Versandkarton verpackt, der sicherstellt, dass Pflanzen und T\u00f6pfe beim Versand nicht besch\u00e4digt werden.<\/p>","protected":false},"excerpt":{"rendered":"<p>Die stachelige, intensiv gr\u00fcne Haworthia limifolia ist auff\u00e4llig in ihrem Aussehen. Diese Sukkulente w\u00e4chst in einer dreieckigen Form und ist haupts\u00e4chlich in S\u00fcdafrika zwischen Felsen oder im Schatten zu finden. Auf den Bl\u00e4ttern finden Sie ein Muster aus wei\u00dfen Schwellen. Achten Sie auf die Spitze des Blattes, sie ist scharf! Pflege von Gr\u00fcnpflanzen:Gie\u00dfen Sie Ihre [&hellip;]<\/p>\n","protected":false},"author":3,"featured_media":25578,"comment_status":"open","ping_status":"closed","template":"","meta":{"inline_featured_image":false},"pwb-brand":[5097],"product_cat":[4000,5096,4036],"product_tag":[],"class_list":{"0":"post-25577","1":"product","2":"type-product","3":"status-publish","4":"has-post-thumbnail","6":"pwb-brand-kolibri","7":"product_cat-cat-pflanzen","8":"product_cat-cat-sukkulenten","9":"product_cat-cat-zimmerpflanzen","11":"first","12":"outofstock","13":"sale","14":"taxable","15":"shipping-taxable","16":"purchasable","17":"product-type-simple"},"acf":[],"gtin":"8720682780640","brands":[{"id":5097,"name":"Kolibri","slug":"kolibri"}],"_links":{"self":[{"href":"https:\/\/oragarden.de\/en\/wp-json\/wp\/v2\/product\/25577","targetHints":{"allow":["GET"]}}],"collection":[{"href":"https:\/\/oragarden.de\/en\/wp-json\/wp\/v2\/product"}],"about":[{"href":"https:\/\/oragarden.de\/en\/wp-json\/wp\/v2\/types\/product"}],"author":[{"embeddable":true,"href":"https:\/\/oragarden.de\/en\/wp-json\/wp\/v2\/users\/3"}],"replies":[{"embeddable":true,"href":"https:\/\/oragarden.de\/en\/wp-json\/wp\/v2\/comments?post=25577"}],"wp:featuredmedia":[{"embeddable":true,"href":"https:\/\/oragarden.de\/en\/wp-json\/wp\/v2\/media\/25578"}],"wp:attachment":[{"href":"https:\/\/oragarden.de\/en\/wp-json\/wp\/v2\/media?parent=25577"}],"wp:term":[{"taxonomy":"pwb-brand","embeddable":true,"href":"https:\/\/oragarden.de\/en\/wp-json\/wp\/v2\/pwb-brand?post=25577"},{"taxonomy":"product_cat","embeddable":true,"href":"https:\/\/oragarden.de\/en\/wp-json\/wp\/v2\/product_cat?post=25577"},{"taxonomy":"product_tag","embeddable":true,"href":"https:\/\/oragarden.de\/en\/wp-json\/wp\/v2\/product_tag?post=25577"}],"curies":[{"name":"wp","href":"https:\/\/api.w.org\/{rel}","templated":true}]}}