{"id":25539,"date":"2023-07-02T08:57:58","date_gmt":"2023-07-02T09:57:58","guid":{"rendered":"https:\/\/oragarden.de\/product\/meergroothandel-chamaedorea-elegans-mexikanische-bergpalme-2er-set-40-cm-o12-cm\/"},"modified":"2025-10-24T13:15:54","modified_gmt":"2025-10-24T14:15:54","slug":"meergroothandel-chamaedorea-elegans-mexikanische-bergpalme-2er-set-40-cm-o12-cm","status":"publish","type":"product","link":"https:\/\/oragarden.de\/en\/product\/meergroothandel-chamaedorea-elegans-mexikanische-bergpalme-2er-set-40-cm-o12-cm\/","title":{"rendered":"Meergroothandel Chamaedorea Elegans (Mexikanische Bergpalme) 2er Set &#8211; 40 cm, \u00d812 cm"},"content":{"rendered":"Chamaedorea Elegans ist eine gr\u00c3\u00bcne Zimmerpflanze, die in Mexiko heimisch ist. Daher ist diese Pflanze auch als mexikanische Bergpalme bekannt. \n\nStellen Sie diese Palme in den Halbschatten. Viel direktes Sonnenlicht ist nicht gut f\u00c3\u00bcr die mexikanische Bergpalme. \n\nDiese Palme braucht sehr viel Wasser. Mindestens einmal pro Woche gie\u00c3\u0178en. In w\u00c3\u00a4rmeren Perioden k\u00c3\u00b6nnen Sie die Palme zweimal pro Woche gie\u00c3\u0178en. \n\nBitte beachten Sie: Die Pflanzen sind ein lebendes Produkt und k\u00c3\u00b6nnen von den Fotos und der Beschreibung abweichen. Unsere Pflanzen werden in einem Kunststofftopf geliefert. Alle Pflanzen werden direkt von der G\u00c3\u00a4rtnerei verpackt und verschickt.","protected":false},"excerpt":{"rendered":"<p>Chamaedorea Elegans ist eine gr\u00c3\u00bcne Zimmerpflanze, die in Mexiko heimisch ist. Daher ist diese Pflanze auch als mexikanische Bergpalme bekannt. Stellen Sie diese Palme in den Halbschatten. Viel direktes Sonnenlicht ist nicht gut f\u00c3\u00bcr die mexikanische Bergpalme. Diese Palme braucht sehr viel Wasser. Mindestens einmal pro Woche gie\u00c3\u0178en. In w\u00c3\u00a4rmeren Perioden k\u00c3\u00b6nnen Sie die Palme [&hellip;]<\/p>\n","protected":false},"author":3,"featured_media":25540,"comment_status":"closed","ping_status":"closed","template":"","meta":{"inline_featured_image":false},"pwb-brand":[4041],"product_cat":[4000,5181,5977,4770,4036],"product_tag":[6926,6927],"class_list":{"0":"post-25539","1":"product","2":"type-product","3":"status-publish","4":"has-post-thumbnail","6":"pwb-brand-meergroothandel","7":"product_cat-cat-pflanzen","8":"product_cat-cat-bergpalmen-chamaedorea","9":"product_cat-cat-geschenke-fur-pflanzenliebhaber-und-innen","10":"product_cat-cat-pflanzen-sets","11":"product_cat-cat-zimmerpflanzen","12":"product_tag-palmen","13":"product_tag-zimmerpalmen","15":"first","16":"outofstock","17":"sale","18":"taxable","19":"shipping-taxable","20":"purchasable","21":"product-type-simple"},"acf":[],"gtin":"8720634284264","brands":[{"id":4041,"name":"MEERGroothandel","slug":"meergroothandel"}],"_links":{"self":[{"href":"https:\/\/oragarden.de\/en\/wp-json\/wp\/v2\/product\/25539","targetHints":{"allow":["GET"]}}],"collection":[{"href":"https:\/\/oragarden.de\/en\/wp-json\/wp\/v2\/product"}],"about":[{"href":"https:\/\/oragarden.de\/en\/wp-json\/wp\/v2\/types\/product"}],"author":[{"embeddable":true,"href":"https:\/\/oragarden.de\/en\/wp-json\/wp\/v2\/users\/3"}],"replies":[{"embeddable":true,"href":"https:\/\/oragarden.de\/en\/wp-json\/wp\/v2\/comments?post=25539"}],"wp:featuredmedia":[{"embeddable":true,"href":"https:\/\/oragarden.de\/en\/wp-json\/wp\/v2\/media\/25540"}],"wp:attachment":[{"href":"https:\/\/oragarden.de\/en\/wp-json\/wp\/v2\/media?parent=25539"}],"wp:term":[{"taxonomy":"pwb-brand","embeddable":true,"href":"https:\/\/oragarden.de\/en\/wp-json\/wp\/v2\/pwb-brand?post=25539"},{"taxonomy":"product_cat","embeddable":true,"href":"https:\/\/oragarden.de\/en\/wp-json\/wp\/v2\/product_cat?post=25539"},{"taxonomy":"product_tag","embeddable":true,"href":"https:\/\/oragarden.de\/en\/wp-json\/wp\/v2\/product_tag?post=25539"}],"curies":[{"name":"wp","href":"https:\/\/api.w.org\/{rel}","templated":true}]}}