{"id":25522,"date":"2023-07-02T08:56:30","date_gmt":"2023-07-02T09:56:30","guid":{"rendered":"https:\/\/oragarden.de\/product\/meergroothandel-chamaedorea-elegans-mexikanische-bergpalme-40-cm-o12-cm\/"},"modified":"2025-10-24T13:15:53","modified_gmt":"2025-10-24T14:15:53","slug":"meergroothandel-chamaedorea-elegans-mexikanische-bergpalme-40-cm-o12-cm","status":"publish","type":"product","link":"https:\/\/oragarden.de\/en\/product\/meergroothandel-chamaedorea-elegans-mexikanische-bergpalme-40-cm-o12-cm\/","title":{"rendered":"Meergroothandel Chamaedorea Elegans (Mexikanische Bergpalme) &#8211; 40 cm, \u00d812 cm"},"content":{"rendered":"Diese Zwergbergpalme wird in einer Gr\u00f6\u00dfe von 12 cm geliefert.Die derzeitige H\u00f6he dieser Zwergbergpalme betr\u00e4gt etwa 40 cm.Diese Pflanze gedeiht an einem Ort mit Halbschatten und indirektem Sonnenlicht.Die Pflege der Zwergbergpalme ist unglaublich einfach.Ihr attraktives Erscheinungsbild verleiht jedem Raum eine elegante Note.","protected":false},"excerpt":{"rendered":"<p>Diese Zwergbergpalme wird in einer Gr\u00f6\u00dfe von 12 cm geliefert.Die derzeitige H\u00f6he dieser Zwergbergpalme betr\u00e4gt etwa 40 cm.Diese Pflanze gedeiht an einem Ort mit Halbschatten und indirektem Sonnenlicht.Die Pflege der Zwergbergpalme ist unglaublich einfach.Ihr attraktives Erscheinungsbild verleiht jedem Raum eine elegante Note.<\/p>\n","protected":false},"author":3,"featured_media":25523,"comment_status":"closed","ping_status":"closed","template":"","meta":{"inline_featured_image":false},"pwb-brand":[4041],"product_cat":[4000,5181,4036],"product_tag":[6926,6927],"class_list":{"0":"post-25522","1":"product","2":"type-product","3":"status-publish","4":"has-post-thumbnail","6":"pwb-brand-meergroothandel","7":"product_cat-cat-pflanzen","8":"product_cat-cat-bergpalmen-chamaedorea","9":"product_cat-cat-zimmerpflanzen","10":"product_tag-palmen","11":"product_tag-zimmerpalmen","13":"first","14":"outofstock","15":"sale","16":"taxable","17":"shipping-taxable","18":"purchasable","19":"product-type-simple"},"acf":[],"gtin":"8720634284257","brands":[{"id":4041,"name":"MEERGroothandel","slug":"meergroothandel"}],"_links":{"self":[{"href":"https:\/\/oragarden.de\/en\/wp-json\/wp\/v2\/product\/25522","targetHints":{"allow":["GET"]}}],"collection":[{"href":"https:\/\/oragarden.de\/en\/wp-json\/wp\/v2\/product"}],"about":[{"href":"https:\/\/oragarden.de\/en\/wp-json\/wp\/v2\/types\/product"}],"author":[{"embeddable":true,"href":"https:\/\/oragarden.de\/en\/wp-json\/wp\/v2\/users\/3"}],"replies":[{"embeddable":true,"href":"https:\/\/oragarden.de\/en\/wp-json\/wp\/v2\/comments?post=25522"}],"wp:featuredmedia":[{"embeddable":true,"href":"https:\/\/oragarden.de\/en\/wp-json\/wp\/v2\/media\/25523"}],"wp:attachment":[{"href":"https:\/\/oragarden.de\/en\/wp-json\/wp\/v2\/media?parent=25522"}],"wp:term":[{"taxonomy":"pwb-brand","embeddable":true,"href":"https:\/\/oragarden.de\/en\/wp-json\/wp\/v2\/pwb-brand?post=25522"},{"taxonomy":"product_cat","embeddable":true,"href":"https:\/\/oragarden.de\/en\/wp-json\/wp\/v2\/product_cat?post=25522"},{"taxonomy":"product_tag","embeddable":true,"href":"https:\/\/oragarden.de\/en\/wp-json\/wp\/v2\/product_tag?post=25522"}],"curies":[{"name":"wp","href":"https:\/\/api.w.org\/{rel}","templated":true}]}}