{"id":25513,"date":"2023-07-02T08:55:59","date_gmt":"2023-07-02T09:55:59","guid":{"rendered":"https:\/\/oragarden.de\/product\/meergroothandel-chamaedorea-elegans-mexikanische-bergpalme-55-cm-o17-cm\/"},"modified":"2025-10-24T13:15:53","modified_gmt":"2025-10-24T14:15:53","slug":"meergroothandel-chamaedorea-elegans-mexikanische-bergpalme-55-cm-o17-cm","status":"publish","type":"product","link":"https:\/\/oragarden.de\/en\/product\/meergroothandel-chamaedorea-elegans-mexikanische-bergpalme-55-cm-o17-cm\/","title":{"rendered":"Meergroothandel Chamaedorea Elegans (Mexikanische Bergpalme) &#8211; 55 cm, \u00d817 cm"},"content":{"rendered":"Chamaedorea Elegans ist eine gr\u00fcne Zimmerpflanze, die in Mexiko heimisch ist. Daher ist diese Pflanze auch als mexikanische Bergpalme bekannt. \n\nStellen Sie diese Palme in den Halbschatten. Viel direktes Sonnenlicht ist nicht gut f\u00fcr die mexikanische Bergpalme. \n\nDiese Palme braucht sehr viel Wasser. Mindestens einmal pro Woche gie\u00dfen. In w\u00e4rmeren Perioden k\u00f6nnen Sie die Palme zweimal pro Woche gie\u00dfen. \n\nBitte beachten Sie: Die Pflanzen sind ein lebendes Produkt und k\u00f6nnen von den Fotos und der Beschreibung abweichen. Unsere Pflanzen werden in einem Kunststofftopf geliefert. Alle Pflanzen werden direkt von der G\u00e4rtnerei verpackt und verschickt.","protected":false},"excerpt":{"rendered":"<p>Chamaedorea Elegans ist eine gr\u00fcne Zimmerpflanze, die in Mexiko heimisch ist. Daher ist diese Pflanze auch als mexikanische Bergpalme bekannt. Stellen Sie diese Palme in den Halbschatten. Viel direktes Sonnenlicht ist nicht gut f\u00fcr die mexikanische Bergpalme. Diese Palme braucht sehr viel Wasser. Mindestens einmal pro Woche gie\u00dfen. In w\u00e4rmeren Perioden k\u00f6nnen Sie die Palme [&hellip;]<\/p>\n","protected":false},"author":3,"featured_media":25514,"comment_status":"closed","ping_status":"closed","template":"","meta":{"inline_featured_image":false},"pwb-brand":[4041],"product_cat":[4000,5181,4036],"product_tag":[6926,6927],"class_list":{"0":"post-25513","1":"product","2":"type-product","3":"status-publish","4":"has-post-thumbnail","6":"pwb-brand-meergroothandel","7":"product_cat-cat-pflanzen","8":"product_cat-cat-bergpalmen-chamaedorea","9":"product_cat-cat-zimmerpflanzen","10":"product_tag-palmen","11":"product_tag-zimmerpalmen","13":"first","14":"outofstock","15":"sale","16":"taxable","17":"shipping-taxable","18":"purchasable","19":"product-type-simple"},"acf":[],"gtin":"8720634284288","brands":[{"id":4041,"name":"MEERGroothandel","slug":"meergroothandel"}],"_links":{"self":[{"href":"https:\/\/oragarden.de\/en\/wp-json\/wp\/v2\/product\/25513","targetHints":{"allow":["GET"]}}],"collection":[{"href":"https:\/\/oragarden.de\/en\/wp-json\/wp\/v2\/product"}],"about":[{"href":"https:\/\/oragarden.de\/en\/wp-json\/wp\/v2\/types\/product"}],"author":[{"embeddable":true,"href":"https:\/\/oragarden.de\/en\/wp-json\/wp\/v2\/users\/3"}],"replies":[{"embeddable":true,"href":"https:\/\/oragarden.de\/en\/wp-json\/wp\/v2\/comments?post=25513"}],"wp:featuredmedia":[{"embeddable":true,"href":"https:\/\/oragarden.de\/en\/wp-json\/wp\/v2\/media\/25514"}],"wp:attachment":[{"href":"https:\/\/oragarden.de\/en\/wp-json\/wp\/v2\/media?parent=25513"}],"wp:term":[{"taxonomy":"pwb-brand","embeddable":true,"href":"https:\/\/oragarden.de\/en\/wp-json\/wp\/v2\/pwb-brand?post=25513"},{"taxonomy":"product_cat","embeddable":true,"href":"https:\/\/oragarden.de\/en\/wp-json\/wp\/v2\/product_cat?post=25513"},{"taxonomy":"product_tag","embeddable":true,"href":"https:\/\/oragarden.de\/en\/wp-json\/wp\/v2\/product_tag?post=25513"}],"curies":[{"name":"wp","href":"https:\/\/api.w.org\/{rel}","templated":true}]}}