{"id":25480,"date":"2023-07-02T08:51:01","date_gmt":"2023-07-02T09:51:01","guid":{"rendered":"https:\/\/oragarden.de\/product\/meergroothandel-begonia-maculata-blattbegonie-2er-set-20-cm-o12-cm\/"},"modified":"2025-10-24T13:15:50","modified_gmt":"2025-10-24T14:15:50","slug":"meergroothandel-begonia-maculata-blattbegonie-2er-set-20-cm-o12-cm","status":"publish","type":"product","link":"https:\/\/oragarden.de\/en\/product\/meergroothandel-begonia-maculata-blattbegonie-2er-set-20-cm-o12-cm\/","title":{"rendered":"Meergroothandel Begonia Maculata (Blattbegonie) 2er Set &#8211; 20 cm, \u00d812 cm"},"content":{"rendered":"Die Begonia Maculata ist eine ungew\u00c3\u00b6hnliche Zimmerpflanze. Sie erkennen die Pflanze an den wei\u00c3\u0178en Punkten auf ihren Bl\u00c3\u00a4ttern. Die Bl\u00c3\u00a4tter sind auf der Unterseite violett\/rot. Die Begonie stammt aus den tropischen Regenw\u00c3\u00a4ldern Brasiliens und hat bis zu 1800 Arten. \n\nDie Begonie ist an einen hellen Standort gew\u00c3\u00b6hnt. Obwohl die Pflanze Sonnenlicht liebt, ist es besser, sie nicht in die direkte Sonne zu stellen.\n\nDie Blumenerde f\u00c3\u00bcr diese Pflanze darf leicht feucht sein. Zwischen den Wassergaben sollte sich die Blumenerde leicht feucht anf\u00c3\u00bchlen. Wenn die Pflanze nicht gen\u00c3\u00bcgend Wasser bekommt, trocknen die Bl\u00c3\u00a4tter aus und sehen stumpf aus. \n\nBitte beachten Sie, dass es sich bei den Pflanzen um ein lebendes Produkt handelt, das von den Fotos und der Beschreibung abweichen kann. Unsere Pflanzen werden in einem Kunststofftopf geliefert. Alle Pflanzen werden direkt von der G\u00c3\u00a4rtnerei verpackt und versandt.","protected":false},"excerpt":{"rendered":"<p>Die Begonia Maculata ist eine ungew\u00c3\u00b6hnliche Zimmerpflanze. Sie erkennen die Pflanze an den wei\u00c3\u0178en Punkten auf ihren Bl\u00c3\u00a4ttern. Die Bl\u00c3\u00a4tter sind auf der Unterseite violett\/rot. Die Begonie stammt aus den tropischen Regenw\u00c3\u00a4ldern Brasiliens und hat bis zu 1800 Arten. Die Begonie ist an einen hellen Standort gew\u00c3\u00b6hnt. Obwohl die Pflanze Sonnenlicht liebt, ist es besser, [&hellip;]<\/p>\n","protected":false},"author":3,"featured_media":25481,"comment_status":"closed","ping_status":"closed","template":"","meta":{"inline_featured_image":false},"pwb-brand":[4041],"product_cat":[4000,5207,5977,4770,4036],"product_tag":[],"class_list":{"0":"post-25480","1":"product","2":"type-product","3":"status-publish","4":"has-post-thumbnail","6":"pwb-brand-meergroothandel","7":"product_cat-cat-pflanzen","8":"product_cat-cat-forellenbegonien-begonia-maculata","9":"product_cat-cat-geschenke-fur-pflanzenliebhaber-und-innen","10":"product_cat-cat-pflanzen-sets","11":"product_cat-cat-zimmerpflanzen","13":"first","14":"outofstock","15":"sale","16":"taxable","17":"shipping-taxable","18":"purchasable","19":"product-type-simple"},"acf":[],"gtin":"8720634284226","brands":[{"id":4041,"name":"MEERGroothandel","slug":"meergroothandel"}],"_links":{"self":[{"href":"https:\/\/oragarden.de\/en\/wp-json\/wp\/v2\/product\/25480","targetHints":{"allow":["GET"]}}],"collection":[{"href":"https:\/\/oragarden.de\/en\/wp-json\/wp\/v2\/product"}],"about":[{"href":"https:\/\/oragarden.de\/en\/wp-json\/wp\/v2\/types\/product"}],"author":[{"embeddable":true,"href":"https:\/\/oragarden.de\/en\/wp-json\/wp\/v2\/users\/3"}],"replies":[{"embeddable":true,"href":"https:\/\/oragarden.de\/en\/wp-json\/wp\/v2\/comments?post=25480"}],"wp:featuredmedia":[{"embeddable":true,"href":"https:\/\/oragarden.de\/en\/wp-json\/wp\/v2\/media\/25481"}],"wp:attachment":[{"href":"https:\/\/oragarden.de\/en\/wp-json\/wp\/v2\/media?parent=25480"}],"wp:term":[{"taxonomy":"pwb-brand","embeddable":true,"href":"https:\/\/oragarden.de\/en\/wp-json\/wp\/v2\/pwb-brand?post=25480"},{"taxonomy":"product_cat","embeddable":true,"href":"https:\/\/oragarden.de\/en\/wp-json\/wp\/v2\/product_cat?post=25480"},{"taxonomy":"product_tag","embeddable":true,"href":"https:\/\/oragarden.de\/en\/wp-json\/wp\/v2\/product_tag?post=25480"}],"curies":[{"name":"wp","href":"https:\/\/api.w.org\/{rel}","templated":true}]}}