{"id":25463,"date":"2023-07-02T08:50:04","date_gmt":"2023-07-02T09:50:04","guid":{"rendered":"https:\/\/oragarden.de\/product\/meergroothandel-aloe-vera-2er-set-40-cm-o-12-cm\/"},"modified":"2025-10-24T13:15:49","modified_gmt":"2025-10-24T14:15:49","slug":"meergroothandel-aloe-vera-2er-set-40-cm-o-12-cm","status":"publish","type":"product","link":"https:\/\/oragarden.de\/en\/product\/meergroothandel-aloe-vera-2er-set-40-cm-o-12-cm\/","title":{"rendered":"Meergroothandel Aloe Vera 2er Set &#8211; 40 cm, \u00d8 12 cm"},"content":{"rendered":"Die Familie der Aloe Vera ist in der Natur in allen warmen Gebieten der Welt zu finden. Diese sukkulente Pflanze ist pflegeleicht. Das Gel der Aloe Vera wird f\u00c3\u00bcr Kosmetika, Getr\u00c3\u00a4nke und Cremes verwendet. \n\nStellen Sie die Aloe Vera an einen hellen Platz in Ihrer Wohnung. Die Pflanze kann direktes Sonnenlicht vertragen und ist an trockene Luft gew\u00c3\u00b6hnt. Wenn Sie die Pflanze an einem Ort mit viel Sonnenlicht aufstellen, geben Sie ihr zus\u00c3\u00a4tzlich Wasser. \n\nIm Allgemeinen braucht die Aloe Vera nicht viel Wasser. Das Wasser wird n\u00c3\u00a4mlich in den Bl\u00c3\u00a4ttern gespeichert. Wenn die Blattspitzen rot oder braun geworden sind, k\u00c3\u00b6nnen Sie die Pflanze gie\u00c3\u0178en. Nach ein paar Tagen werden die Spitzen wieder gr\u00c3\u00bcn. Im Winter kann die Pflanze mehrere Wochen lang ohne Wasser auskommen. \n\nBitte beachten Sie, dass es sich bei den Pflanzen um ein lebendes Produkt handelt, das vom Foto und der Beschreibung abweichen kann. Unsere Pflanzen werden in einem Kunststofftopf geliefert. Alle Pflanzen werden direkt von der G\u00c3\u00a4rtnerei verpackt und verschickt.","protected":false},"excerpt":{"rendered":"<p>Die Familie der Aloe Vera ist in der Natur in allen warmen Gebieten der Welt zu finden. Diese sukkulente Pflanze ist pflegeleicht. Das Gel der Aloe Vera wird f\u00c3\u00bcr Kosmetika, Getr\u00c3\u00a4nke und Cremes verwendet. Stellen Sie die Aloe Vera an einen hellen Platz in Ihrer Wohnung. Die Pflanze kann direktes Sonnenlicht vertragen und ist an [&hellip;]<\/p>\n","protected":false},"author":3,"featured_media":25464,"comment_status":"closed","ping_status":"closed","template":"","meta":{"inline_featured_image":false},"pwb-brand":[4041],"product_cat":[4000,5977,4770,5096,4036],"product_tag":[],"class_list":{"0":"post-25463","1":"product","2":"type-product","3":"status-publish","4":"has-post-thumbnail","6":"pwb-brand-meergroothandel","7":"product_cat-cat-pflanzen","8":"product_cat-cat-geschenke-fur-pflanzenliebhaber-und-innen","9":"product_cat-cat-pflanzen-sets","10":"product_cat-cat-sukkulenten","11":"product_cat-cat-zimmerpflanzen","13":"first","14":"outofstock","15":"sale","16":"taxable","17":"shipping-taxable","18":"purchasable","19":"product-type-simple"},"acf":[],"gtin":"8720634284141","brands":[{"id":4041,"name":"MEERGroothandel","slug":"meergroothandel"}],"_links":{"self":[{"href":"https:\/\/oragarden.de\/en\/wp-json\/wp\/v2\/product\/25463","targetHints":{"allow":["GET"]}}],"collection":[{"href":"https:\/\/oragarden.de\/en\/wp-json\/wp\/v2\/product"}],"about":[{"href":"https:\/\/oragarden.de\/en\/wp-json\/wp\/v2\/types\/product"}],"author":[{"embeddable":true,"href":"https:\/\/oragarden.de\/en\/wp-json\/wp\/v2\/users\/3"}],"replies":[{"embeddable":true,"href":"https:\/\/oragarden.de\/en\/wp-json\/wp\/v2\/comments?post=25463"}],"wp:featuredmedia":[{"embeddable":true,"href":"https:\/\/oragarden.de\/en\/wp-json\/wp\/v2\/media\/25464"}],"wp:attachment":[{"href":"https:\/\/oragarden.de\/en\/wp-json\/wp\/v2\/media?parent=25463"}],"wp:term":[{"taxonomy":"pwb-brand","embeddable":true,"href":"https:\/\/oragarden.de\/en\/wp-json\/wp\/v2\/pwb-brand?post=25463"},{"taxonomy":"product_cat","embeddable":true,"href":"https:\/\/oragarden.de\/en\/wp-json\/wp\/v2\/product_cat?post=25463"},{"taxonomy":"product_tag","embeddable":true,"href":"https:\/\/oragarden.de\/en\/wp-json\/wp\/v2\/product_tag?post=25463"}],"curies":[{"name":"wp","href":"https:\/\/api.w.org\/{rel}","templated":true}]}}