{"id":25437,"date":"2023-07-02T08:46:39","date_gmt":"2023-07-02T09:46:39","guid":{"rendered":"https:\/\/oragarden.de\/product\/meergroothandel-philodendron-scandens-2er-set-5-cm-o-12-cm\/"},"modified":"2025-10-24T13:15:48","modified_gmt":"2025-10-24T14:15:48","slug":"meergroothandel-philodendron-scandens-2er-set-5-cm-o-12-cm","status":"publish","type":"product","link":"https:\/\/oragarden.de\/en\/product\/meergroothandel-philodendron-scandens-2er-set-5-cm-o-12-cm\/","title":{"rendered":"Meergroothandel Philodendron Scandens 2er Set &#8211; 5 cm, \u00d8 12 cm"},"content":{"rendered":"Der Philodendron Scandens ist in den tropischen Regenw\u00c3\u00a4ldern Mittel- und S\u00c3\u00bcdamerikas beheimatet. Es gibt viele verschiedene Arten von Philodendron. Die meisten Philodendrons sind Kletterpflanzen. In der Natur wachsen sie mit ihren Luftwurzeln nach oben, um Licht einzufangen. \r\n\r\nPhilodendren k\u00c3\u00b6nnen auch an einem schattigen Platz stehen, aber diese Zimmerpflanze bevorzugt einen Platz mit viel indirektem Licht. \r\n\r\nDie Blumenerde darf leicht feucht bleiben, ohne eine Wasserschicht auf der Erde zu hinterlassen. Gie\u00c3\u0178en Sie den Philodendron ein- bis zweimal pro Woche. Achten Sie darauf, ob es Sommer oder Winter ist. Im Winter braucht die Pflanze weniger Wasser. Bespr\u00c3\u00bchen Sie die Pflanze regelm\u00c3\u00a4\u00c3\u0178ig mit einem Pflanzenspr\u00c3\u00bcher, um die tropische Luftfeuchtigkeit zu imitieren. \r\n\r\nBitte beachten Sie, dass es sich bei den Pflanzen um ein lebendes Produkt handelt, das von den Fotos und der Beschreibung abweichen kann. Unsere Pflanzen werden in einem Kunststofftopf geliefert. Alle Pflanzen werden direkt von der G\u00c3\u00a4rtnerei verpackt und versandt.","protected":false},"excerpt":{"rendered":"<p>Der Philodendron Scandens ist in den tropischen Regenw\u00c3\u00a4ldern Mittel- und S\u00c3\u00bcdamerikas beheimatet. Es gibt viele verschiedene Arten von Philodendron. Die meisten Philodendrons sind Kletterpflanzen. In der Natur wachsen sie mit ihren Luftwurzeln nach oben, um Licht einzufangen. Philodendren k\u00c3\u00b6nnen auch an einem schattigen Platz stehen, aber diese Zimmerpflanze bevorzugt einen Platz mit viel indirektem Licht. [&hellip;]<\/p>\n","protected":false},"author":3,"featured_media":25438,"comment_status":"closed","ping_status":"closed","template":"","meta":{"inline_featured_image":false},"pwb-brand":[4041],"product_cat":[5977,4770,5104],"product_tag":[],"class_list":{"0":"post-25437","1":"product","2":"type-product","3":"status-publish","4":"has-post-thumbnail","6":"pwb-brand-meergroothandel","7":"product_cat-cat-geschenke-fur-pflanzenliebhaber-und-innen","8":"product_cat-cat-pflanzen-sets","9":"product_cat-cat-philodendren","11":"first","12":"outofstock","13":"sale","14":"taxable","15":"shipping-taxable","16":"purchasable","17":"product-type-simple"},"acf":[],"gtin":"8720634284967","brands":[{"id":4041,"name":"MEERGroothandel","slug":"meergroothandel"}],"_links":{"self":[{"href":"https:\/\/oragarden.de\/en\/wp-json\/wp\/v2\/product\/25437","targetHints":{"allow":["GET"]}}],"collection":[{"href":"https:\/\/oragarden.de\/en\/wp-json\/wp\/v2\/product"}],"about":[{"href":"https:\/\/oragarden.de\/en\/wp-json\/wp\/v2\/types\/product"}],"author":[{"embeddable":true,"href":"https:\/\/oragarden.de\/en\/wp-json\/wp\/v2\/users\/3"}],"replies":[{"embeddable":true,"href":"https:\/\/oragarden.de\/en\/wp-json\/wp\/v2\/comments?post=25437"}],"wp:featuredmedia":[{"embeddable":true,"href":"https:\/\/oragarden.de\/en\/wp-json\/wp\/v2\/media\/25438"}],"wp:attachment":[{"href":"https:\/\/oragarden.de\/en\/wp-json\/wp\/v2\/media?parent=25437"}],"wp:term":[{"taxonomy":"pwb-brand","embeddable":true,"href":"https:\/\/oragarden.de\/en\/wp-json\/wp\/v2\/pwb-brand?post=25437"},{"taxonomy":"product_cat","embeddable":true,"href":"https:\/\/oragarden.de\/en\/wp-json\/wp\/v2\/product_cat?post=25437"},{"taxonomy":"product_tag","embeddable":true,"href":"https:\/\/oragarden.de\/en\/wp-json\/wp\/v2\/product_tag?post=25437"}],"curies":[{"name":"wp","href":"https:\/\/api.w.org\/{rel}","templated":true}]}}