{"id":25397,"date":"2023-07-02T08:44:38","date_gmt":"2023-07-02T09:44:38","guid":{"rendered":"https:\/\/oragarden.de\/product\/meergroothandel-philodendron-scandens-brasil-15-cm-o-12-cm\/"},"modified":"2025-10-24T13:15:44","modified_gmt":"2025-10-24T14:15:44","slug":"meergroothandel-philodendron-scandens-brasil-15-cm-o-12-cm","status":"publish","type":"product","link":"https:\/\/oragarden.de\/en\/product\/meergroothandel-philodendron-scandens-brasil-15-cm-o-12-cm\/","title":{"rendered":"Meergroothandel Philodendron Scandens Brasil &#8211; 15 cm, \u00d8 12 cm"},"content":{"rendered":"Diese Philodendron-Pflanze wird in einem Topf mit 12 cm Durchmesser geliefert.Die aktuelle H\u00f6he dieser Philodendron-Pflanze betr\u00e4gt ungef\u00e4hr 20 cm.Sie bevorzugt einen Standort im Halbschatten, was sie zu einer idealen Zimmerpflanze macht.Die Pflege von Philodendron ist einfach, wodurch sie f\u00fcr Pflanzenliebhaber eine pflegeleichte Option darstellt.Die Philodendron-Pflanze zeichnet sich durch sch\u00f6ne, gl\u00e4nzende Bl\u00e4tter aus, die jedem Raum Eleganz verleihen.","protected":false},"excerpt":{"rendered":"<p>Diese Philodendron-Pflanze wird in einem Topf mit 12 cm Durchmesser geliefert.Die aktuelle H\u00f6he dieser Philodendron-Pflanze betr\u00e4gt ungef\u00e4hr 20 cm.Sie bevorzugt einen Standort im Halbschatten, was sie zu einer idealen Zimmerpflanze macht.Die Pflege von Philodendron ist einfach, wodurch sie f\u00fcr Pflanzenliebhaber eine pflegeleichte Option darstellt.Die Philodendron-Pflanze zeichnet sich durch sch\u00f6ne, gl\u00e4nzende Bl\u00e4tter aus, die jedem Raum [&hellip;]<\/p>\n","protected":false},"author":3,"featured_media":25398,"comment_status":"closed","ping_status":"closed","template":"","meta":{"inline_featured_image":false},"pwb-brand":[4041],"product_cat":[5104],"product_tag":[],"class_list":{"0":"post-25397","1":"product","2":"type-product","3":"status-publish","4":"has-post-thumbnail","6":"pwb-brand-meergroothandel","7":"product_cat-cat-philodendren","9":"first","10":"outofstock","11":"sale","12":"taxable","13":"shipping-taxable","14":"purchasable","15":"product-type-simple"},"acf":[],"gtin":"8720634284974","brands":[{"id":4041,"name":"MEERGroothandel","slug":"meergroothandel"}],"_links":{"self":[{"href":"https:\/\/oragarden.de\/en\/wp-json\/wp\/v2\/product\/25397","targetHints":{"allow":["GET"]}}],"collection":[{"href":"https:\/\/oragarden.de\/en\/wp-json\/wp\/v2\/product"}],"about":[{"href":"https:\/\/oragarden.de\/en\/wp-json\/wp\/v2\/types\/product"}],"author":[{"embeddable":true,"href":"https:\/\/oragarden.de\/en\/wp-json\/wp\/v2\/users\/3"}],"replies":[{"embeddable":true,"href":"https:\/\/oragarden.de\/en\/wp-json\/wp\/v2\/comments?post=25397"}],"wp:featuredmedia":[{"embeddable":true,"href":"https:\/\/oragarden.de\/en\/wp-json\/wp\/v2\/media\/25398"}],"wp:attachment":[{"href":"https:\/\/oragarden.de\/en\/wp-json\/wp\/v2\/media?parent=25397"}],"wp:term":[{"taxonomy":"pwb-brand","embeddable":true,"href":"https:\/\/oragarden.de\/en\/wp-json\/wp\/v2\/pwb-brand?post=25397"},{"taxonomy":"product_cat","embeddable":true,"href":"https:\/\/oragarden.de\/en\/wp-json\/wp\/v2\/product_cat?post=25397"},{"taxonomy":"product_tag","embeddable":true,"href":"https:\/\/oragarden.de\/en\/wp-json\/wp\/v2\/product_tag?post=25397"}],"curies":[{"name":"wp","href":"https:\/\/api.w.org\/{rel}","templated":true}]}}