{"id":25392,"date":"2023-07-02T08:44:06","date_gmt":"2023-07-02T09:44:06","guid":{"rendered":"https:\/\/oragarden.de\/product\/xxl-plants-philodendron-green-beauty-120-cm-%e2%8c%80-30-cm\/"},"modified":"2025-10-24T13:15:44","modified_gmt":"2025-10-24T14:15:44","slug":"xxl-plants-philodendron-green-beauty-120-cm-%e2%8c%80-30-cm","status":"publish","type":"product","link":"https:\/\/oragarden.de\/en\/product\/xxl-plants-philodendron-green-beauty-120-cm-%e2%8c%80-30-cm\/","title":{"rendered":"Xxl Plants Philodendron Green Beauty &#8211; 120 cm, \u00d8 30 cm"},"content":{"rendered":"Der Philodendron Green Beauty stammt, wie viele andere Arten der Philodendron-Familie, aus den Regenw\u00e4ldern S\u00fcdamerikas. Sie haben keinen gr\u00fcnen Daumen oder wenig Zeit f\u00fcr die Pflege von Zimmerpflanzen? Dann ist der Philodendron Green Beauty die perfekte Zimmerpflanze f\u00fcr Sie. Diese bastardfeste Zimmerpflanze ben\u00f6tigt nicht viel Pflege. Geben Sie dieser Philodendron Green Beauty jede Woche ausreichend Wasser. F\u00fchlen Sie regelm\u00e4\u00dfig, ob sich die Blumenerde leicht feucht anf\u00fchlt, um sicherzustellen, dass Sie Ihre Zimmerpflanze ausreichend gie\u00dfen. Diese Zimmerpflanze w\u00e4chst urspr\u00fcnglich auf dem Grund des Regenwaldes im Schatten von B\u00e4umen. Sie vertr\u00e4gt daher kein helles Sonnenlicht und h\u00e4lt sich bevorzugt im Schatten auf. Achten Sie darauf, wenn Sie den Philodendron Green Beauty platzieren.","protected":false},"excerpt":{"rendered":"<p>Der Philodendron Green Beauty stammt, wie viele andere Arten der Philodendron-Familie, aus den Regenw\u00e4ldern S\u00fcdamerikas. Sie haben keinen gr\u00fcnen Daumen oder wenig Zeit f\u00fcr die Pflege von Zimmerpflanzen? Dann ist der Philodendron Green Beauty die perfekte Zimmerpflanze f\u00fcr Sie. Diese bastardfeste Zimmerpflanze ben\u00f6tigt nicht viel Pflege. Geben Sie dieser Philodendron Green Beauty jede Woche ausreichend [&hellip;]<\/p>\n","protected":false},"author":3,"featured_media":25393,"comment_status":"closed","ping_status":"closed","template":"","meta":{"inline_featured_image":false},"pwb-brand":[4056],"product_cat":[5104],"product_tag":[],"class_list":{"0":"post-25392","1":"product","2":"type-product","3":"status-publish","4":"has-post-thumbnail","6":"pwb-brand-xxl-plants","7":"product_cat-cat-philodendren","9":"first","10":"outofstock","11":"sale","12":"taxable","13":"shipping-taxable","14":"purchasable","15":"product-type-simple"},"acf":[],"gtin":"8720195205494","brands":[{"id":4056,"name":"Xxl Plants","slug":"xxl-plants"}],"_links":{"self":[{"href":"https:\/\/oragarden.de\/en\/wp-json\/wp\/v2\/product\/25392","targetHints":{"allow":["GET"]}}],"collection":[{"href":"https:\/\/oragarden.de\/en\/wp-json\/wp\/v2\/product"}],"about":[{"href":"https:\/\/oragarden.de\/en\/wp-json\/wp\/v2\/types\/product"}],"author":[{"embeddable":true,"href":"https:\/\/oragarden.de\/en\/wp-json\/wp\/v2\/users\/3"}],"replies":[{"embeddable":true,"href":"https:\/\/oragarden.de\/en\/wp-json\/wp\/v2\/comments?post=25392"}],"wp:featuredmedia":[{"embeddable":true,"href":"https:\/\/oragarden.de\/en\/wp-json\/wp\/v2\/media\/25393"}],"wp:attachment":[{"href":"https:\/\/oragarden.de\/en\/wp-json\/wp\/v2\/media?parent=25392"}],"wp:term":[{"taxonomy":"pwb-brand","embeddable":true,"href":"https:\/\/oragarden.de\/en\/wp-json\/wp\/v2\/pwb-brand?post=25392"},{"taxonomy":"product_cat","embeddable":true,"href":"https:\/\/oragarden.de\/en\/wp-json\/wp\/v2\/product_cat?post=25392"},{"taxonomy":"product_tag","embeddable":true,"href":"https:\/\/oragarden.de\/en\/wp-json\/wp\/v2\/product_tag?post=25392"}],"curies":[{"name":"wp","href":"https:\/\/api.w.org\/{rel}","templated":true}]}}