{"id":25383,"date":"2023-07-02T08:43:45","date_gmt":"2023-07-02T09:43:45","guid":{"rendered":"https:\/\/oragarden.de\/product\/meergroothandel-dieffenbachia-tropic-snow-dieb-von-bagdad-60-cm-o19-cm\/"},"modified":"2025-10-24T13:15:44","modified_gmt":"2025-10-24T14:15:44","slug":"meergroothandel-dieffenbachia-tropic-snow-dieb-von-bagdad-60-cm-o19-cm","status":"publish","type":"product","link":"https:\/\/oragarden.de\/en\/product\/meergroothandel-dieffenbachia-tropic-snow-dieb-von-bagdad-60-cm-o19-cm\/","title":{"rendered":"Meergroothandel Dieffenbachia Tropic Snow (Dieb von Bagdad) &#8211; 60 cm, \u00d819 cm"},"content":{"rendered":"Die Dieffenbachia Tropic Snow ist eine kr\u00e4ftige, luftreinigende Zimmerpflanze. Diese Pflanze ist im Amazonasgebiet beheimatet. \r\n\r\nStellen Sie die Dieffenbachia an einen Platz im Halbschatten. Im Winter kann die Pflanze an einen etwas helleren Platz gestellt werden, zum Beispiel in der N\u00e4he des Fensters. Wenn die Bl\u00e4tter ihre Farbe verlieren, erh\u00e4lt die Pflanze zu viel direktes Licht. \r\n\r\nAchten Sie darauf, dass sich die Blumenerde immer leicht feucht anf\u00fchlt. Geben Sie der Dieffenbachia zweimal pro Woche eine kleine Menge Wasser. Im Winter ist es kein Problem, wenn die Erde ein wenig austrocknet, bevor Sie die Pflanze wieder gie\u00dfen. Bespr\u00fchen Sie diese Zimmerpflanze auch regelm\u00e4\u00dfig mit einem Pflanzenspr\u00fcher, damit die Bl\u00e4tter sch\u00f6n bleiben. \r\n\r\n\r\nBitte beachten Sie, dass es sich bei den Pflanzen um ein lebendes Produkt handelt, das von den Fotos und der Beschreibung abweichen kann. Unsere Pflanzen werden in einem Kunststofftopf geliefert. Alle Pflanzen werden direkt von der G\u00e4rtnerei verpackt und versandt.","protected":false},"excerpt":{"rendered":"<p>Die Dieffenbachia Tropic Snow ist eine kr\u00e4ftige, luftreinigende Zimmerpflanze. Diese Pflanze ist im Amazonasgebiet beheimatet. Stellen Sie die Dieffenbachia an einen Platz im Halbschatten. Im Winter kann die Pflanze an einen etwas helleren Platz gestellt werden, zum Beispiel in der N\u00e4he des Fensters. Wenn die Bl\u00e4tter ihre Farbe verlieren, erh\u00e4lt die Pflanze zu viel direktes [&hellip;]<\/p>\n","protected":false},"author":3,"featured_media":25384,"comment_status":"closed","ping_status":"closed","template":"","meta":{"inline_featured_image":false},"pwb-brand":[4041],"product_cat":[4000,5209,4036],"product_tag":[],"class_list":{"0":"post-25383","1":"product","2":"type-product","3":"status-publish","4":"has-post-thumbnail","6":"pwb-brand-meergroothandel","7":"product_cat-cat-pflanzen","8":"product_cat-cat-dieffenbachia","9":"product_cat-cat-zimmerpflanzen","11":"first","12":"outofstock","13":"sale","14":"taxable","15":"shipping-taxable","16":"purchasable","17":"product-type-simple"},"acf":[],"gtin":"8720634284363","brands":[{"id":4041,"name":"MEERGroothandel","slug":"meergroothandel"}],"_links":{"self":[{"href":"https:\/\/oragarden.de\/en\/wp-json\/wp\/v2\/product\/25383","targetHints":{"allow":["GET"]}}],"collection":[{"href":"https:\/\/oragarden.de\/en\/wp-json\/wp\/v2\/product"}],"about":[{"href":"https:\/\/oragarden.de\/en\/wp-json\/wp\/v2\/types\/product"}],"author":[{"embeddable":true,"href":"https:\/\/oragarden.de\/en\/wp-json\/wp\/v2\/users\/3"}],"replies":[{"embeddable":true,"href":"https:\/\/oragarden.de\/en\/wp-json\/wp\/v2\/comments?post=25383"}],"wp:featuredmedia":[{"embeddable":true,"href":"https:\/\/oragarden.de\/en\/wp-json\/wp\/v2\/media\/25384"}],"wp:attachment":[{"href":"https:\/\/oragarden.de\/en\/wp-json\/wp\/v2\/media?parent=25383"}],"wp:term":[{"taxonomy":"pwb-brand","embeddable":true,"href":"https:\/\/oragarden.de\/en\/wp-json\/wp\/v2\/pwb-brand?post=25383"},{"taxonomy":"product_cat","embeddable":true,"href":"https:\/\/oragarden.de\/en\/wp-json\/wp\/v2\/product_cat?post=25383"},{"taxonomy":"product_tag","embeddable":true,"href":"https:\/\/oragarden.de\/en\/wp-json\/wp\/v2\/product_tag?post=25383"}],"curies":[{"name":"wp","href":"https:\/\/api.w.org\/{rel}","templated":true}]}}