{"id":25357,"date":"2023-07-02T08:41:17","date_gmt":"2023-07-02T09:41:17","guid":{"rendered":"https:\/\/oragarden.de\/product\/meergroothandel-spathiphyllum-loeffelpflanze-45-cm-o12-cm\/"},"modified":"2025-10-24T13:15:42","modified_gmt":"2025-10-24T14:15:42","slug":"meergroothandel-spathiphyllum-loeffelpflanze-45-cm-o12-cm","status":"publish","type":"product","link":"https:\/\/oragarden.de\/en\/product\/meergroothandel-spathiphyllum-loeffelpflanze-45-cm-o12-cm\/","title":{"rendered":"Meergroothandel Spathiphyllum (L\u00f6ffelpflanze) &#8211; 45 cm, \u00d812 cm"},"content":{"rendered":"Das Spathiphyllum ist in den Niederlanden besser als L\u00f6ffelpflanze bekannt. Die Pflanze verdankt ihren Spitznamen der Form ihrer wei\u00dfen Bl\u00fcten. Diese Zimmerpflanze verdankt ihre Beliebtheit ihren luftreinigenden Eigenschaften. \n\nStellen Sie diese Zimmerpflanze an einen hellen Platz, aber nicht in die pralle Sonne. In voller Sonne verbrennen die Bl\u00e4tter der Pflanze. \n\nDiese Pflanze stammt urspr\u00fcnglich aus einem tropischen Klima und liebt Wasser. Halten Sie die Erde der Zimmerpflanze feucht, indem Sie sie einmal pro Woche gie\u00dfen. In den Sommermonaten k\u00f6nnen Sie die Pflanze zweimal pro Woche gie\u00dfen. \n\nBitte beachten Sie, dass es sich bei den Pflanzen um ein lebendes Produkt handelt, das von den Fotos und der Beschreibung abweichen kann. Unsere Pflanzen werden in einem Kunststofftopf geliefert. Alle Pflanzen werden direkt von der G\u00e4rtnerei verpackt und versandt.","protected":false},"excerpt":{"rendered":"<p>Das Spathiphyllum ist in den Niederlanden besser als L\u00f6ffelpflanze bekannt. Die Pflanze verdankt ihren Spitznamen der Form ihrer wei\u00dfen Bl\u00fcten. Diese Zimmerpflanze verdankt ihre Beliebtheit ihren luftreinigenden Eigenschaften. Stellen Sie diese Zimmerpflanze an einen hellen Platz, aber nicht in die pralle Sonne. In voller Sonne verbrennen die Bl\u00e4tter der Pflanze. Diese Pflanze stammt urspr\u00fcnglich aus [&hellip;]<\/p>\n","protected":false},"author":3,"featured_media":25358,"comment_status":"closed","ping_status":"closed","template":"","meta":{"inline_featured_image":false},"pwb-brand":[4041],"product_cat":[4000,5161,4036],"product_tag":[],"class_list":{"0":"post-25357","1":"product","2":"type-product","3":"status-publish","4":"has-post-thumbnail","6":"pwb-brand-meergroothandel","7":"product_cat-cat-pflanzen","8":"product_cat-cat-einblatt-spathiphyllum","9":"product_cat-cat-zimmerpflanzen","11":"first","12":"outofstock","13":"sale","14":"taxable","15":"shipping-taxable","16":"purchasable","17":"product-type-simple"},"acf":[],"gtin":"8720634285322","brands":[{"id":4041,"name":"MEERGroothandel","slug":"meergroothandel"}],"_links":{"self":[{"href":"https:\/\/oragarden.de\/en\/wp-json\/wp\/v2\/product\/25357","targetHints":{"allow":["GET"]}}],"collection":[{"href":"https:\/\/oragarden.de\/en\/wp-json\/wp\/v2\/product"}],"about":[{"href":"https:\/\/oragarden.de\/en\/wp-json\/wp\/v2\/types\/product"}],"author":[{"embeddable":true,"href":"https:\/\/oragarden.de\/en\/wp-json\/wp\/v2\/users\/3"}],"replies":[{"embeddable":true,"href":"https:\/\/oragarden.de\/en\/wp-json\/wp\/v2\/comments?post=25357"}],"wp:featuredmedia":[{"embeddable":true,"href":"https:\/\/oragarden.de\/en\/wp-json\/wp\/v2\/media\/25358"}],"wp:attachment":[{"href":"https:\/\/oragarden.de\/en\/wp-json\/wp\/v2\/media?parent=25357"}],"wp:term":[{"taxonomy":"pwb-brand","embeddable":true,"href":"https:\/\/oragarden.de\/en\/wp-json\/wp\/v2\/pwb-brand?post=25357"},{"taxonomy":"product_cat","embeddable":true,"href":"https:\/\/oragarden.de\/en\/wp-json\/wp\/v2\/product_cat?post=25357"},{"taxonomy":"product_tag","embeddable":true,"href":"https:\/\/oragarden.de\/en\/wp-json\/wp\/v2\/product_tag?post=25357"}],"curies":[{"name":"wp","href":"https:\/\/api.w.org\/{rel}","templated":true}]}}