{"id":25330,"date":"2023-07-02T08:39:48","date_gmt":"2023-07-02T09:39:48","guid":{"rendered":"https:\/\/oragarden.de\/product\/vda-plant-yucca-90-cm-o17-cm\/"},"modified":"2025-10-24T13:15:41","modified_gmt":"2025-10-24T14:15:41","slug":"vda-plant-yucca-90-cm-o17-cm","status":"publish","type":"product","link":"https:\/\/oragarden.de\/en\/product\/vda-plant-yucca-90-cm-o17-cm\/","title":{"rendered":"Vda Plant Yucca &#8211; 90 cm, \u00d817 cm"},"content":{"rendered":"<h3>\u00dcber die Yucca<\/h3>\r\nDie Yucca, auch Palmlilie genannt, ist in Nord- und S\u00fcdamerika heimisch. Die Zimmerpflanze ist sehr robust und pflegeleicht. Ideal, wenn Sie weniger Zeit haben, sich um Ihre Zimmerpflanzen zu k\u00fcmmern!\r\n<h3>Yuccas frisch aus der Baumschule<\/h3>\r\nDie Alluccas werden direkt von der G\u00e4rtnerei an Ihre Adresse versandt. Auf diese Weise erhalten Sie die frischesten Pflanzen auf die nachhaltigste Weise.\r\n<h3>Luftreinigung der Yucca<\/h3>\r\nDie Yucca ist ein echter Luftreiniger. Perfekt f\u00fcr die Schaffung eines gesunden und angenehmen Raumklimas.\r\n<h3>Yucca-Pflege<\/h3>\r\nDie Yucca ist pflegeleicht und braucht nicht viel Wasser, einmal alle 14 Tage etwas gie\u00dfen reicht aus. Achten Sie darauf, dass keine Wasserschicht am Boden des Topfes zur\u00fcckbleibt. Dies kann zu Wurzelf\u00e4ule f\u00fchren, und die Pflanze entwickelt braune Bl\u00e4tter. Dieses Produkt ben\u00f6tigt einen sonnigen Standort und eine Temperatur zwischen 15 und 24 \u00b0C. Die Palmlilie sieht am besten aus.\r\n<h3>Verpackung und Lieferung der Yucca<\/h3>\r\nDie Yucca wird in einer speziell entworfenen Schachtel versandt. Auf diese Weise stellen wir sicher, dass die Pflanze so schnell wie m\u00f6glich und sauber zu Ihnen kommt. Wurde die Pflanze besch\u00e4digt? Dann schicken wir Ihnen kostenlos eine neue Zimmerpflanze!","protected":false},"excerpt":{"rendered":"<p>\u00dcber die Yucca Die Yucca, auch Palmlilie genannt, ist in Nord- und S\u00fcdamerika heimisch. Die Zimmerpflanze ist sehr robust und pflegeleicht. Ideal, wenn Sie weniger Zeit haben, sich um Ihre Zimmerpflanzen zu k\u00fcmmern! Yuccas frisch aus der Baumschule Die Alluccas werden direkt von der G\u00e4rtnerei an Ihre Adresse versandt. Auf diese Weise erhalten Sie die [&hellip;]<\/p>\n","protected":false},"author":3,"featured_media":25331,"comment_status":"closed","ping_status":"closed","template":"","meta":{"inline_featured_image":false},"pwb-brand":[5107],"product_cat":[5129],"product_tag":[],"class_list":{"0":"post-25330","1":"product","2":"type-product","3":"status-publish","4":"has-post-thumbnail","6":"pwb-brand-vda-plant","7":"product_cat-cat-palmlilien-yucca","9":"first","10":"outofstock","11":"sale","12":"taxable","13":"shipping-taxable","14":"purchasable","15":"product-type-simple"},"acf":[],"gtin":"8720634280204","brands":[{"id":5107,"name":"Vda Plant","slug":"vda-plant"}],"_links":{"self":[{"href":"https:\/\/oragarden.de\/en\/wp-json\/wp\/v2\/product\/25330","targetHints":{"allow":["GET"]}}],"collection":[{"href":"https:\/\/oragarden.de\/en\/wp-json\/wp\/v2\/product"}],"about":[{"href":"https:\/\/oragarden.de\/en\/wp-json\/wp\/v2\/types\/product"}],"author":[{"embeddable":true,"href":"https:\/\/oragarden.de\/en\/wp-json\/wp\/v2\/users\/3"}],"replies":[{"embeddable":true,"href":"https:\/\/oragarden.de\/en\/wp-json\/wp\/v2\/comments?post=25330"}],"wp:featuredmedia":[{"embeddable":true,"href":"https:\/\/oragarden.de\/en\/wp-json\/wp\/v2\/media\/25331"}],"wp:attachment":[{"href":"https:\/\/oragarden.de\/en\/wp-json\/wp\/v2\/media?parent=25330"}],"wp:term":[{"taxonomy":"pwb-brand","embeddable":true,"href":"https:\/\/oragarden.de\/en\/wp-json\/wp\/v2\/pwb-brand?post=25330"},{"taxonomy":"product_cat","embeddable":true,"href":"https:\/\/oragarden.de\/en\/wp-json\/wp\/v2\/product_cat?post=25330"},{"taxonomy":"product_tag","embeddable":true,"href":"https:\/\/oragarden.de\/en\/wp-json\/wp\/v2\/product_tag?post=25330"}],"curies":[{"name":"wp","href":"https:\/\/api.w.org\/{rel}","templated":true}]}}