{"id":25294,"date":"2023-07-02T08:37:51","date_gmt":"2023-07-02T09:37:51","guid":{"rendered":"https:\/\/oragarden.de\/product\/meergroothandel-yucca-elephantipes-palmlilie-95-cm-o21-cm\/"},"modified":"2025-10-24T13:15:39","modified_gmt":"2025-10-24T14:15:39","slug":"meergroothandel-yucca-elephantipes-palmlilie-95-cm-o21-cm","status":"publish","type":"product","link":"https:\/\/oragarden.de\/en\/product\/meergroothandel-yucca-elephantipes-palmlilie-95-cm-o21-cm\/","title":{"rendered":"Meergroothandel Yucca Elephantipes Palmlilie &#8211; 95 cm, \u00d821 cm"},"content":{"rendered":"Die Yucca Elephantipes geh\u00f6rt zur Familie der Yuccas. Diese Zimmerpflanze stammt urspr\u00fcnglich aus Lateinamerika, wo Yuccas in freier Wildbahn sehr gro\u00df werden. \r\n\r\nDie Yucca kommt gut mit Sonnenlicht zurecht. Seien Sie anfangs vorsichtig mit direktem Sonnenlicht und gew\u00f6hnen Sie die Pflanze langsam daran. Die Yucca Elephantipes ben\u00f6tigt mindestens f\u00fcnf Stunden direktes Sonnenlicht pro Tag. \r\n\r\nDiese Zimmerpflanze ist an ein trockenes Klima gew\u00f6hnt und kann daher ohne Wasser auskommen. In w\u00e4rmeren Perioden braucht die Yucca mehr Wasser, aber im Winter kann diese Pflanze 4 bis 6 Wochen ohne Wasser auskommen. \r\n\r\nBitte beachten Sie, dass es sich bei den Pflanzen um ein lebendes Produkt handelt, das von den Fotos und der Beschreibung abweichen kann. Unsere Pflanzen werden in einem Kunststofftopf geliefert. Alle Pflanzen werden direkt von der G\u00e4rtnerei verpackt und versandt.","protected":false},"excerpt":{"rendered":"<p>Die Yucca Elephantipes geh\u00f6rt zur Familie der Yuccas. Diese Zimmerpflanze stammt urspr\u00fcnglich aus Lateinamerika, wo Yuccas in freier Wildbahn sehr gro\u00df werden. Die Yucca kommt gut mit Sonnenlicht zurecht. Seien Sie anfangs vorsichtig mit direktem Sonnenlicht und gew\u00f6hnen Sie die Pflanze langsam daran. Die Yucca Elephantipes ben\u00f6tigt mindestens f\u00fcnf Stunden direktes Sonnenlicht pro Tag. Diese [&hellip;]<\/p>\n","protected":false},"author":3,"featured_media":25295,"comment_status":"closed","ping_status":"closed","template":"","meta":{"inline_featured_image":false},"pwb-brand":[4041],"product_cat":[5129],"product_tag":[],"class_list":{"0":"post-25294","1":"product","2":"type-product","3":"status-publish","4":"has-post-thumbnail","6":"pwb-brand-meergroothandel","7":"product_cat-cat-palmlilien-yucca","9":"first","10":"outofstock","11":"sale","12":"taxable","13":"shipping-taxable","14":"purchasable","15":"product-type-simple"},"acf":[],"gtin":"8720634285506","brands":[{"id":4041,"name":"MEERGroothandel","slug":"meergroothandel"}],"_links":{"self":[{"href":"https:\/\/oragarden.de\/en\/wp-json\/wp\/v2\/product\/25294","targetHints":{"allow":["GET"]}}],"collection":[{"href":"https:\/\/oragarden.de\/en\/wp-json\/wp\/v2\/product"}],"about":[{"href":"https:\/\/oragarden.de\/en\/wp-json\/wp\/v2\/types\/product"}],"author":[{"embeddable":true,"href":"https:\/\/oragarden.de\/en\/wp-json\/wp\/v2\/users\/3"}],"replies":[{"embeddable":true,"href":"https:\/\/oragarden.de\/en\/wp-json\/wp\/v2\/comments?post=25294"}],"wp:featuredmedia":[{"embeddable":true,"href":"https:\/\/oragarden.de\/en\/wp-json\/wp\/v2\/media\/25295"}],"wp:attachment":[{"href":"https:\/\/oragarden.de\/en\/wp-json\/wp\/v2\/media?parent=25294"}],"wp:term":[{"taxonomy":"pwb-brand","embeddable":true,"href":"https:\/\/oragarden.de\/en\/wp-json\/wp\/v2\/pwb-brand?post=25294"},{"taxonomy":"product_cat","embeddable":true,"href":"https:\/\/oragarden.de\/en\/wp-json\/wp\/v2\/product_cat?post=25294"},{"taxonomy":"product_tag","embeddable":true,"href":"https:\/\/oragarden.de\/en\/wp-json\/wp\/v2\/product_tag?post=25294"}],"curies":[{"name":"wp","href":"https:\/\/api.w.org\/{rel}","templated":true}]}}