{"id":25291,"date":"2023-07-02T08:37:20","date_gmt":"2023-07-02T09:37:20","guid":{"rendered":"https:\/\/oragarden.de\/product\/son-koot-yucca-glor-bright-star-20-cm-o13-cm\/"},"modified":"2025-10-24T13:15:38","modified_gmt":"2025-10-24T14:15:38","slug":"son-koot-yucca-glor-bright-star-20-cm-o13-cm","status":"publish","type":"product","link":"https:\/\/oragarden.de\/en\/product\/son-koot-yucca-glor-bright-star-20-cm-o13-cm\/","title":{"rendered":"Son &#038; Koot Yucca Glor. Bright Star &#8211; 20 cm, \u00d813 cm"},"content":{"rendered":"Die Yucca gloriosa \u201eBright Star\u201c ist eine dekorative, immergr\u00fcne Pflanze mit wundersch\u00f6nen Bl\u00e4ttern. Die jungen Bl\u00e4tter haben einen reizvollen gelben Rand, der sich sp\u00e4ter cr\u00e8megelb verf\u00e4rbt. Bei K\u00e4lte oder Trockenheit bekommt die Pflanze einen auffallenden rosa Farbton. Wenn sie \u00e4lter wird, erscheint ein langer Bl\u00fctenst\u00e4ngel mit wei\u00dfen Bl\u00fcten, die sich aus rosa get\u00f6nten Knospen entfalten. Die Yucca bevorzugt einen sonnigen Standort auf gut wasserdurchl\u00e4ssigem Boden. Bei Pflanzung im Garten ist sie bis -12 \u00b0C winterhart.","protected":false},"excerpt":{"rendered":"<p>Die Yucca gloriosa \u201eBright Star\u201c ist eine dekorative, immergr\u00fcne Pflanze mit wundersch\u00f6nen Bl\u00e4ttern. Die jungen Bl\u00e4tter haben einen reizvollen gelben Rand, der sich sp\u00e4ter cr\u00e8megelb verf\u00e4rbt. Bei K\u00e4lte oder Trockenheit bekommt die Pflanze einen auffallenden rosa Farbton. Wenn sie \u00e4lter wird, erscheint ein langer Bl\u00fctenst\u00e4ngel mit wei\u00dfen Bl\u00fcten, die sich aus rosa get\u00f6nten Knospen entfalten. [&hellip;]<\/p>\n","protected":false},"author":3,"featured_media":25292,"comment_status":"closed","ping_status":"closed","template":"","meta":{"inline_featured_image":false},"pwb-brand":[4932],"product_cat":[5129],"product_tag":[],"class_list":{"0":"post-25291","1":"product","2":"type-product","3":"status-publish","4":"has-post-thumbnail","6":"pwb-brand-son-koot","7":"product_cat-cat-palmlilien-yucca","9":"first","10":"outofstock","11":"sale","12":"taxable","13":"shipping-taxable","14":"purchasable","15":"product-type-simple"},"acf":[],"gtin":"8718182418989","brands":[{"id":4932,"name":"Son &amp; Koot","slug":"son-koot"}],"_links":{"self":[{"href":"https:\/\/oragarden.de\/en\/wp-json\/wp\/v2\/product\/25291","targetHints":{"allow":["GET"]}}],"collection":[{"href":"https:\/\/oragarden.de\/en\/wp-json\/wp\/v2\/product"}],"about":[{"href":"https:\/\/oragarden.de\/en\/wp-json\/wp\/v2\/types\/product"}],"author":[{"embeddable":true,"href":"https:\/\/oragarden.de\/en\/wp-json\/wp\/v2\/users\/3"}],"replies":[{"embeddable":true,"href":"https:\/\/oragarden.de\/en\/wp-json\/wp\/v2\/comments?post=25291"}],"wp:featuredmedia":[{"embeddable":true,"href":"https:\/\/oragarden.de\/en\/wp-json\/wp\/v2\/media\/25292"}],"wp:attachment":[{"href":"https:\/\/oragarden.de\/en\/wp-json\/wp\/v2\/media?parent=25291"}],"wp:term":[{"taxonomy":"pwb-brand","embeddable":true,"href":"https:\/\/oragarden.de\/en\/wp-json\/wp\/v2\/pwb-brand?post=25291"},{"taxonomy":"product_cat","embeddable":true,"href":"https:\/\/oragarden.de\/en\/wp-json\/wp\/v2\/product_cat?post=25291"},{"taxonomy":"product_tag","embeddable":true,"href":"https:\/\/oragarden.de\/en\/wp-json\/wp\/v2\/product_tag?post=25291"}],"curies":[{"name":"wp","href":"https:\/\/api.w.org\/{rel}","templated":true}]}}