{"id":25287,"date":"2023-07-02T08:35:26","date_gmt":"2023-07-02T09:35:26","guid":{"rendered":"https:\/\/oragarden.de\/product\/xxl-plants-yucca-rostrata-90-cm-o30-cm\/"},"modified":"2025-10-24T13:15:38","modified_gmt":"2025-10-24T14:15:38","slug":"xxl-plants-yucca-rostrata-90-cm-o30-cm","status":"publish","type":"product","link":"https:\/\/oragarden.de\/en\/product\/xxl-plants-yucca-rostrata-90-cm-o30-cm\/","title":{"rendered":"Xxl Plants Yucca Rostrata &#8211; 90 cm, \u00d830 cm"},"content":{"rendered":"Die Yucca Rostrata auf St\u00e4mmen ist eine besondere und robuste Erscheinung aufgrund ihrer einzigartigen Form. Die Krone mit den langen, hellgr\u00fcnen und gro\u00dfen Bl\u00e4ttern von etwa 40 bis 60 Zentimetern, die aufrecht stehen, macht die Yucca Rostrata zu einem echten Blickfang. Die Yucca ist ein echter Sonnenanbeter und braucht nicht viel Wasser. Wenn Sie die Yucca Rostrata in den Wintermonaten drau\u00dfen stehen lassen, kann die Pflanze etwas empfindlich auf Feuchtigkeit reagieren. Es ist daher wichtig, dass die Yucca im Topf ein gutes Drainagesystem hat, damit \u00fcbersch\u00fcssiges Wasser abflie\u00dfen kann. Au\u00dferdem ist es ratsam, die Pflanze in den nassen Monaten vor N\u00e4sse zu sch\u00fctzen. Zu viel Feuchtigkeit kann zu F\u00e4ulnis f\u00fchren, und das wollen Sie vermeiden! Die Yucca Rostrata auf Stiel stammt aus sehr trockenen Gebieten und vertr\u00e4gt daher nicht zu viel Wasser. Sie brauchen die Yucca Rostrata nicht sehr oft zu gie\u00dfen, sie w\u00e4chst langsam und verbraucht nicht viel Wasser. Kontrollieren Sie die Erde einmal pro Woche und achten Sie darauf, dass sie nicht v\u00f6llig austrocknet.","protected":false},"excerpt":{"rendered":"<p>Die Yucca Rostrata auf St\u00e4mmen ist eine besondere und robuste Erscheinung aufgrund ihrer einzigartigen Form. Die Krone mit den langen, hellgr\u00fcnen und gro\u00dfen Bl\u00e4ttern von etwa 40 bis 60 Zentimetern, die aufrecht stehen, macht die Yucca Rostrata zu einem echten Blickfang. Die Yucca ist ein echter Sonnenanbeter und braucht nicht viel Wasser. Wenn Sie die [&hellip;]<\/p>\n","protected":false},"author":3,"featured_media":25288,"comment_status":"closed","ping_status":"closed","template":"","meta":{"inline_featured_image":false},"pwb-brand":[4056],"product_cat":[5129],"product_tag":[],"class_list":{"0":"post-25287","1":"product","2":"type-product","3":"status-publish","4":"has-post-thumbnail","6":"pwb-brand-xxl-plants","7":"product_cat-cat-palmlilien-yucca","9":"first","10":"outofstock","11":"sale","12":"taxable","13":"shipping-taxable","14":"purchasable","15":"product-type-simple"},"acf":[],"gtin":"8720195205203","brands":[{"id":4056,"name":"Xxl Plants","slug":"xxl-plants"}],"_links":{"self":[{"href":"https:\/\/oragarden.de\/en\/wp-json\/wp\/v2\/product\/25287","targetHints":{"allow":["GET"]}}],"collection":[{"href":"https:\/\/oragarden.de\/en\/wp-json\/wp\/v2\/product"}],"about":[{"href":"https:\/\/oragarden.de\/en\/wp-json\/wp\/v2\/types\/product"}],"author":[{"embeddable":true,"href":"https:\/\/oragarden.de\/en\/wp-json\/wp\/v2\/users\/3"}],"replies":[{"embeddable":true,"href":"https:\/\/oragarden.de\/en\/wp-json\/wp\/v2\/comments?post=25287"}],"wp:featuredmedia":[{"embeddable":true,"href":"https:\/\/oragarden.de\/en\/wp-json\/wp\/v2\/media\/25288"}],"wp:attachment":[{"href":"https:\/\/oragarden.de\/en\/wp-json\/wp\/v2\/media?parent=25287"}],"wp:term":[{"taxonomy":"pwb-brand","embeddable":true,"href":"https:\/\/oragarden.de\/en\/wp-json\/wp\/v2\/pwb-brand?post=25287"},{"taxonomy":"product_cat","embeddable":true,"href":"https:\/\/oragarden.de\/en\/wp-json\/wp\/v2\/product_cat?post=25287"},{"taxonomy":"product_tag","embeddable":true,"href":"https:\/\/oragarden.de\/en\/wp-json\/wp\/v2\/product_tag?post=25287"}],"curies":[{"name":"wp","href":"https:\/\/api.w.org\/{rel}","templated":true}]}}