{"id":25277,"date":"2023-07-02T08:34:46","date_gmt":"2023-07-02T09:34:46","guid":{"rendered":"https:\/\/oragarden.de\/product\/xxl-plants-dracaena-gruenes-juwel-160-cm-o-24-cm\/"},"modified":"2025-10-24T13:15:37","modified_gmt":"2025-10-24T14:15:37","slug":"xxl-plants-dracaena-gruenes-juwel-160-cm-o-24-cm","status":"publish","type":"product","link":"https:\/\/oragarden.de\/en\/product\/xxl-plants-dracaena-gruenes-juwel-160-cm-o-24-cm\/","title":{"rendered":"Xxl Plants Dracaena Gr\u00fcnes Juwel &#8211; 160 cm, \u00d8 24 cm"},"content":{"rendered":"Mit ihren dunkelgr\u00fcnen Bl\u00e4ttern ist die Dracaena Janet Lind nicht nur eine attraktive Zimmerpflanze, sondern auch ein guter Luftreiniger. Haben Sie eines Tages vergessen, sich um diese gr\u00fcne Zimmerpflanze zu k\u00fcmmern? Kein Problem! Die Dracaena ist eine \u00dcberlebensk\u00fcnstlerin und kann einiges vertragen. Die Pflanze braucht nicht viel Wasser. Sie brauchen die Dracaena nur einmal alle 3 bis 6 Wochen zu gie\u00dfen. Am besten \u00fcberpr\u00fcfen Sie dies, indem Sie die Feuchtigkeit des Bodens kontrollieren. Zu viel Wasser tut dieser coolen gr\u00fcnen Zimmerpflanze sicher nicht gut! Stellen Sie die Dracaena Janet Lind nicht in direktes Sonnenlicht. Dieser gr\u00fcne Schlingel liebt es, an einem schattigen Platz zu wachsen.","protected":false},"excerpt":{"rendered":"<p>Mit ihren dunkelgr\u00fcnen Bl\u00e4ttern ist die Dracaena Janet Lind nicht nur eine attraktive Zimmerpflanze, sondern auch ein guter Luftreiniger. Haben Sie eines Tages vergessen, sich um diese gr\u00fcne Zimmerpflanze zu k\u00fcmmern? Kein Problem! Die Dracaena ist eine \u00dcberlebensk\u00fcnstlerin und kann einiges vertragen. Die Pflanze braucht nicht viel Wasser. Sie brauchen die Dracaena nur einmal alle [&hellip;]<\/p>\n","protected":false},"author":3,"featured_media":25278,"comment_status":"closed","ping_status":"closed","template":"","meta":{"inline_featured_image":false},"pwb-brand":[4056],"product_cat":[5106],"product_tag":[],"class_list":{"0":"post-25277","1":"product","2":"type-product","3":"status-publish","4":"has-post-thumbnail","6":"pwb-brand-xxl-plants","7":"product_cat-cat-drachenbaume-dracena","9":"first","10":"outofstock","11":"sale","12":"taxable","13":"shipping-taxable","14":"purchasable","15":"product-type-simple"},"acf":[],"gtin":"8720195209584","brands":[{"id":4056,"name":"Xxl Plants","slug":"xxl-plants"}],"_links":{"self":[{"href":"https:\/\/oragarden.de\/en\/wp-json\/wp\/v2\/product\/25277","targetHints":{"allow":["GET"]}}],"collection":[{"href":"https:\/\/oragarden.de\/en\/wp-json\/wp\/v2\/product"}],"about":[{"href":"https:\/\/oragarden.de\/en\/wp-json\/wp\/v2\/types\/product"}],"author":[{"embeddable":true,"href":"https:\/\/oragarden.de\/en\/wp-json\/wp\/v2\/users\/3"}],"replies":[{"embeddable":true,"href":"https:\/\/oragarden.de\/en\/wp-json\/wp\/v2\/comments?post=25277"}],"wp:featuredmedia":[{"embeddable":true,"href":"https:\/\/oragarden.de\/en\/wp-json\/wp\/v2\/media\/25278"}],"wp:attachment":[{"href":"https:\/\/oragarden.de\/en\/wp-json\/wp\/v2\/media?parent=25277"}],"wp:term":[{"taxonomy":"pwb-brand","embeddable":true,"href":"https:\/\/oragarden.de\/en\/wp-json\/wp\/v2\/pwb-brand?post=25277"},{"taxonomy":"product_cat","embeddable":true,"href":"https:\/\/oragarden.de\/en\/wp-json\/wp\/v2\/product_cat?post=25277"},{"taxonomy":"product_tag","embeddable":true,"href":"https:\/\/oragarden.de\/en\/wp-json\/wp\/v2\/product_tag?post=25277"}],"curies":[{"name":"wp","href":"https:\/\/api.w.org\/{rel}","templated":true}]}}