{"id":25268,"date":"2023-07-02T08:34:33","date_gmt":"2023-07-02T09:34:33","guid":{"rendered":"https:\/\/oragarden.de\/product\/vda-plant-dracaena-marginata-90-cm-o-17-cm\/"},"modified":"2025-10-24T13:15:36","modified_gmt":"2025-10-24T14:15:36","slug":"vda-plant-dracaena-marginata-90-cm-o-17-cm","status":"publish","type":"product","link":"https:\/\/oragarden.de\/en\/product\/vda-plant-dracaena-marginata-90-cm-o-17-cm\/","title":{"rendered":"Vda Plant Dracaena Marginata &#8211; 90 cm, \u00d8 17 cm"},"content":{"rendered":"<h3>\u00dcber die Dracaena Marginata<\/h3>\r\n<p>Die Dracaena Marginata, auch bekannt als Drachenbaum, ist eine kr\u00e4ftige tropische Zimmerpflanze, die sich perfekt f\u00fcr Ihr Interieur eignet. Urspr\u00fcnglich kommt die Dracaena Marginata aus Afrika, zum Gl\u00fcck k\u00f6nnen Sie diese einfache Zimmerpflanze auch bei sich zu Hause bekommen!<\/p>\r\n<h3>Dracaena Marginata frisch aus der Baumschule<\/h3>\r\n<p>Alle Dracaena Marginata Zimmerpflanzen werden direkt von der G\u00e4rtnerei an Ihre Lieferadresse geschickt. Auf diese Weise erhalten Sie die frischesten Zimmerpflanzen, die Sie bekommen k\u00f6nnen, auf die nachhaltigste Art und Weise.<\/p>\r\n<h3>Luftreinigung der Dracaena Marginata<\/h3>\r\n<p>Die Dracaena Marginata ist ein echter Luftreiniger. Perfekt f\u00fcr die Schaffung eines gesunden und angenehmen Raumklimas.<\/p>\r\n<h3>Pflege der Dracaena Marginata<\/h3>\r\n<p>Die Dracaena Marginata mag kein Licht und steht gerne im Schatten. Gie\u00dfen Sie die Dracaena nur, wenn der Boden trocken ist. Es darf kein Wasser im Topf sein, sonst k\u00f6nnen die Wurzeln faulen. Ab und zu mag sie es, wenn ihre Bl\u00e4tter beschlagen werden. Das ist nicht notwendig, aber es sorgt daf\u00fcr, dass die Bl\u00e4tter sch\u00f6n bleiben. Sie verhindert die Verunreinigung durch Insekten und sorgt f\u00fcr ein frisches Aussehen der Zimmerpflanze. Die ideale Temperatur f\u00fcr die Dracaena Marginata liegt bei 18 bis 24 \u00b0C.<\/p>\r\n<h3>Verpackung und Lieferung von Dracaena Marginata<\/h3>\r\n<p>Die Dracaena Marginata wird in einer speziell entworfenen Schachtel geliefert. Auf diese Weise stellen wir sicher, dass die Pflanze so schnell wie m\u00f6glich und sauber zu Ihnen kommt. Wurde die Pflanze besch\u00e4digt? Dann schicken wir Ihnen kostenlos eine neue Zimmerpflanze.<\/p>","protected":false},"excerpt":{"rendered":"<p>\u00dcber die Dracaena Marginata Die Dracaena Marginata, auch bekannt als Drachenbaum, ist eine kr\u00e4ftige tropische Zimmerpflanze, die sich perfekt f\u00fcr Ihr Interieur eignet. Urspr\u00fcnglich kommt die Dracaena Marginata aus Afrika, zum Gl\u00fcck k\u00f6nnen Sie diese einfache Zimmerpflanze auch bei sich zu Hause bekommen! Dracaena Marginata frisch aus der Baumschule Alle Dracaena Marginata Zimmerpflanzen werden direkt [&hellip;]<\/p>\n","protected":false},"author":3,"featured_media":25269,"comment_status":"closed","ping_status":"closed","template":"","meta":{"inline_featured_image":false},"pwb-brand":[5107],"product_cat":[5106],"product_tag":[],"class_list":{"0":"post-25268","1":"product","2":"type-product","3":"status-publish","4":"has-post-thumbnail","6":"pwb-brand-vda-plant","7":"product_cat-cat-drachenbaume-dracena","9":"first","10":"outofstock","11":"sale","12":"taxable","13":"shipping-taxable","14":"purchasable","15":"product-type-simple"},"acf":[],"gtin":"8720634280181","brands":[{"id":5107,"name":"Vda Plant","slug":"vda-plant"}],"_links":{"self":[{"href":"https:\/\/oragarden.de\/en\/wp-json\/wp\/v2\/product\/25268","targetHints":{"allow":["GET"]}}],"collection":[{"href":"https:\/\/oragarden.de\/en\/wp-json\/wp\/v2\/product"}],"about":[{"href":"https:\/\/oragarden.de\/en\/wp-json\/wp\/v2\/types\/product"}],"author":[{"embeddable":true,"href":"https:\/\/oragarden.de\/en\/wp-json\/wp\/v2\/users\/3"}],"replies":[{"embeddable":true,"href":"https:\/\/oragarden.de\/en\/wp-json\/wp\/v2\/comments?post=25268"}],"wp:featuredmedia":[{"embeddable":true,"href":"https:\/\/oragarden.de\/en\/wp-json\/wp\/v2\/media\/25269"}],"wp:attachment":[{"href":"https:\/\/oragarden.de\/en\/wp-json\/wp\/v2\/media?parent=25268"}],"wp:term":[{"taxonomy":"pwb-brand","embeddable":true,"href":"https:\/\/oragarden.de\/en\/wp-json\/wp\/v2\/pwb-brand?post=25268"},{"taxonomy":"product_cat","embeddable":true,"href":"https:\/\/oragarden.de\/en\/wp-json\/wp\/v2\/product_cat?post=25268"},{"taxonomy":"product_tag","embeddable":true,"href":"https:\/\/oragarden.de\/en\/wp-json\/wp\/v2\/product_tag?post=25268"}],"curies":[{"name":"wp","href":"https:\/\/api.w.org\/{rel}","templated":true}]}}