{"id":25251,"date":"2023-07-02T08:33:48","date_gmt":"2023-07-02T09:33:48","guid":{"rendered":"https:\/\/oragarden.de\/product\/vda-plant-dracaena-marginata-120-cm-o-21-cm\/"},"modified":"2025-10-24T13:15:35","modified_gmt":"2025-10-24T14:15:35","slug":"vda-plant-dracaena-marginata-120-cm-o-21-cm","status":"publish","type":"product","link":"https:\/\/oragarden.de\/en\/product\/vda-plant-dracaena-marginata-120-cm-o-21-cm\/","title":{"rendered":"Vda Plant Dracaena Marginata &#8211; 120 cm, \u00d8 21 cm"},"content":{"rendered":"<h3><strong>\u00dcber die Dracaena Marginata (Drachenbaum)<\/strong><\/h3>\r\n<p><span style=\"font-weight: 400\">Die Dracaena Marginata wird auch Drachenbaum genannt und kommt haupts\u00e4chlich in Afrika vor. Aber auch in Mittelamerika und Asien ist die einfache Zimmerpflanze zu finden. Mit einer H\u00f6he von 120cm ist diese tropische Zimmerpflanze eine wunderbare Erg\u00e4nzung f\u00fcr Ihren Gro\u00dfstadtdschungel! Auch praktisch, der Drachenbaum ist sehr pflegeleicht.<\/span><\/p>\r\n<h3><strong>Dracaena Marginata frisch aus der G\u00e4rtnerei<\/strong><\/h3>\r\n<p><span style=\"font-weight: 400\">Wissen Sie, was unsere Dracaena Marginata so einzigartig macht? Wir liefern unsere Dracaena Marginata (Drachenbaum) immer direkt aus der G\u00e4rtnerei. So stellen wir sicher, dass Sie auf nachhaltige Weise eine frische Dracaena Marginata von h\u00f6chster Qualit\u00e4t erhalten.<\/span><span style=\"font-weight: 400\"><br \/><\/span><\/p>\r\n<h3><strong>Luftreinigung der Dracaena Marginata<\/strong><\/h3>\r\n<p><span style=\"font-weight: 400\">Die Dracaena Marginata (Drachenbaum) ist als echte luftreinigende Pflanze bekannt. Die Dracaeana Marginata ist eine der besten, um g\u00e4ngige Giftstoffe aus der Luft zu reinigen. Denken Sie zum Beispiel an Stoffe, die aus Teppichen, Textilien, Farben oder D\u00e4mmstoffen freigesetzt werden.<\/span><\/p>\r\n<h3><strong>Pflege der Dracaena Marginata<\/strong><\/h3>\r\n<p><span style=\"font-weight: 400\">Die Dracaena Marginata ist kein gro\u00dfer Lichtfan und steht gerne an einem schattigen Platz. Gie\u00dfen Sie die Zimmerpflanze daher nur, wenn die Erde trocken ist. Achte also darauf, dass kein Wasser am Topfboden zur\u00fcckbleibt, sonst k\u00f6nnen die Wurzeln faulen. Sie k\u00f6nnen die Bl\u00e4tter auch gelegentlich bespr\u00fchen, um eine Kontamination durch Insekten zu verhindern.<\/span><\/p>","protected":false},"excerpt":{"rendered":"<p>\u00dcber die Dracaena Marginata (Drachenbaum) Die Dracaena Marginata wird auch Drachenbaum genannt und kommt haupts\u00e4chlich in Afrika vor. Aber auch in Mittelamerika und Asien ist die einfache Zimmerpflanze zu finden. Mit einer H\u00f6he von 120cm ist diese tropische Zimmerpflanze eine wunderbare Erg\u00e4nzung f\u00fcr Ihren Gro\u00dfstadtdschungel! Auch praktisch, der Drachenbaum ist sehr pflegeleicht. Dracaena Marginata frisch [&hellip;]<\/p>\n","protected":false},"author":3,"featured_media":25252,"comment_status":"closed","ping_status":"closed","template":"","meta":{"inline_featured_image":false},"pwb-brand":[5107],"product_cat":[5106],"product_tag":[],"class_list":{"0":"post-25251","1":"product","2":"type-product","3":"status-publish","4":"has-post-thumbnail","6":"pwb-brand-vda-plant","7":"product_cat-cat-drachenbaume-dracena","9":"first","10":"outofstock","11":"sale","12":"taxable","13":"shipping-taxable","14":"purchasable","15":"product-type-simple"},"acf":[],"gtin":"7440845833808","brands":[{"id":5107,"name":"Vda Plant","slug":"vda-plant"}],"_links":{"self":[{"href":"https:\/\/oragarden.de\/en\/wp-json\/wp\/v2\/product\/25251","targetHints":{"allow":["GET"]}}],"collection":[{"href":"https:\/\/oragarden.de\/en\/wp-json\/wp\/v2\/product"}],"about":[{"href":"https:\/\/oragarden.de\/en\/wp-json\/wp\/v2\/types\/product"}],"author":[{"embeddable":true,"href":"https:\/\/oragarden.de\/en\/wp-json\/wp\/v2\/users\/3"}],"replies":[{"embeddable":true,"href":"https:\/\/oragarden.de\/en\/wp-json\/wp\/v2\/comments?post=25251"}],"wp:featuredmedia":[{"embeddable":true,"href":"https:\/\/oragarden.de\/en\/wp-json\/wp\/v2\/media\/25252"}],"wp:attachment":[{"href":"https:\/\/oragarden.de\/en\/wp-json\/wp\/v2\/media?parent=25251"}],"wp:term":[{"taxonomy":"pwb-brand","embeddable":true,"href":"https:\/\/oragarden.de\/en\/wp-json\/wp\/v2\/pwb-brand?post=25251"},{"taxonomy":"product_cat","embeddable":true,"href":"https:\/\/oragarden.de\/en\/wp-json\/wp\/v2\/product_cat?post=25251"},{"taxonomy":"product_tag","embeddable":true,"href":"https:\/\/oragarden.de\/en\/wp-json\/wp\/v2\/product_tag?post=25251"}],"curies":[{"name":"wp","href":"https:\/\/api.w.org\/{rel}","templated":true}]}}