{"id":25241,"date":"2023-07-02T08:33:10","date_gmt":"2023-07-02T09:33:10","guid":{"rendered":"https:\/\/oragarden.de\/product\/meergroothandel-dracaena-fragrans-gruen-50-60-cm-o-17-cm\/"},"modified":"2025-10-24T13:15:34","modified_gmt":"2025-10-24T14:15:34","slug":"meergroothandel-dracaena-fragrans-gruen-50-60-cm-o-17-cm","status":"publish","type":"product","link":"https:\/\/oragarden.de\/en\/product\/meergroothandel-dracaena-fragrans-gruen-50-60-cm-o-17-cm\/","title":{"rendered":"Meergroothandel Dracaena Fragrans Gr\u00fcn &#8211; 50-60 cm, \u00d8 17 cm"},"content":{"rendered":"&#8220;Die Dracaena Fragrans Gr\u00fcn ist eine sch\u00f6ne Zimmerpflanze. Sie geh\u00f6rt zu einer gro\u00dfen Familie von bis zu 100 verschiedenen Arten von Dracaeanas. Diese Pflanzen sind in Afrika, S\u00fcdasien und Mittelamerika heimisch. \r\n\r\nDer ideale Standort f\u00fcr diese Zimmerpflanze ist halbschattig. Die Dracaena vertr\u00e4gt gut Licht, aber kein direktes Sonnenlicht. Achten Sie darauf, dass die Pflanze maximal 3 Stunden Sonnenlicht pro Tag bekommt. \r\n\r\nGeben Sie der Dracaena nicht zu viel Wasser. Diese Zimmerpflanze speichert Wasser in ihrem Stamm, so dass sie eine Zeit lang ohne Wasser auskommt. Einmal pro Woche oder sogar einmal alle zwei Wochen ist ausreichend. Vorzugsweise kleine Mengen auf einmal. In den Wintermonaten verbraucht die Dracaena weniger Wasser als im Sommer. Einmal alle vierzehn Tage ist dann ausreichend. \r\n\r\nHinweis: Die Pflanzen sind ein lebendes Produkt und k\u00f6nnen von den Fotos und der Beschreibung abweichen. Unsere Pflanzen werden in einem Plastiktopf geliefert. Alle Pflanzen werden direkt von der G\u00e4rtnerei verpackt und verschickt. &#8220;","protected":false},"excerpt":{"rendered":"<p>&#8220;Die Dracaena Fragrans Gr\u00fcn ist eine sch\u00f6ne Zimmerpflanze. Sie geh\u00f6rt zu einer gro\u00dfen Familie von bis zu 100 verschiedenen Arten von Dracaeanas. Diese Pflanzen sind in Afrika, S\u00fcdasien und Mittelamerika heimisch. Der ideale Standort f\u00fcr diese Zimmerpflanze ist halbschattig. Die Dracaena vertr\u00e4gt gut Licht, aber kein direktes Sonnenlicht. Achten Sie darauf, dass die Pflanze maximal [&hellip;]<\/p>\n","protected":false},"author":3,"featured_media":25242,"comment_status":"closed","ping_status":"closed","template":"","meta":{"inline_featured_image":false},"pwb-brand":[4041],"product_cat":[5106],"product_tag":[],"class_list":{"0":"post-25241","1":"product","2":"type-product","3":"status-publish","4":"has-post-thumbnail","6":"pwb-brand-meergroothandel","7":"product_cat-cat-drachenbaume-dracena","9":"first","10":"outofstock","11":"sale","12":"taxable","13":"shipping-taxable","14":"purchasable","15":"product-type-simple"},"acf":[],"gtin":"8720634284370","brands":[{"id":4041,"name":"MEERGroothandel","slug":"meergroothandel"}],"_links":{"self":[{"href":"https:\/\/oragarden.de\/en\/wp-json\/wp\/v2\/product\/25241","targetHints":{"allow":["GET"]}}],"collection":[{"href":"https:\/\/oragarden.de\/en\/wp-json\/wp\/v2\/product"}],"about":[{"href":"https:\/\/oragarden.de\/en\/wp-json\/wp\/v2\/types\/product"}],"author":[{"embeddable":true,"href":"https:\/\/oragarden.de\/en\/wp-json\/wp\/v2\/users\/3"}],"replies":[{"embeddable":true,"href":"https:\/\/oragarden.de\/en\/wp-json\/wp\/v2\/comments?post=25241"}],"wp:featuredmedia":[{"embeddable":true,"href":"https:\/\/oragarden.de\/en\/wp-json\/wp\/v2\/media\/25242"}],"wp:attachment":[{"href":"https:\/\/oragarden.de\/en\/wp-json\/wp\/v2\/media?parent=25241"}],"wp:term":[{"taxonomy":"pwb-brand","embeddable":true,"href":"https:\/\/oragarden.de\/en\/wp-json\/wp\/v2\/pwb-brand?post=25241"},{"taxonomy":"product_cat","embeddable":true,"href":"https:\/\/oragarden.de\/en\/wp-json\/wp\/v2\/product_cat?post=25241"},{"taxonomy":"product_tag","embeddable":true,"href":"https:\/\/oragarden.de\/en\/wp-json\/wp\/v2\/product_tag?post=25241"}],"curies":[{"name":"wp","href":"https:\/\/api.w.org\/{rel}","templated":true}]}}