{"id":25196,"date":"2023-07-02T08:27:39","date_gmt":"2023-07-02T09:27:39","guid":{"rendered":"https:\/\/oragarden.de\/product\/meergroothandel-dracaena-marginata-70-cm-o-17-cm\/"},"modified":"2025-10-24T13:15:32","modified_gmt":"2025-10-24T14:15:32","slug":"meergroothandel-dracaena-marginata-70-cm-o-17-cm","status":"publish","type":"product","link":"https:\/\/oragarden.de\/en\/product\/meergroothandel-dracaena-marginata-70-cm-o-17-cm\/","title":{"rendered":"Meergroothandel Dracaena Marginata &#8211; 70 cm, \u00d8 17 cm"},"content":{"rendered":"Diese Zimmerpflanze wird auch Drachenblutbaum genannt und ist relativ pflegeleicht. Die Dracaena Marginata w\u00e4chst haupts\u00e4chlich in Afrika, aber auch in Asien und Mittelamerika. \r\n\r\nDie Dracaena Marginata ist eine echte Schattenpflanze und vertr\u00e4gt direkte Sonneneinstrahlung nicht gut. Stellen Sie die Pflanze m\u00f6glichst 3 bis 4 Meter vom Fenster entfernt auf. Halbschatten ist f\u00fcr diese Pflanze am besten. \r\n\r\nDiese gr\u00fcne Zimmerpflanze braucht nicht viel Wasser. An der Blumenerde k\u00f6nnen Sie erkennen, ob die Pflanze Wasser braucht. Wenn sich die Blumenerde trocken anf\u00fchlt, k\u00f6nnen Sie ihr etwas Wasser geben. Im Winter kann die Dracaeana Marginata lange Zeit ohne Wasser auskommen. In dieser Zeit reicht es aus, die Pflanzen einmal alle 4 bis 6 Wochen zu gie\u00dfen. \r\n\r\nBitte beachten Sie, dass es sich bei den Pflanzen um ein lebendes Produkt handelt, das von den Fotos und der Beschreibung abweichen kann. Unsere Pflanzen werden in einem Kunststofftopf geliefert. Alle Pflanzen werden direkt von der G\u00e4rtnerei verpackt und versandt.","protected":false},"excerpt":{"rendered":"<p>Diese Zimmerpflanze wird auch Drachenblutbaum genannt und ist relativ pflegeleicht. Die Dracaena Marginata w\u00e4chst haupts\u00e4chlich in Afrika, aber auch in Asien und Mittelamerika. Die Dracaena Marginata ist eine echte Schattenpflanze und vertr\u00e4gt direkte Sonneneinstrahlung nicht gut. Stellen Sie die Pflanze m\u00f6glichst 3 bis 4 Meter vom Fenster entfernt auf. Halbschatten ist f\u00fcr diese Pflanze am [&hellip;]<\/p>\n","protected":false},"author":3,"featured_media":25197,"comment_status":"closed","ping_status":"closed","template":"","meta":{"inline_featured_image":false},"pwb-brand":[4041],"product_cat":[5106],"product_tag":[],"class_list":{"0":"post-25196","1":"product","2":"type-product","3":"status-publish","4":"has-post-thumbnail","6":"pwb-brand-meergroothandel","7":"product_cat-cat-drachenbaume-dracena","9":"first","10":"outofstock","11":"sale","12":"taxable","13":"shipping-taxable","14":"purchasable","15":"product-type-simple"},"acf":[],"gtin":"8720634285520","brands":[{"id":4041,"name":"MEERGroothandel","slug":"meergroothandel"}],"_links":{"self":[{"href":"https:\/\/oragarden.de\/en\/wp-json\/wp\/v2\/product\/25196","targetHints":{"allow":["GET"]}}],"collection":[{"href":"https:\/\/oragarden.de\/en\/wp-json\/wp\/v2\/product"}],"about":[{"href":"https:\/\/oragarden.de\/en\/wp-json\/wp\/v2\/types\/product"}],"author":[{"embeddable":true,"href":"https:\/\/oragarden.de\/en\/wp-json\/wp\/v2\/users\/3"}],"replies":[{"embeddable":true,"href":"https:\/\/oragarden.de\/en\/wp-json\/wp\/v2\/comments?post=25196"}],"wp:featuredmedia":[{"embeddable":true,"href":"https:\/\/oragarden.de\/en\/wp-json\/wp\/v2\/media\/25197"}],"wp:attachment":[{"href":"https:\/\/oragarden.de\/en\/wp-json\/wp\/v2\/media?parent=25196"}],"wp:term":[{"taxonomy":"pwb-brand","embeddable":true,"href":"https:\/\/oragarden.de\/en\/wp-json\/wp\/v2\/pwb-brand?post=25196"},{"taxonomy":"product_cat","embeddable":true,"href":"https:\/\/oragarden.de\/en\/wp-json\/wp\/v2\/product_cat?post=25196"},{"taxonomy":"product_tag","embeddable":true,"href":"https:\/\/oragarden.de\/en\/wp-json\/wp\/v2\/product_tag?post=25196"}],"curies":[{"name":"wp","href":"https:\/\/api.w.org\/{rel}","templated":true}]}}