{"id":25182,"date":"2023-07-02T08:26:36","date_gmt":"2023-07-02T09:26:36","guid":{"rendered":"https:\/\/oragarden.de\/product\/xxl-plants-dracaena-janet-lind-180-cm-o-24-cm\/"},"modified":"2025-10-24T13:15:31","modified_gmt":"2025-10-24T14:15:31","slug":"xxl-plants-dracaena-janet-lind-180-cm-o-24-cm","status":"publish","type":"product","link":"https:\/\/oragarden.de\/en\/product\/xxl-plants-dracaena-janet-lind-180-cm-o-24-cm\/","title":{"rendered":"Xxl Plants Dracaena Janet Lind &#8211; 180 cm, \u00d8 24 cm"},"content":{"rendered":"Diese sch\u00f6ne und auch sehr einfache Dracaena wird in Ihrem Zuhause gro\u00dfartig aussehen. Diese Dracaena f\u00e4llt durch ihre kr\u00e4ftigen St\u00e4mme mit breiten Bl\u00e4ttern auf. Die Dracaena Janet Lind hat nichts dagegen, in Vergessenheit zu geraten und ist daher die ideale Zimmerpflanze f\u00fcr alle, die ihrem Gr\u00fcn nicht viel Aufmerksamkeit schenken wollen. Die Dracaena Janet Lind &#8211; 160cm liebt einen halbschattigen Standort. Die Pflanze vertr\u00e4gt absolut kein direktes Sonnenlicht und kann die Bl\u00e4tter verbrennen.","protected":false},"excerpt":{"rendered":"<p>Diese sch\u00f6ne und auch sehr einfache Dracaena wird in Ihrem Zuhause gro\u00dfartig aussehen. Diese Dracaena f\u00e4llt durch ihre kr\u00e4ftigen St\u00e4mme mit breiten Bl\u00e4ttern auf. Die Dracaena Janet Lind hat nichts dagegen, in Vergessenheit zu geraten und ist daher die ideale Zimmerpflanze f\u00fcr alle, die ihrem Gr\u00fcn nicht viel Aufmerksamkeit schenken wollen. Die Dracaena Janet Lind [&hellip;]<\/p>\n","protected":false},"author":3,"featured_media":25183,"comment_status":"closed","ping_status":"closed","template":"","meta":{"inline_featured_image":false},"pwb-brand":[4056],"product_cat":[5106],"product_tag":[],"class_list":{"0":"post-25182","1":"product","2":"type-product","3":"status-publish","4":"has-post-thumbnail","6":"pwb-brand-xxl-plants","7":"product_cat-cat-drachenbaume-dracena","9":"first","10":"outofstock","11":"sale","12":"taxable","13":"shipping-taxable","14":"purchasable","15":"product-type-simple"},"acf":[],"gtin":"8720195206477","brands":[{"id":4056,"name":"Xxl Plants","slug":"xxl-plants"}],"_links":{"self":[{"href":"https:\/\/oragarden.de\/en\/wp-json\/wp\/v2\/product\/25182","targetHints":{"allow":["GET"]}}],"collection":[{"href":"https:\/\/oragarden.de\/en\/wp-json\/wp\/v2\/product"}],"about":[{"href":"https:\/\/oragarden.de\/en\/wp-json\/wp\/v2\/types\/product"}],"author":[{"embeddable":true,"href":"https:\/\/oragarden.de\/en\/wp-json\/wp\/v2\/users\/3"}],"replies":[{"embeddable":true,"href":"https:\/\/oragarden.de\/en\/wp-json\/wp\/v2\/comments?post=25182"}],"wp:featuredmedia":[{"embeddable":true,"href":"https:\/\/oragarden.de\/en\/wp-json\/wp\/v2\/media\/25183"}],"wp:attachment":[{"href":"https:\/\/oragarden.de\/en\/wp-json\/wp\/v2\/media?parent=25182"}],"wp:term":[{"taxonomy":"pwb-brand","embeddable":true,"href":"https:\/\/oragarden.de\/en\/wp-json\/wp\/v2\/pwb-brand?post=25182"},{"taxonomy":"product_cat","embeddable":true,"href":"https:\/\/oragarden.de\/en\/wp-json\/wp\/v2\/product_cat?post=25182"},{"taxonomy":"product_tag","embeddable":true,"href":"https:\/\/oragarden.de\/en\/wp-json\/wp\/v2\/product_tag?post=25182"}],"curies":[{"name":"wp","href":"https:\/\/api.w.org\/{rel}","templated":true}]}}