{"id":25145,"date":"2023-07-02T08:19:41","date_gmt":"2023-07-02T09:19:41","guid":{"rendered":"https:\/\/oragarden.de\/product\/meergroothandel-zamioculcas-zamiifolia-smaragdpalme-50-cm-o14-cm\/"},"modified":"2025-10-24T13:15:28","modified_gmt":"2025-10-24T14:15:28","slug":"meergroothandel-zamioculcas-zamiifolia-smaragdpalme-50-cm-o14-cm","status":"publish","type":"product","link":"https:\/\/oragarden.de\/en\/product\/meergroothandel-zamioculcas-zamiifolia-smaragdpalme-50-cm-o14-cm\/","title":{"rendered":"Meergroothandel Zamioculcas Zamiifolia (Smaragdpalme) &#8211; 50 cm, \u00d814 cm"},"content":{"rendered":"Die Zamioculcas Zamiifolia ist eine einfache, gr\u00fcne Zimmerpflanze. Diese Zimmerpflanze ist in Sansibar, Kenia und Madagaskar heimisch. Die Pflanze ist auch als ZZ-Pflanze bekannt.\r\n\r\nGeben Sie den Zamioculcas einen Platz im Halbschatten. Ein bisschen mehr Sonne ist auch kein Problem. Die Bl\u00e4tter der Zamioculcas wachsen zum Licht hin. Drehen Sie die Pflanze regelm\u00e4\u00dfig, damit sie nicht schief w\u00e4chst. Wenn die Bl\u00e4tter zur Decke zeigen, wissen Sie, dass die Pflanze am richtigen Platz steht.\r\n\r\nDiese Zimmerpflanze speichert Wasser in ihrem Stamm und ihren Wurzeln. Das bedeutet, dass man sie nicht oft gie\u00dfen muss. Im Sommer reicht es aus, wenn sie alle vierzehn Tage und im Winter alle drei Wochen gepflanzt werden.\r\n\r\nBitte beachten Sie, dass es sich bei den Pflanzen um ein lebendes Produkt handelt, das von den Fotos und der Beschreibung abweichen kann. Unsere Pflanzen werden in einem Kunststofftopf geliefert. Alle Pflanzen werden direkt von der G\u00e4rtnerei verpackt und versandt.","protected":false},"excerpt":{"rendered":"<p>Die Zamioculcas Zamiifolia ist eine einfache, gr\u00fcne Zimmerpflanze. Diese Zimmerpflanze ist in Sansibar, Kenia und Madagaskar heimisch. Die Pflanze ist auch als ZZ-Pflanze bekannt. Geben Sie den Zamioculcas einen Platz im Halbschatten. Ein bisschen mehr Sonne ist auch kein Problem. Die Bl\u00e4tter der Zamioculcas wachsen zum Licht hin. Drehen Sie die Pflanze regelm\u00e4\u00dfig, damit sie [&hellip;]<\/p>\n","protected":false},"author":3,"featured_media":25146,"comment_status":"closed","ping_status":"closed","template":"","meta":{"inline_featured_image":false},"pwb-brand":[4041],"product_cat":[4000,4037,5189],"product_tag":[],"class_list":{"0":"post-25145","1":"product","2":"type-product","3":"status-publish","4":"has-post-thumbnail","6":"pwb-brand-meergroothandel","7":"product_cat-cat-pflanzen","8":"product_cat-cat-gartenpflanzen","9":"product_cat-cat-glucksfeder-zamioculcas","11":"first","12":"outofstock","13":"sale","14":"taxable","15":"shipping-taxable","16":"purchasable","17":"product-type-simple"},"acf":[],"gtin":"8720634284660","brands":[{"id":4041,"name":"MEERGroothandel","slug":"meergroothandel"}],"_links":{"self":[{"href":"https:\/\/oragarden.de\/en\/wp-json\/wp\/v2\/product\/25145","targetHints":{"allow":["GET"]}}],"collection":[{"href":"https:\/\/oragarden.de\/en\/wp-json\/wp\/v2\/product"}],"about":[{"href":"https:\/\/oragarden.de\/en\/wp-json\/wp\/v2\/types\/product"}],"author":[{"embeddable":true,"href":"https:\/\/oragarden.de\/en\/wp-json\/wp\/v2\/users\/3"}],"replies":[{"embeddable":true,"href":"https:\/\/oragarden.de\/en\/wp-json\/wp\/v2\/comments?post=25145"}],"wp:featuredmedia":[{"embeddable":true,"href":"https:\/\/oragarden.de\/en\/wp-json\/wp\/v2\/media\/25146"}],"wp:attachment":[{"href":"https:\/\/oragarden.de\/en\/wp-json\/wp\/v2\/media?parent=25145"}],"wp:term":[{"taxonomy":"pwb-brand","embeddable":true,"href":"https:\/\/oragarden.de\/en\/wp-json\/wp\/v2\/pwb-brand?post=25145"},{"taxonomy":"product_cat","embeddable":true,"href":"https:\/\/oragarden.de\/en\/wp-json\/wp\/v2\/product_cat?post=25145"},{"taxonomy":"product_tag","embeddable":true,"href":"https:\/\/oragarden.de\/en\/wp-json\/wp\/v2\/product_tag?post=25145"}],"curies":[{"name":"wp","href":"https:\/\/api.w.org\/{rel}","templated":true}]}}