{"id":25075,"date":"2023-07-02T08:08:14","date_gmt":"2023-07-02T09:08:14","guid":{"rendered":"https:\/\/oragarden.de\/product\/meergroothandel-sansevieria-laurentii-frauenzunge-2er-set-40-cm-o14-cm\/"},"modified":"2025-10-24T13:15:24","modified_gmt":"2025-10-24T14:15:24","slug":"meergroothandel-sansevieria-laurentii-frauenzunge-2er-set-40-cm-o14-cm","status":"publish","type":"product","link":"https:\/\/oragarden.de\/en\/product\/meergroothandel-sansevieria-laurentii-frauenzunge-2er-set-40-cm-o14-cm\/","title":{"rendered":"Meergroothandel Sansevieria Laurentii (Frauenzunge) 2er Set &#8211; 40 cm, \u00d814 cm"},"content":{"rendered":"Die Sanseeria Laurentii ist in S\u00fcdafrika und Asien beheimatet. Diese Zimmerpflanze wird auch Frauenzunge genannt. Diesen Spitznamen verdankt die Pflanze ihren Bl\u00e4ttern. \r\n\r\nStellen Sie diese Zimmerpflanze an einen hellen Platz. Sie gedeiht auch gut im Schatten. \r\n\r\nGie\u00dfen Sie die Sanseveria Laurantii im Sommer einmal alle zwei Wochen. Im Winter reicht es aus, alle anderthalb Monate zu kommen. Steht die Pflanze an einem hellen Ort? Dann verbraucht die Pflanze mehr Wasser und Sie k\u00f6nnen sie \u00f6fter gie\u00dfen. \r\n\r\nHinweis: Pflanzen sind ein lebendes Produkt und k\u00f6nnen von den Fotos und der Beschreibung abweichen. Unsere Pflanzen werden in einem Plastiktopf geliefert. Alle Pflanzen werden direkt von der G\u00e4rtnerei verpackt und versandt.","protected":false},"excerpt":{"rendered":"<p>Die Sanseeria Laurentii ist in S\u00fcdafrika und Asien beheimatet. Diese Zimmerpflanze wird auch Frauenzunge genannt. Diesen Spitznamen verdankt die Pflanze ihren Bl\u00e4ttern. Stellen Sie diese Zimmerpflanze an einen hellen Platz. Sie gedeiht auch gut im Schatten. Gie\u00dfen Sie die Sanseveria Laurantii im Sommer einmal alle zwei Wochen. Im Winter reicht es aus, alle anderthalb Monate [&hellip;]<\/p>\n","protected":false},"author":3,"featured_media":25076,"comment_status":"closed","ping_status":"closed","template":"","meta":{"inline_featured_image":false},"pwb-brand":[4041],"product_cat":[4000,5133,4770,4036],"product_tag":[],"class_list":{"0":"post-25075","1":"product","2":"type-product","3":"status-publish","4":"has-post-thumbnail","6":"pwb-brand-meergroothandel","7":"product_cat-cat-pflanzen","8":"product_cat-cat-bogenhanf-sansevieria-laurentii","9":"product_cat-cat-pflanzen-sets","10":"product_cat-cat-zimmerpflanzen","12":"first","13":"outofstock","14":"sale","15":"taxable","16":"shipping-taxable","17":"purchasable","18":"product-type-simple"},"acf":[],"gtin":"8720634284820","brands":[{"id":4041,"name":"MEERGroothandel","slug":"meergroothandel"}],"_links":{"self":[{"href":"https:\/\/oragarden.de\/en\/wp-json\/wp\/v2\/product\/25075","targetHints":{"allow":["GET"]}}],"collection":[{"href":"https:\/\/oragarden.de\/en\/wp-json\/wp\/v2\/product"}],"about":[{"href":"https:\/\/oragarden.de\/en\/wp-json\/wp\/v2\/types\/product"}],"author":[{"embeddable":true,"href":"https:\/\/oragarden.de\/en\/wp-json\/wp\/v2\/users\/3"}],"replies":[{"embeddable":true,"href":"https:\/\/oragarden.de\/en\/wp-json\/wp\/v2\/comments?post=25075"}],"wp:featuredmedia":[{"embeddable":true,"href":"https:\/\/oragarden.de\/en\/wp-json\/wp\/v2\/media\/25076"}],"wp:attachment":[{"href":"https:\/\/oragarden.de\/en\/wp-json\/wp\/v2\/media?parent=25075"}],"wp:term":[{"taxonomy":"pwb-brand","embeddable":true,"href":"https:\/\/oragarden.de\/en\/wp-json\/wp\/v2\/pwb-brand?post=25075"},{"taxonomy":"product_cat","embeddable":true,"href":"https:\/\/oragarden.de\/en\/wp-json\/wp\/v2\/product_cat?post=25075"},{"taxonomy":"product_tag","embeddable":true,"href":"https:\/\/oragarden.de\/en\/wp-json\/wp\/v2\/product_tag?post=25075"}],"curies":[{"name":"wp","href":"https:\/\/api.w.org\/{rel}","templated":true}]}}