{"id":25067,"date":"2023-07-02T08:07:52","date_gmt":"2023-07-02T09:07:52","guid":{"rendered":"https:\/\/oragarden.de\/product\/meergroothandel-sansevieria-fernwood-punk-frauenzunge-2er-set-30-cm-o12-cm\/"},"modified":"2025-10-24T13:15:23","modified_gmt":"2025-10-24T14:15:23","slug":"meergroothandel-sansevieria-fernwood-punk-frauenzunge-2er-set-30-cm-o12-cm","status":"publish","type":"product","link":"https:\/\/oragarden.de\/en\/product\/meergroothandel-sansevieria-fernwood-punk-frauenzunge-2er-set-30-cm-o12-cm\/","title":{"rendered":"Meergroothandel Sansevieria Fernwood Punk (Frauenzunge) 2er Set &#8211; 30 cm, \u00d812 cm"},"content":{"rendered":"Die Sanseveria Fernwood Punk ist eine starke Zimmerpflanze. Die Pflanze ist auch unter dem Namen Frauenzunge bekannt. Diesen Spitznamen verdankt die Pflanze der Form ihrer Bl\u00c3\u00a4tter. \n\nAn den Standort stellt diese Zimmerpflanze keine besonderen Anspr\u00c3\u00bcche. Sie gedeiht sowohl an einem hellen Ort als auch im Schatten. \n\nGie\u00c3\u0178en Sie diese Zimmerpflanze im Sommer einmal alle zwei Wochen. In den k\u00c3\u00a4lteren Monaten verbraucht die Pflanze noch weniger Wasser. Einmal alle sechs Wochen ist dann ausreichend.\n\nBitte beachten Sie: Die Pflanzen sind ein lebendes Produkt und k\u00c3\u00b6nnen von den Fotos und der Beschreibung abweichen. Unsere Pflanzen werden in einem Kunststofftopf geliefert. Alle Pflanzen werden direkt von der G\u00c3\u00a4rtnerei verpackt und versandt.","protected":false},"excerpt":{"rendered":"<p>Die Sanseveria Fernwood Punk ist eine starke Zimmerpflanze. Die Pflanze ist auch unter dem Namen Frauenzunge bekannt. Diesen Spitznamen verdankt die Pflanze der Form ihrer Bl\u00c3\u00a4tter. An den Standort stellt diese Zimmerpflanze keine besonderen Anspr\u00c3\u00bcche. Sie gedeiht sowohl an einem hellen Ort als auch im Schatten. Gie\u00c3\u0178en Sie diese Zimmerpflanze im Sommer einmal alle zwei [&hellip;]<\/p>\n","protected":false},"author":3,"featured_media":25068,"comment_status":"closed","ping_status":"closed","template":"","meta":{"inline_featured_image":false},"pwb-brand":[4041],"product_cat":[4000,5133,5977,4770,4036],"product_tag":[],"class_list":{"0":"post-25067","1":"product","2":"type-product","3":"status-publish","4":"has-post-thumbnail","6":"pwb-brand-meergroothandel","7":"product_cat-cat-pflanzen","8":"product_cat-cat-bogenhanf-sansevieria-laurentii","9":"product_cat-cat-geschenke-fur-pflanzenliebhaber-und-innen","10":"product_cat-cat-pflanzen-sets","11":"product_cat-cat-zimmerpflanzen","13":"first","14":"outofstock","15":"sale","16":"taxable","17":"shipping-taxable","18":"purchasable","19":"product-type-simple"},"acf":[],"gtin":"8720634285001","brands":[{"id":4041,"name":"MEERGroothandel","slug":"meergroothandel"}],"_links":{"self":[{"href":"https:\/\/oragarden.de\/en\/wp-json\/wp\/v2\/product\/25067","targetHints":{"allow":["GET"]}}],"collection":[{"href":"https:\/\/oragarden.de\/en\/wp-json\/wp\/v2\/product"}],"about":[{"href":"https:\/\/oragarden.de\/en\/wp-json\/wp\/v2\/types\/product"}],"author":[{"embeddable":true,"href":"https:\/\/oragarden.de\/en\/wp-json\/wp\/v2\/users\/3"}],"replies":[{"embeddable":true,"href":"https:\/\/oragarden.de\/en\/wp-json\/wp\/v2\/comments?post=25067"}],"wp:featuredmedia":[{"embeddable":true,"href":"https:\/\/oragarden.de\/en\/wp-json\/wp\/v2\/media\/25068"}],"wp:attachment":[{"href":"https:\/\/oragarden.de\/en\/wp-json\/wp\/v2\/media?parent=25067"}],"wp:term":[{"taxonomy":"pwb-brand","embeddable":true,"href":"https:\/\/oragarden.de\/en\/wp-json\/wp\/v2\/pwb-brand?post=25067"},{"taxonomy":"product_cat","embeddable":true,"href":"https:\/\/oragarden.de\/en\/wp-json\/wp\/v2\/product_cat?post=25067"},{"taxonomy":"product_tag","embeddable":true,"href":"https:\/\/oragarden.de\/en\/wp-json\/wp\/v2\/product_tag?post=25067"}],"curies":[{"name":"wp","href":"https:\/\/api.w.org\/{rel}","templated":true}]}}