{"id":25023,"date":"2023-07-02T08:04:03","date_gmt":"2023-07-02T09:04:03","guid":{"rendered":"https:\/\/oragarden.de\/product\/vda-plant-sansevieria-zeylanica-65-cm-o17-cm\/"},"modified":"2025-10-24T13:15:21","modified_gmt":"2025-10-24T14:15:21","slug":"vda-plant-sansevieria-zeylanica-65-cm-o17-cm","status":"publish","type":"product","link":"https:\/\/oragarden.de\/en\/product\/vda-plant-sansevieria-zeylanica-65-cm-o17-cm\/","title":{"rendered":"Vda Plant Sansevieria Zeylanica &#8211; 65 cm, \u00d817 cm"},"content":{"rendered":"Diese Zimmerpflanze ist auch als Frauenzunge bekannt. Die Sanseveria Zeylanica verdankt diesen Beinamen der Form ihrer Bl\u00e4tter. Urspr\u00fcnglich stammt die Sanseveria Zeylanica aus S\u00fcdafrika und Asien. \r\n\r\nAn den Standort stellt die Sanseveria Zeylanica nicht viele Anforderungen. Sie k\u00f6nnen sie an einem hellen Ort aufstellen, aber sie gedeiht auch gut im Schatten. \r\n\r\nWerden Sie ihn an einem hellen Ort platzieren? Dann ist es wichtig, sie \u00f6fter zu gie\u00dfen. Im Winter reicht es aus, alle anderthalb Monate zu kommen. Im Sommer k\u00f6nnen Sie die Zimmerpflanze alle vierzehn Tage gie\u00dfen. \r\n\r\nHinweis: Die Pflanzen sind ein lebendes Produkt und k\u00f6nnen von den Fotos und der Beschreibung abweichen. Unsere Pflanzen werden in einem Kunststofftopf geliefert. Alle Pflanzen werden direkt von der G\u00e4rtnerei aus verpackt und verschickt.","protected":false},"excerpt":{"rendered":"<p>Diese Zimmerpflanze ist auch als Frauenzunge bekannt. Die Sanseveria Zeylanica verdankt diesen Beinamen der Form ihrer Bl\u00e4tter. Urspr\u00fcnglich stammt die Sanseveria Zeylanica aus S\u00fcdafrika und Asien. An den Standort stellt die Sanseveria Zeylanica nicht viele Anforderungen. Sie k\u00f6nnen sie an einem hellen Ort aufstellen, aber sie gedeiht auch gut im Schatten. Werden Sie ihn an [&hellip;]<\/p>\n","protected":false},"author":3,"featured_media":25024,"comment_status":"closed","ping_status":"closed","template":"","meta":{"inline_featured_image":false},"pwb-brand":[5107],"product_cat":[4000,5133,4036],"product_tag":[],"class_list":{"0":"post-25023","1":"product","2":"type-product","3":"status-publish","4":"has-post-thumbnail","6":"pwb-brand-vda-plant","7":"product_cat-cat-pflanzen","8":"product_cat-cat-bogenhanf-sansevieria-laurentii","9":"product_cat-cat-zimmerpflanzen","11":"first","12":"outofstock","13":"sale","14":"taxable","15":"shipping-taxable","16":"purchasable","17":"product-type-simple"},"acf":[],"gtin":"8720634285841","brands":[{"id":5107,"name":"Vda Plant","slug":"vda-plant"}],"_links":{"self":[{"href":"https:\/\/oragarden.de\/en\/wp-json\/wp\/v2\/product\/25023","targetHints":{"allow":["GET"]}}],"collection":[{"href":"https:\/\/oragarden.de\/en\/wp-json\/wp\/v2\/product"}],"about":[{"href":"https:\/\/oragarden.de\/en\/wp-json\/wp\/v2\/types\/product"}],"author":[{"embeddable":true,"href":"https:\/\/oragarden.de\/en\/wp-json\/wp\/v2\/users\/3"}],"replies":[{"embeddable":true,"href":"https:\/\/oragarden.de\/en\/wp-json\/wp\/v2\/comments?post=25023"}],"wp:featuredmedia":[{"embeddable":true,"href":"https:\/\/oragarden.de\/en\/wp-json\/wp\/v2\/media\/25024"}],"wp:attachment":[{"href":"https:\/\/oragarden.de\/en\/wp-json\/wp\/v2\/media?parent=25023"}],"wp:term":[{"taxonomy":"pwb-brand","embeddable":true,"href":"https:\/\/oragarden.de\/en\/wp-json\/wp\/v2\/pwb-brand?post=25023"},{"taxonomy":"product_cat","embeddable":true,"href":"https:\/\/oragarden.de\/en\/wp-json\/wp\/v2\/product_cat?post=25023"},{"taxonomy":"product_tag","embeddable":true,"href":"https:\/\/oragarden.de\/en\/wp-json\/wp\/v2\/product_tag?post=25023"}],"curies":[{"name":"wp","href":"https:\/\/api.w.org\/{rel}","templated":true}]}}