{"id":25006,"date":"2023-07-02T08:02:41","date_gmt":"2023-07-02T09:02:41","guid":{"rendered":"https:\/\/oragarden.de\/product\/hoogeveen-musa-basjoo-50-cm-o15-cm\/"},"modified":"2025-10-24T13:15:20","modified_gmt":"2025-10-24T14:15:20","slug":"hoogeveen-musa-basjoo-50-cm-o15-cm","status":"publish","type":"product","link":"https:\/\/oragarden.de\/en\/product\/hoogeveen-musa-basjoo-50-cm-o15-cm\/","title":{"rendered":"Hoogeveen Musa Basjoo &#8211; 50 cm, \u00d815 cm"},"content":{"rendered":"&#8220;Musa Basjoo&#8221; ist ein Bananenbaum, auch Faserbanane aus China genannt. Der Bananenbaum wird beispielsweise durch seine starken Fasern gehalten, an die B\u00fccher gebunden sind. Es ist der winterharte Bananenbaum, der existiert, bis zu 10 Grad Celsius. \u00dcber dem Boden wird er seine Bl\u00e4tter verlieren, aber diese werden im Fr\u00fchjahr wieder ausgehen. Das besondere dekorative Blatt des Baumes verleiht Ihrem Garten einen echten tropischen Look.","protected":false},"excerpt":{"rendered":"<p>&#8220;Musa Basjoo&#8221; ist ein Bananenbaum, auch Faserbanane aus China genannt. Der Bananenbaum wird beispielsweise durch seine starken Fasern gehalten, an die B\u00fccher gebunden sind. Es ist der winterharte Bananenbaum, der existiert, bis zu 10 Grad Celsius. \u00dcber dem Boden wird er seine Bl\u00e4tter verlieren, aber diese werden im Fr\u00fchjahr wieder ausgehen. Das besondere dekorative Blatt [&hellip;]<\/p>\n","protected":false},"author":3,"featured_media":25007,"comment_status":"closed","ping_status":"closed","template":"","meta":{"inline_featured_image":false},"pwb-brand":[4968],"product_cat":[4000,5114,4036],"product_tag":[],"class_list":{"0":"post-25006","1":"product","2":"type-product","3":"status-publish","4":"has-post-thumbnail","6":"pwb-brand-hoogeveen","7":"product_cat-cat-pflanzen","8":"product_cat-cat-bananenpflanzen","9":"product_cat-cat-zimmerpflanzen","11":"first","12":"outofstock","13":"sale","14":"taxable","15":"shipping-taxable","16":"purchasable","17":"product-type-simple"},"acf":[],"gtin":"8718104522015","brands":[{"id":4968,"name":"Hoogeveen","slug":"hoogeveen"}],"_links":{"self":[{"href":"https:\/\/oragarden.de\/en\/wp-json\/wp\/v2\/product\/25006","targetHints":{"allow":["GET"]}}],"collection":[{"href":"https:\/\/oragarden.de\/en\/wp-json\/wp\/v2\/product"}],"about":[{"href":"https:\/\/oragarden.de\/en\/wp-json\/wp\/v2\/types\/product"}],"author":[{"embeddable":true,"href":"https:\/\/oragarden.de\/en\/wp-json\/wp\/v2\/users\/3"}],"replies":[{"embeddable":true,"href":"https:\/\/oragarden.de\/en\/wp-json\/wp\/v2\/comments?post=25006"}],"wp:featuredmedia":[{"embeddable":true,"href":"https:\/\/oragarden.de\/en\/wp-json\/wp\/v2\/media\/25007"}],"wp:attachment":[{"href":"https:\/\/oragarden.de\/en\/wp-json\/wp\/v2\/media?parent=25006"}],"wp:term":[{"taxonomy":"pwb-brand","embeddable":true,"href":"https:\/\/oragarden.de\/en\/wp-json\/wp\/v2\/pwb-brand?post=25006"},{"taxonomy":"product_cat","embeddable":true,"href":"https:\/\/oragarden.de\/en\/wp-json\/wp\/v2\/product_cat?post=25006"},{"taxonomy":"product_tag","embeddable":true,"href":"https:\/\/oragarden.de\/en\/wp-json\/wp\/v2\/product_tag?post=25006"}],"curies":[{"name":"wp","href":"https:\/\/api.w.org\/{rel}","templated":true}]}}