{"id":25000,"date":"2023-07-02T08:02:14","date_gmt":"2023-07-02T09:02:14","guid":{"rendered":"https:\/\/oragarden.de\/product\/meergroothandel-musa-dwarf-cavendish-90-cm-o21-cm\/"},"modified":"2025-10-24T13:15:19","modified_gmt":"2025-10-24T14:15:19","slug":"meergroothandel-musa-dwarf-cavendish-90-cm-o21-cm","status":"publish","type":"product","link":"https:\/\/oragarden.de\/en\/product\/meergroothandel-musa-dwarf-cavendish-90-cm-o21-cm\/","title":{"rendered":"Meergroothandel Musa Dwarf Cavendish &#8211; 90 cm, \u00d821 cm"},"content":{"rendered":"<h3>\u00dcber die Musa Dwarf Cavendish<\/h3>\n<p>Tropische Stimmung mit dieser Musa Dwarf Cavendish! Diese sch\u00f6ne Zimmerpflanze ist auch als Bananenpflanze bekannt. Die Bananenpflanze mit ihren gr\u00fcn und lila gef\u00e4rbten Bl\u00e4ttern ist eine beeindruckende Zimmerpflanze.<\/p>\n<h3>Frisch aus der G\u00e4rtnerei<\/h3>\n<p>Alle Zimmerpflanzen werden von unseren Pflanzenexperten sorgf\u00e4ltig ausgew\u00e4hlt und direkt von unserer G\u00e4rtnerei verschickt. Unsere Pflanzen werden so biologisch wie m\u00f6glich angebaut und wachsen in einem Gew\u00e4chshaus auf, das mit Solarenergie und Erdw\u00e4rme betrieben wird.<\/p>\n<h3>Luftreinigung<\/h3>\n<p>Die Musa Dwarf Cavendish ist eine luftreinigende Zimmerpflanze, das hei\u00dft, sie h\u00e4lt die Luft im Haus sauber und versorgt sie mit Sauerstoff. Au\u00dferdem machen Zimmerpflanzen gl\u00fccklich. Wirklich &#8211; probieren Sie es aus!<\/p>\n<h3>Bew\u00e4sserung<\/h3>\n<p>Die Musa Dwarf Cavendish mag es, regelm\u00e4\u00dfig einen Schluck Wasser zu bekommen und mag einen feuchten Boden. Zweimal ein Glas Wasser pro Woche ist ausreichend. Geben Sie der Bananenpflanze zweimal im Monat etwas Pflanzennahrung. Im Winter reicht es aus, wenn die Pflanzen einmal im Monat gef\u00fcttert werden.<\/p>\n<h3>Position<\/h3>\n<p>Stellen Sie die Musa Dwarf Cavendish an einen hellen Ort, aber vermeiden Sie direkte Sonneneinstrahlung. Vermeiden Sie Zugluft, denn diese Zimmerpflanze mag sie nicht. Drehen Sie die Bananenpflanze regelm\u00e4\u00dfig ein wenig, damit die Zimmerpflanze nicht schief w\u00e4chst.<\/p>\n<h3>Verpackung und Lieferung<\/h3>\n<p>Wir verpacken Ihre Zimmerpflanzen in einem stabilen Karton, der speziell f\u00fcr Zimmerpflanzen konzipiert ist. Die Pflanzen werden durch eine Schutzh\u00fclle gesch\u00fctzt, die auch die Blumenerde im Topf h\u00e4lt. Die Zimmerpflanzen sind in der Kiste gesichert. Auf diese Weise wird Ihre Zimmerpflanze nicht nur frisch und gesund, sondern auch unbesch\u00e4digt geliefert.<\/p>","protected":false},"excerpt":{"rendered":"<p>\u00dcber die Musa Dwarf Cavendish Tropische Stimmung mit dieser Musa Dwarf Cavendish! Diese sch\u00f6ne Zimmerpflanze ist auch als Bananenpflanze bekannt. Die Bananenpflanze mit ihren gr\u00fcn und lila gef\u00e4rbten Bl\u00e4ttern ist eine beeindruckende Zimmerpflanze. Frisch aus der G\u00e4rtnerei Alle Zimmerpflanzen werden von unseren Pflanzenexperten sorgf\u00e4ltig ausgew\u00e4hlt und direkt von unserer G\u00e4rtnerei verschickt. Unsere Pflanzen werden so [&hellip;]<\/p>\n","protected":false},"author":3,"featured_media":25001,"comment_status":"closed","ping_status":"closed","template":"","meta":{"inline_featured_image":false},"pwb-brand":[4041],"product_cat":[4000,5114,4036],"product_tag":[],"class_list":{"0":"post-25000","1":"product","2":"type-product","3":"status-publish","4":"has-post-thumbnail","6":"pwb-brand-meergroothandel","7":"product_cat-cat-pflanzen","8":"product_cat-cat-bananenpflanzen","9":"product_cat-cat-zimmerpflanzen","11":"first","12":"outofstock","13":"sale","14":"taxable","15":"shipping-taxable","16":"purchasable","17":"product-type-simple"},"acf":[],"gtin":"8720634289252","brands":[{"id":4041,"name":"MEERGroothandel","slug":"meergroothandel"}],"_links":{"self":[{"href":"https:\/\/oragarden.de\/en\/wp-json\/wp\/v2\/product\/25000","targetHints":{"allow":["GET"]}}],"collection":[{"href":"https:\/\/oragarden.de\/en\/wp-json\/wp\/v2\/product"}],"about":[{"href":"https:\/\/oragarden.de\/en\/wp-json\/wp\/v2\/types\/product"}],"author":[{"embeddable":true,"href":"https:\/\/oragarden.de\/en\/wp-json\/wp\/v2\/users\/3"}],"replies":[{"embeddable":true,"href":"https:\/\/oragarden.de\/en\/wp-json\/wp\/v2\/comments?post=25000"}],"wp:featuredmedia":[{"embeddable":true,"href":"https:\/\/oragarden.de\/en\/wp-json\/wp\/v2\/media\/25001"}],"wp:attachment":[{"href":"https:\/\/oragarden.de\/en\/wp-json\/wp\/v2\/media?parent=25000"}],"wp:term":[{"taxonomy":"pwb-brand","embeddable":true,"href":"https:\/\/oragarden.de\/en\/wp-json\/wp\/v2\/pwb-brand?post=25000"},{"taxonomy":"product_cat","embeddable":true,"href":"https:\/\/oragarden.de\/en\/wp-json\/wp\/v2\/product_cat?post=25000"},{"taxonomy":"product_tag","embeddable":true,"href":"https:\/\/oragarden.de\/en\/wp-json\/wp\/v2\/product_tag?post=25000"}],"curies":[{"name":"wp","href":"https:\/\/api.w.org\/{rel}","templated":true}]}}