{"id":24977,"date":"2023-07-02T07:55:47","date_gmt":"2023-07-02T08:55:47","guid":{"rendered":"https:\/\/oragarden.de\/product\/xxl-plants-strelitzia-reginae-160-cm-o35-cm\/"},"modified":"2025-10-24T13:15:17","modified_gmt":"2025-10-24T14:15:17","slug":"xxl-plants-strelitzia-reginae-160-cm-o35-cm","status":"publish","type":"product","link":"https:\/\/oragarden.de\/en\/product\/xxl-plants-strelitzia-reginae-160-cm-o35-cm\/","title":{"rendered":"Xxl Plants Strelitzia Reginae &#8211; 160 cm, \u00d835 cm"},"content":{"rendered":"Die Strelitzia Reginae ist eine beliebte und bekannte Pflanze. Wer kennt sie nicht, die sch\u00f6nen Bl\u00fcten dieser Zimmerpflanze? Der Spitzname der Strelitzia Reginae ist Paradiesvogelblume und das aus gutem Grund. Die Strelitzia Reginae verleiht jedem Raum eine einzigartige Atmosph\u00e4re, auch wenn sie nicht bl\u00fcht. Die Strelitzia Reginae ist f\u00fcr ihre unglaublich sch\u00f6nen orangefarbenen und blauen Bl\u00fcten bekannt, aber nicht jede Strelitzia Reginae bl\u00fcht auch. Zun\u00e4chst einmal muss die gr\u00fcne Zimmerpflanze vier bis f\u00fcnf Jahre alt sein, bevor sie bl\u00fchen kann. Die richtige Pflege erh\u00f6ht die Chance, dass die Pflanze bl\u00fcht. Die Aufmerksamkeit und Energie, die Sie in die Strelitzia Reginae stecken, wird sich in Form dieser erstaunlichen Bl\u00fcten auszahlen! Die Strelitzia ist eine gro\u00dfe Zimmerpflanze und braucht daher auch viel Wasser, vor allem in den Sommermonaten. Achten Sie darauf, dass die Erde immer leicht feucht ist. Die Strelitzia stammt aus einem Klima, in dem fast immer die Sonne scheint. Diese einfache Zimmerpflanze mag daher einen Standort mit ausreichend Licht.","protected":false},"excerpt":{"rendered":"<p>Die Strelitzia Reginae ist eine beliebte und bekannte Pflanze. Wer kennt sie nicht, die sch\u00f6nen Bl\u00fcten dieser Zimmerpflanze? Der Spitzname der Strelitzia Reginae ist Paradiesvogelblume und das aus gutem Grund. Die Strelitzia Reginae verleiht jedem Raum eine einzigartige Atmosph\u00e4re, auch wenn sie nicht bl\u00fcht. Die Strelitzia Reginae ist f\u00fcr ihre unglaublich sch\u00f6nen orangefarbenen und blauen [&hellip;]<\/p>\n","protected":false},"author":3,"featured_media":24978,"comment_status":"closed","ping_status":"closed","template":"","meta":{"inline_featured_image":false},"pwb-brand":[4056],"product_cat":[5113],"product_tag":[],"class_list":{"0":"post-24977","1":"product","2":"type-product","3":"status-publish","4":"has-post-thumbnail","6":"pwb-brand-xxl-plants","7":"product_cat-cat-strelitzien","9":"first","10":"outofstock","11":"sale","12":"taxable","13":"shipping-taxable","14":"purchasable","15":"product-type-simple"},"acf":[],"gtin":"8720195202387","brands":[{"id":4056,"name":"Xxl Plants","slug":"xxl-plants"}],"_links":{"self":[{"href":"https:\/\/oragarden.de\/en\/wp-json\/wp\/v2\/product\/24977","targetHints":{"allow":["GET"]}}],"collection":[{"href":"https:\/\/oragarden.de\/en\/wp-json\/wp\/v2\/product"}],"about":[{"href":"https:\/\/oragarden.de\/en\/wp-json\/wp\/v2\/types\/product"}],"author":[{"embeddable":true,"href":"https:\/\/oragarden.de\/en\/wp-json\/wp\/v2\/users\/3"}],"replies":[{"embeddable":true,"href":"https:\/\/oragarden.de\/en\/wp-json\/wp\/v2\/comments?post=24977"}],"wp:featuredmedia":[{"embeddable":true,"href":"https:\/\/oragarden.de\/en\/wp-json\/wp\/v2\/media\/24978"}],"wp:attachment":[{"href":"https:\/\/oragarden.de\/en\/wp-json\/wp\/v2\/media?parent=24977"}],"wp:term":[{"taxonomy":"pwb-brand","embeddable":true,"href":"https:\/\/oragarden.de\/en\/wp-json\/wp\/v2\/pwb-brand?post=24977"},{"taxonomy":"product_cat","embeddable":true,"href":"https:\/\/oragarden.de\/en\/wp-json\/wp\/v2\/product_cat?post=24977"},{"taxonomy":"product_tag","embeddable":true,"href":"https:\/\/oragarden.de\/en\/wp-json\/wp\/v2\/product_tag?post=24977"}],"curies":[{"name":"wp","href":"https:\/\/api.w.org\/{rel}","templated":true}]}}