{"id":24965,"date":"2023-07-02T06:51:14","date_gmt":"2023-07-02T07:51:14","guid":{"rendered":"https:\/\/oragarden.de\/product\/xxl-plants-strelitzia-augusta-210-cm-o30-cm\/"},"modified":"2025-10-24T13:15:16","modified_gmt":"2025-10-24T14:15:16","slug":"xxl-plants-strelitzia-augusta-210-cm-o30-cm","status":"publish","type":"product","link":"https:\/\/oragarden.de\/en\/product\/xxl-plants-strelitzia-augusta-210-cm-o30-cm\/","title":{"rendered":"Xxl Plants Strelitzia Augusta &#8211; 210 cm, \u00d830 cm"},"content":{"rendered":"Dies ist keine Pflanze f\u00fcr Leute, die eine fast unechte, perfekte gr\u00fcne Pflanze m\u00f6gen. Diese Zimmerpflanze stammt direkt aus den Tropen Teneriffas. Diese Pflanze hat daher eine einzigartige Geschichte und die damit verbundenen Narben in Form von Rissen im Blatt. Dieser einzigartige Charakter verleiht der Strelitzia XL ihren Charme! Die Strelitzia Augusta Extra Large ist eine gro\u00dfe Zimmerpflanze, die relativ pflegeleicht ist. Wenn Sie die Pflanze jede Woche gut gie\u00dfen, k\u00f6nnen Sie sich lange an ihrem gr\u00fcnen Tropencharakter erfreuen. Die Strelitzia Extra Large ben\u00f6tigt w\u00f6chentlich ausreichend Wasser. Indem Sie Ihren Finger in die Erde stecken, wissen Sie, ob die Erde an den Wurzeln trocken ist. Dann ist es an der Zeit, die pflegeleichte Zimmerpflanze zu gie\u00dfen. Die Strelitzia Extra Large ist eine luftreinigende Zimmerpflanze, die die Sonne auf ihrer Zwiebel liebt.","protected":false},"excerpt":{"rendered":"<p>Dies ist keine Pflanze f\u00fcr Leute, die eine fast unechte, perfekte gr\u00fcne Pflanze m\u00f6gen. Diese Zimmerpflanze stammt direkt aus den Tropen Teneriffas. Diese Pflanze hat daher eine einzigartige Geschichte und die damit verbundenen Narben in Form von Rissen im Blatt. Dieser einzigartige Charakter verleiht der Strelitzia XL ihren Charme! Die Strelitzia Augusta Extra Large ist [&hellip;]<\/p>\n","protected":false},"author":3,"featured_media":24966,"comment_status":"closed","ping_status":"closed","template":"","meta":{"inline_featured_image":false},"pwb-brand":[4056],"product_cat":[5113],"product_tag":[],"class_list":{"0":"post-24965","1":"product","2":"type-product","3":"status-publish","4":"has-post-thumbnail","6":"pwb-brand-xxl-plants","7":"product_cat-cat-strelitzien","9":"first","10":"outofstock","11":"sale","12":"taxable","13":"shipping-taxable","14":"purchasable","15":"product-type-simple"},"acf":[],"gtin":"8720195204619","brands":[{"id":4056,"name":"Xxl Plants","slug":"xxl-plants"}],"_links":{"self":[{"href":"https:\/\/oragarden.de\/en\/wp-json\/wp\/v2\/product\/24965","targetHints":{"allow":["GET"]}}],"collection":[{"href":"https:\/\/oragarden.de\/en\/wp-json\/wp\/v2\/product"}],"about":[{"href":"https:\/\/oragarden.de\/en\/wp-json\/wp\/v2\/types\/product"}],"author":[{"embeddable":true,"href":"https:\/\/oragarden.de\/en\/wp-json\/wp\/v2\/users\/3"}],"replies":[{"embeddable":true,"href":"https:\/\/oragarden.de\/en\/wp-json\/wp\/v2\/comments?post=24965"}],"wp:featuredmedia":[{"embeddable":true,"href":"https:\/\/oragarden.de\/en\/wp-json\/wp\/v2\/media\/24966"}],"wp:attachment":[{"href":"https:\/\/oragarden.de\/en\/wp-json\/wp\/v2\/media?parent=24965"}],"wp:term":[{"taxonomy":"pwb-brand","embeddable":true,"href":"https:\/\/oragarden.de\/en\/wp-json\/wp\/v2\/pwb-brand?post=24965"},{"taxonomy":"product_cat","embeddable":true,"href":"https:\/\/oragarden.de\/en\/wp-json\/wp\/v2\/product_cat?post=24965"},{"taxonomy":"product_tag","embeddable":true,"href":"https:\/\/oragarden.de\/en\/wp-json\/wp\/v2\/product_tag?post=24965"}],"curies":[{"name":"wp","href":"https:\/\/api.w.org\/{rel}","templated":true}]}}