{"id":24956,"date":"2023-07-02T06:50:24","date_gmt":"2023-07-02T07:50:24","guid":{"rendered":"https:\/\/oragarden.de\/product\/xxl-plants-strelitzia-nicolai-230-cm\/"},"modified":"2025-10-24T13:15:15","modified_gmt":"2025-10-24T14:15:15","slug":"xxl-plants-strelitzia-nicolai-230-cm","status":"publish","type":"product","link":"https:\/\/oragarden.de\/en\/product\/xxl-plants-strelitzia-nicolai-230-cm\/","title":{"rendered":"Xxl Plants Strelitzia Nicolai &#8211; 230 cm"},"content":{"rendered":"Der Strelitzia XXL passt mit seinen gr\u00fcnen Bl\u00e4ttern und langen St\u00e4ngeln perfekt in die Strelitzia-Familie. Diese Paradiesvogelpflanze verleiht jedem Raum im Haus eine tropische Note. Die Strelitzia Nicolai ist keine schwierige gr\u00fcne Zimmerpflanze zu pflegen. Mit ein wenig Aufmerksamkeit reicht viel aus. Ein wenig Wasser einmal pro Woche reicht f\u00fcr die Strelitzia Nicolai. Sie wissen nicht, ob es Zeit zum Gie\u00dfen ist? F\u00fchlen Sie mit Ihren Fingern in die Erde. Wenn es hier trocken ist, Dann ist es an der Zeit, die luftreinigende Zimmerpflanze zu gie\u00dfen. Die Strelitzia Nicolai stammt urspr\u00fcnglich aus den Tropen. Deshalb steht die Pflanze am liebsten an m\u00f6glichst viel Licht. Stellen Sie die Pflanze an einen sonnigen Standort, dort gedeiht sie am besten. kommt zur Geltung.","protected":false},"excerpt":{"rendered":"<p>Der Strelitzia XXL passt mit seinen gr\u00fcnen Bl\u00e4ttern und langen St\u00e4ngeln perfekt in die Strelitzia-Familie. Diese Paradiesvogelpflanze verleiht jedem Raum im Haus eine tropische Note. Die Strelitzia Nicolai ist keine schwierige gr\u00fcne Zimmerpflanze zu pflegen. Mit ein wenig Aufmerksamkeit reicht viel aus. Ein wenig Wasser einmal pro Woche reicht f\u00fcr die Strelitzia Nicolai. Sie wissen [&hellip;]<\/p>\n","protected":false},"author":3,"featured_media":24957,"comment_status":"closed","ping_status":"closed","template":"","meta":{"inline_featured_image":false},"pwb-brand":[4056],"product_cat":[5113],"product_tag":[],"class_list":{"0":"post-24956","1":"product","2":"type-product","3":"status-publish","4":"has-post-thumbnail","6":"pwb-brand-xxl-plants","7":"product_cat-cat-strelitzien","9":"first","10":"outofstock","11":"sale","12":"taxable","13":"shipping-taxable","14":"purchasable","15":"product-type-simple"},"acf":[],"gtin":"8720195207429","brands":[{"id":4056,"name":"Xxl Plants","slug":"xxl-plants"}],"_links":{"self":[{"href":"https:\/\/oragarden.de\/en\/wp-json\/wp\/v2\/product\/24956","targetHints":{"allow":["GET"]}}],"collection":[{"href":"https:\/\/oragarden.de\/en\/wp-json\/wp\/v2\/product"}],"about":[{"href":"https:\/\/oragarden.de\/en\/wp-json\/wp\/v2\/types\/product"}],"author":[{"embeddable":true,"href":"https:\/\/oragarden.de\/en\/wp-json\/wp\/v2\/users\/3"}],"replies":[{"embeddable":true,"href":"https:\/\/oragarden.de\/en\/wp-json\/wp\/v2\/comments?post=24956"}],"wp:featuredmedia":[{"embeddable":true,"href":"https:\/\/oragarden.de\/en\/wp-json\/wp\/v2\/media\/24957"}],"wp:attachment":[{"href":"https:\/\/oragarden.de\/en\/wp-json\/wp\/v2\/media?parent=24956"}],"wp:term":[{"taxonomy":"pwb-brand","embeddable":true,"href":"https:\/\/oragarden.de\/en\/wp-json\/wp\/v2\/pwb-brand?post=24956"},{"taxonomy":"product_cat","embeddable":true,"href":"https:\/\/oragarden.de\/en\/wp-json\/wp\/v2\/product_cat?post=24956"},{"taxonomy":"product_tag","embeddable":true,"href":"https:\/\/oragarden.de\/en\/wp-json\/wp\/v2\/product_tag?post=24956"}],"curies":[{"name":"wp","href":"https:\/\/api.w.org\/{rel}","templated":true}]}}