{"id":24943,"date":"2023-07-02T06:49:40","date_gmt":"2023-07-02T07:49:40","guid":{"rendered":"https:\/\/oragarden.de\/product\/meergroothandel-ficus-lyrata-gummipflanze-100-cm-o-21-cm\/"},"modified":"2025-10-24T13:15:13","modified_gmt":"2025-10-24T14:15:13","slug":"meergroothandel-ficus-lyrata-gummipflanze-100-cm-o-21-cm","status":"publish","type":"product","link":"https:\/\/oragarden.de\/en\/product\/meergroothandel-ficus-lyrata-gummipflanze-100-cm-o-21-cm\/","title":{"rendered":"Meergroothandel Ficus Lyrata (Gummipflanze) &#8211; 100 cm, \u00d8 21 cm"},"content":{"rendered":"Der Ficus Lyrata ist eine sch\u00f6ne, gr\u00fcne Zimmerpflanze. Diese Zimmerpflanze ist eine der beliebtesten Zimmerpflanzen in den Niederlanden. Der Spitzname dieser Pflanze ist &#8220;Tabakpflanze&#8221;. \r\n\r\nStellen Sie den Ficus Lyrata an einen hellen Ort. Sogar direktes Sonnenlicht ist gut f\u00fcr diese Zimmerpflanze. Wenn die Pflanze nicht genug Licht bekommt, fallen die Bl\u00e4tter aus.\r\n\r\nGie\u00dfen Sie die Pflanze einmal pro Woche. In w\u00e4rmeren Perioden braucht die Pflanze m\u00f6glicherweise mehr Wasser. Im Winter braucht die Pflanze weniger Wasser. Durch F\u00fchlen der Blumenerde k\u00f6nnen Sie feststellen, ob Ihre Pflanze Wasser braucht. \r\n\r\nHinweis: Pflanzen sind ein lebendes Produkt und k\u00f6nnen von den Fotos und der Beschreibung abweichen. Unsere Pflanzen werden in einem Plastiktopf geliefert. Alle Pflanzen werden direkt von der G\u00e4rtnerei verpackt und verschickt.","protected":false},"excerpt":{"rendered":"<p>Der Ficus Lyrata ist eine sch\u00f6ne, gr\u00fcne Zimmerpflanze. Diese Zimmerpflanze ist eine der beliebtesten Zimmerpflanzen in den Niederlanden. Der Spitzname dieser Pflanze ist &#8220;Tabakpflanze&#8221;. Stellen Sie den Ficus Lyrata an einen hellen Ort. Sogar direktes Sonnenlicht ist gut f\u00fcr diese Zimmerpflanze. Wenn die Pflanze nicht genug Licht bekommt, fallen die Bl\u00e4tter aus. Gie\u00dfen Sie die [&hellip;]<\/p>\n","protected":false},"author":3,"featured_media":24944,"comment_status":"open","ping_status":"closed","template":"","meta":{"inline_featured_image":false},"pwb-brand":[4041],"product_cat":[4967],"product_tag":[],"class_list":{"0":"post-24943","1":"product","2":"type-product","3":"status-publish","4":"has-post-thumbnail","6":"pwb-brand-meergroothandel","7":"product_cat-cat-ficus","9":"first","10":"outofstock","11":"sale","12":"taxable","13":"shipping-taxable","14":"purchasable","15":"product-type-simple"},"acf":[],"gtin":"8720634285407","brands":[{"id":4041,"name":"MEERGroothandel","slug":"meergroothandel"}],"_links":{"self":[{"href":"https:\/\/oragarden.de\/en\/wp-json\/wp\/v2\/product\/24943","targetHints":{"allow":["GET"]}}],"collection":[{"href":"https:\/\/oragarden.de\/en\/wp-json\/wp\/v2\/product"}],"about":[{"href":"https:\/\/oragarden.de\/en\/wp-json\/wp\/v2\/types\/product"}],"author":[{"embeddable":true,"href":"https:\/\/oragarden.de\/en\/wp-json\/wp\/v2\/users\/3"}],"replies":[{"embeddable":true,"href":"https:\/\/oragarden.de\/en\/wp-json\/wp\/v2\/comments?post=24943"}],"wp:featuredmedia":[{"embeddable":true,"href":"https:\/\/oragarden.de\/en\/wp-json\/wp\/v2\/media\/24944"}],"wp:attachment":[{"href":"https:\/\/oragarden.de\/en\/wp-json\/wp\/v2\/media?parent=24943"}],"wp:term":[{"taxonomy":"pwb-brand","embeddable":true,"href":"https:\/\/oragarden.de\/en\/wp-json\/wp\/v2\/pwb-brand?post=24943"},{"taxonomy":"product_cat","embeddable":true,"href":"https:\/\/oragarden.de\/en\/wp-json\/wp\/v2\/product_cat?post=24943"},{"taxonomy":"product_tag","embeddable":true,"href":"https:\/\/oragarden.de\/en\/wp-json\/wp\/v2\/product_tag?post=24943"}],"curies":[{"name":"wp","href":"https:\/\/api.w.org\/{rel}","templated":true}]}}