{"id":24913,"date":"2023-07-02T06:47:21","date_gmt":"2023-07-02T07:47:21","guid":{"rendered":"https:\/\/oragarden.de\/product\/hoogeveen-ficus-gustissimo-perretta-50-cm-o-19-cm\/"},"modified":"2025-10-24T13:15:12","modified_gmt":"2025-10-24T14:15:12","slug":"hoogeveen-ficus-gustissimo-perretta-50-cm-o-19-cm","status":"publish","type":"product","link":"https:\/\/oragarden.de\/en\/product\/hoogeveen-ficus-gustissimo-perretta-50-cm-o-19-cm\/","title":{"rendered":"Hoogeveen Ficus Gustissimo Perretta &#8211; 50 cm, \u00d8 19 cm"},"content":{"rendered":"Leckeres gr\u00fcn, 100% biologisch angebaute Fr\u00fcchte. Dies bedeutet, dass beim Anbau nur Gem\u00fcse- und Tiermaterialien verwendet wurden. Der Topf und das Etikett bestehen aus recyceltem Kunststoff und damit eine saubere L\u00f6sung f\u00fcr die Umwelt.\r\n&#8220;Ficus Gustissimo Perretta&#8221; ist ein Feigenbaum, der zweimal im Jahr Fr\u00fcchte verleiht und f\u00fcr unser Klima am besten geeignet ist. Dieser Feigenbaum ist sehr robust und gibt Ihrem Garten eine mediterrane Atmosph\u00e4re. Die Frucht hat einen s\u00fc\u00dfen Geschmack und kann sofort gegessen werden, wenn Sie sie ausw\u00e4hlen. Die Feigen sind gr\u00fcnbraun mit Fleisch, die tiefrot ist. Die Feige hat keine Bl\u00fcten, in der Tat sind die Fr\u00fcchte auch die Bl\u00fcten. Die Bl\u00e4tter des Feigenbaums sind in Form einer Hand. Das Blatt des Feigenbaums ist am besten aus den Bildern von Adam und Eva in klassischer Malerei bekannt, wo das Feigenblatt zum Abdecken des nackten K\u00f6rpers verwendet wurde. Im zweiten Jahr nach dem Pflanzen k\u00f6nnen wir ab Ende des Sommers ernten.","protected":false},"excerpt":{"rendered":"<p>Leckeres gr\u00fcn, 100% biologisch angebaute Fr\u00fcchte. Dies bedeutet, dass beim Anbau nur Gem\u00fcse- und Tiermaterialien verwendet wurden. Der Topf und das Etikett bestehen aus recyceltem Kunststoff und damit eine saubere L\u00f6sung f\u00fcr die Umwelt. &#8220;Ficus Gustissimo Perretta&#8221; ist ein Feigenbaum, der zweimal im Jahr Fr\u00fcchte verleiht und f\u00fcr unser Klima am besten geeignet ist. Dieser [&hellip;]<\/p>\n","protected":false},"author":3,"featured_media":24914,"comment_status":"open","ping_status":"closed","template":"","meta":{"inline_featured_image":false},"pwb-brand":[4968],"product_cat":[4967],"product_tag":[],"class_list":{"0":"post-24913","1":"product","2":"type-product","3":"status-publish","4":"has-post-thumbnail","6":"pwb-brand-hoogeveen","7":"product_cat-cat-ficus","9":"first","10":"outofstock","11":"sale","12":"taxable","13":"shipping-taxable","14":"purchasable","15":"product-type-simple"},"acf":[],"gtin":"8719474810306","brands":[{"id":4968,"name":"Hoogeveen","slug":"hoogeveen"}],"_links":{"self":[{"href":"https:\/\/oragarden.de\/en\/wp-json\/wp\/v2\/product\/24913","targetHints":{"allow":["GET"]}}],"collection":[{"href":"https:\/\/oragarden.de\/en\/wp-json\/wp\/v2\/product"}],"about":[{"href":"https:\/\/oragarden.de\/en\/wp-json\/wp\/v2\/types\/product"}],"author":[{"embeddable":true,"href":"https:\/\/oragarden.de\/en\/wp-json\/wp\/v2\/users\/3"}],"replies":[{"embeddable":true,"href":"https:\/\/oragarden.de\/en\/wp-json\/wp\/v2\/comments?post=24913"}],"wp:featuredmedia":[{"embeddable":true,"href":"https:\/\/oragarden.de\/en\/wp-json\/wp\/v2\/media\/24914"}],"wp:attachment":[{"href":"https:\/\/oragarden.de\/en\/wp-json\/wp\/v2\/media?parent=24913"}],"wp:term":[{"taxonomy":"pwb-brand","embeddable":true,"href":"https:\/\/oragarden.de\/en\/wp-json\/wp\/v2\/pwb-brand?post=24913"},{"taxonomy":"product_cat","embeddable":true,"href":"https:\/\/oragarden.de\/en\/wp-json\/wp\/v2\/product_cat?post=24913"},{"taxonomy":"product_tag","embeddable":true,"href":"https:\/\/oragarden.de\/en\/wp-json\/wp\/v2\/product_tag?post=24913"}],"curies":[{"name":"wp","href":"https:\/\/api.w.org\/{rel}","templated":true}]}}