{"id":24880,"date":"2023-07-02T06:44:47","date_gmt":"2023-07-02T07:44:47","guid":{"rendered":"https:\/\/oragarden.de\/product\/meergroothandel-ficus-altissima-gummipflanze-85-cm-o-21-cm\/"},"modified":"2025-10-24T13:15:10","modified_gmt":"2025-10-24T14:15:10","slug":"meergroothandel-ficus-altissima-gummipflanze-85-cm-o-21-cm","status":"publish","type":"product","link":"https:\/\/oragarden.de\/en\/product\/meergroothandel-ficus-altissima-gummipflanze-85-cm-o-21-cm\/","title":{"rendered":"Meergroothandel Ficus Altissima (Gummipflanze) &#8211; 85 cm, \u00d8 21 cm"},"content":{"rendered":"Der Ficus Altissima ist eine leicht zu pflegende Zimmerpflanze. Urspr\u00fcnglich stammt diese Pflanze aus Afrika, S\u00fcdamerika, Australien und Asien. Der Ficus ist eine sehr beliebte Zimmerpflanze. \r\n\r\nDer beste Standort f\u00fcr Ficus ist ein heller Platz. Vermeiden Sie direkte Sonneneinstrahlung, da diese die Bl\u00e4tter verbrennen kann.\r\n\r\nAchten Sie darauf, dass die Blumenerde des Ficus immer feucht ist. In w\u00e4rmeren Perioden gen\u00fcgt es, ein- bis zweimal pro Woche zu gie\u00dfen. Im Winter verbraucht die Pflanze weniger Wasser und einmal pro Woche reicht aus. \r\n\r\nHinweis: Die Pflanzen sind ein lebendes Produkt und k\u00f6nnen von den Fotos und der Beschreibung abweichen. Unsere Pflanzen werden in einem Kunststofftopf geliefert. Alle Pflanzen werden direkt von der G\u00e4rtnerei verpackt und versandt.","protected":false},"excerpt":{"rendered":"<p>Der Ficus Altissima ist eine leicht zu pflegende Zimmerpflanze. Urspr\u00fcnglich stammt diese Pflanze aus Afrika, S\u00fcdamerika, Australien und Asien. Der Ficus ist eine sehr beliebte Zimmerpflanze. Der beste Standort f\u00fcr Ficus ist ein heller Platz. Vermeiden Sie direkte Sonneneinstrahlung, da diese die Bl\u00e4tter verbrennen kann. Achten Sie darauf, dass die Blumenerde des Ficus immer feucht [&hellip;]<\/p>\n","protected":false},"author":3,"featured_media":24881,"comment_status":"open","ping_status":"closed","template":"","meta":{"inline_featured_image":false},"pwb-brand":[4041],"product_cat":[4967],"product_tag":[],"class_list":{"0":"post-24880","1":"product","2":"type-product","3":"status-publish","4":"has-post-thumbnail","6":"pwb-brand-meergroothandel","7":"product_cat-cat-ficus","9":"first","10":"outofstock","11":"sale","12":"taxable","13":"shipping-taxable","14":"purchasable","15":"product-type-simple"},"acf":[],"gtin":"8720634284592","brands":[{"id":4041,"name":"MEERGroothandel","slug":"meergroothandel"}],"_links":{"self":[{"href":"https:\/\/oragarden.de\/en\/wp-json\/wp\/v2\/product\/24880","targetHints":{"allow":["GET"]}}],"collection":[{"href":"https:\/\/oragarden.de\/en\/wp-json\/wp\/v2\/product"}],"about":[{"href":"https:\/\/oragarden.de\/en\/wp-json\/wp\/v2\/types\/product"}],"author":[{"embeddable":true,"href":"https:\/\/oragarden.de\/en\/wp-json\/wp\/v2\/users\/3"}],"replies":[{"embeddable":true,"href":"https:\/\/oragarden.de\/en\/wp-json\/wp\/v2\/comments?post=24880"}],"wp:featuredmedia":[{"embeddable":true,"href":"https:\/\/oragarden.de\/en\/wp-json\/wp\/v2\/media\/24881"}],"wp:attachment":[{"href":"https:\/\/oragarden.de\/en\/wp-json\/wp\/v2\/media?parent=24880"}],"wp:term":[{"taxonomy":"pwb-brand","embeddable":true,"href":"https:\/\/oragarden.de\/en\/wp-json\/wp\/v2\/pwb-brand?post=24880"},{"taxonomy":"product_cat","embeddable":true,"href":"https:\/\/oragarden.de\/en\/wp-json\/wp\/v2\/product_cat?post=24880"},{"taxonomy":"product_tag","embeddable":true,"href":"https:\/\/oragarden.de\/en\/wp-json\/wp\/v2\/product_tag?post=24880"}],"curies":[{"name":"wp","href":"https:\/\/api.w.org\/{rel}","templated":true}]}}