{"id":24861,"date":"2023-07-02T06:43:23","date_gmt":"2023-07-02T07:43:23","guid":{"rendered":"https:\/\/oragarden.de\/product\/xxl-plants-ficus-lyrata-verzweigt-160-cm-%e2%8c%80-30-cm\/"},"modified":"2025-10-24T13:15:08","modified_gmt":"2025-10-24T14:15:08","slug":"xxl-plants-ficus-lyrata-verzweigt-160-cm-%e2%8c%80-30-cm","status":"publish","type":"product","link":"https:\/\/oragarden.de\/en\/product\/xxl-plants-ficus-lyrata-verzweigt-160-cm-%e2%8c%80-30-cm\/","title":{"rendered":"Xxl Plants Ficus Lyrata verzweigt &#8211; 160 cm, \u2300 30 cm"},"content":{"rendered":"Der Ficus ist derzeit eine der begehrtesten Pflanzen. Diese Variante des Ficus Lyrata ist verzweigt und verleiht Ihrem Wohnzimmer daher eine sch\u00f6ne \u00fcppige Wirkung. Gl\u00fccklicherweise ist die verzweigte Ficus Lyrata keine schwer zu pflegende Pflanze. Der Ficus ist jedoch empfindlich gegen\u00fcber einer neuen Umgebung. Wir empfehlen daher, die Pflanze nicht zu oft zu bewegen. Der Boden des verzweigten Ficus Lyrata darf immer leicht feucht bleiben. Wir empfehlen, die Pflanze am Anfang mehrmals in kleinen Mengen zu gie\u00dfen, statt in gro\u00dfen Mengen auf einmal. Der Ficus Lyrata-Zweig mag eine sch\u00f6ne Sonne. Das braucht die Pflanze sogar, um sch\u00f6n und gesund zu bleiben. Vorsicht im Sommer. Steht der Ficus den ganzen Tag vor einem S\u00fcdfenster, kann es ihm etwas zu hei\u00df werden.","protected":false},"excerpt":{"rendered":"<p>Der Ficus ist derzeit eine der begehrtesten Pflanzen. Diese Variante des Ficus Lyrata ist verzweigt und verleiht Ihrem Wohnzimmer daher eine sch\u00f6ne \u00fcppige Wirkung. Gl\u00fccklicherweise ist die verzweigte Ficus Lyrata keine schwer zu pflegende Pflanze. Der Ficus ist jedoch empfindlich gegen\u00fcber einer neuen Umgebung. Wir empfehlen daher, die Pflanze nicht zu oft zu bewegen. Der [&hellip;]<\/p>\n","protected":false},"author":3,"featured_media":24862,"comment_status":"open","ping_status":"closed","template":"","meta":{"inline_featured_image":false},"pwb-brand":[4056],"product_cat":[4967],"product_tag":[],"class_list":{"0":"post-24861","1":"product","2":"type-product","3":"status-publish","4":"has-post-thumbnail","6":"pwb-brand-xxl-plants","7":"product_cat-cat-ficus","9":"first","10":"outofstock","11":"sale","12":"taxable","13":"shipping-taxable","14":"purchasable","15":"product-type-simple"},"acf":[],"gtin":"8720195207122","brands":[{"id":4056,"name":"Xxl Plants","slug":"xxl-plants"}],"_links":{"self":[{"href":"https:\/\/oragarden.de\/en\/wp-json\/wp\/v2\/product\/24861","targetHints":{"allow":["GET"]}}],"collection":[{"href":"https:\/\/oragarden.de\/en\/wp-json\/wp\/v2\/product"}],"about":[{"href":"https:\/\/oragarden.de\/en\/wp-json\/wp\/v2\/types\/product"}],"author":[{"embeddable":true,"href":"https:\/\/oragarden.de\/en\/wp-json\/wp\/v2\/users\/3"}],"replies":[{"embeddable":true,"href":"https:\/\/oragarden.de\/en\/wp-json\/wp\/v2\/comments?post=24861"}],"wp:featuredmedia":[{"embeddable":true,"href":"https:\/\/oragarden.de\/en\/wp-json\/wp\/v2\/media\/24862"}],"wp:attachment":[{"href":"https:\/\/oragarden.de\/en\/wp-json\/wp\/v2\/media?parent=24861"}],"wp:term":[{"taxonomy":"pwb-brand","embeddable":true,"href":"https:\/\/oragarden.de\/en\/wp-json\/wp\/v2\/pwb-brand?post=24861"},{"taxonomy":"product_cat","embeddable":true,"href":"https:\/\/oragarden.de\/en\/wp-json\/wp\/v2\/product_cat?post=24861"},{"taxonomy":"product_tag","embeddable":true,"href":"https:\/\/oragarden.de\/en\/wp-json\/wp\/v2\/product_tag?post=24861"}],"curies":[{"name":"wp","href":"https:\/\/api.w.org\/{rel}","templated":true}]}}