{"id":24849,"date":"2023-07-02T06:39:14","date_gmt":"2023-07-02T07:39:14","guid":{"rendered":"https:\/\/oragarden.de\/product\/xxl-plants-ficus-benghalensis-audrey-210-cm-%e2%8c%80-40-cm\/"},"modified":"2025-10-24T13:15:06","modified_gmt":"2025-10-24T14:15:06","slug":"xxl-plants-ficus-benghalensis-audrey-210-cm-%e2%8c%80-40-cm","status":"publish","type":"product","link":"https:\/\/oragarden.de\/en\/product\/xxl-plants-ficus-benghalensis-audrey-210-cm-%e2%8c%80-40-cm\/","title":{"rendered":"Xxl Plants Ficus benghalensis Audrey &#8211; 210 cm, \u2300 40 cm"},"content":{"rendered":"Ficus Benghalensis Audrey hat aufgrund ihrer einzigartigen und leicht aggressiven Wuchsform den Spitznamen &#8216;W\u00fcrgepflanze&#8217; erhalten. In der Natur klettert die Pflanze sogar an h\u00f6heren B\u00e4umen hoch, um sie sozusagen zu erdrosseln und ihren Platz einzunehmen.  Ficus Benghalensis Audrey stammt aus einem tropischen und sonnigen Gebiet. Aus diesem Grund vertr\u00e4gt diese tropische Pflanze direkte Sonneneinstrahlung und liebt es, bei Ihnen zu Hause in der Sonne zu stehen. Halten Sie die Erde immer leicht feucht und der Ficus wird f\u00fcr Sie leuchten!","protected":false},"excerpt":{"rendered":"<p>Ficus Benghalensis Audrey hat aufgrund ihrer einzigartigen und leicht aggressiven Wuchsform den Spitznamen &#8216;W\u00fcrgepflanze&#8217; erhalten. In der Natur klettert die Pflanze sogar an h\u00f6heren B\u00e4umen hoch, um sie sozusagen zu erdrosseln und ihren Platz einzunehmen. Ficus Benghalensis Audrey stammt aus einem tropischen und sonnigen Gebiet. Aus diesem Grund vertr\u00e4gt diese tropische Pflanze direkte Sonneneinstrahlung und [&hellip;]<\/p>\n","protected":false},"author":3,"featured_media":24850,"comment_status":"open","ping_status":"closed","template":"","meta":{"inline_featured_image":false},"pwb-brand":[4056],"product_cat":[4967],"product_tag":[],"class_list":{"0":"post-24849","1":"product","2":"type-product","3":"status-publish","4":"has-post-thumbnail","6":"pwb-brand-xxl-plants","7":"product_cat-cat-ficus","9":"first","10":"outofstock","11":"sale","12":"taxable","13":"shipping-taxable","14":"purchasable","15":"product-type-simple"},"acf":[],"gtin":"8720195209591","brands":[{"id":4056,"name":"Xxl Plants","slug":"xxl-plants"}],"_links":{"self":[{"href":"https:\/\/oragarden.de\/en\/wp-json\/wp\/v2\/product\/24849","targetHints":{"allow":["GET"]}}],"collection":[{"href":"https:\/\/oragarden.de\/en\/wp-json\/wp\/v2\/product"}],"about":[{"href":"https:\/\/oragarden.de\/en\/wp-json\/wp\/v2\/types\/product"}],"author":[{"embeddable":true,"href":"https:\/\/oragarden.de\/en\/wp-json\/wp\/v2\/users\/3"}],"replies":[{"embeddable":true,"href":"https:\/\/oragarden.de\/en\/wp-json\/wp\/v2\/comments?post=24849"}],"wp:featuredmedia":[{"embeddable":true,"href":"https:\/\/oragarden.de\/en\/wp-json\/wp\/v2\/media\/24850"}],"wp:attachment":[{"href":"https:\/\/oragarden.de\/en\/wp-json\/wp\/v2\/media?parent=24849"}],"wp:term":[{"taxonomy":"pwb-brand","embeddable":true,"href":"https:\/\/oragarden.de\/en\/wp-json\/wp\/v2\/pwb-brand?post=24849"},{"taxonomy":"product_cat","embeddable":true,"href":"https:\/\/oragarden.de\/en\/wp-json\/wp\/v2\/product_cat?post=24849"},{"taxonomy":"product_tag","embeddable":true,"href":"https:\/\/oragarden.de\/en\/wp-json\/wp\/v2\/product_tag?post=24849"}],"curies":[{"name":"wp","href":"https:\/\/api.w.org\/{rel}","templated":true}]}}