{"id":24799,"date":"2023-07-02T06:33:50","date_gmt":"2023-07-02T07:33:50","guid":{"rendered":"https:\/\/oragarden.de\/product\/xxl-plants-ficus-carica-auf-stiel-180-cm\/"},"modified":"2025-10-24T13:15:02","modified_gmt":"2025-10-24T14:15:02","slug":"xxl-plants-ficus-carica-auf-stiel-180-cm","status":"publish","type":"product","link":"https:\/\/oragarden.de\/en\/product\/xxl-plants-ficus-carica-auf-stiel-180-cm\/","title":{"rendered":"Xxl Plants Ficus Carica Auf Stiel &#8211; 180 cm"},"content":{"rendered":"Ficus Carica ist in Westasien und Nordwestindien heimisch. Hier kann der Feigenbaum drau\u00dfen in der Sonne gehalten werden. In den Niederlanden kann der Ficus Carica sowohl als Innen- als auch als Au\u00dfenpflanze gehalten werden. Wenn es dem Ficus Carica gef\u00e4llt, bildet er selbst Feigen aus! Die Pflege des Feigenbaums Ficus Carica ist nicht schwierig, aber auch er braucht hin und wieder Aufmerksamkeit. Vergewissern Sie sich, dass Sie wissen, wie man ihn am besten pflegt. Was das Wasser betrifft, so liebt diese Pflanze einen Schluck. Halten Sie die Erde immer leicht feucht, vor allem im Sommer. F\u00fchlen Sie vor jedem Gie\u00dfen mit zwei Fingern tief in die Erde. Wenn die Erde vom letzten Mal noch nass ist, warten Sie eine Weile. Zu viel Wasser kann zu Wurzelf\u00e4ule f\u00fchren, und das ist das Letzte, was Sie sich f\u00fcr Ihren gr\u00fcnen Freund w\u00fcnschen.","protected":false},"excerpt":{"rendered":"<p>Ficus Carica ist in Westasien und Nordwestindien heimisch. Hier kann der Feigenbaum drau\u00dfen in der Sonne gehalten werden. In den Niederlanden kann der Ficus Carica sowohl als Innen- als auch als Au\u00dfenpflanze gehalten werden. Wenn es dem Ficus Carica gef\u00e4llt, bildet er selbst Feigen aus! Die Pflege des Feigenbaums Ficus Carica ist nicht schwierig, aber [&hellip;]<\/p>\n","protected":false},"author":3,"featured_media":24800,"comment_status":"closed","ping_status":"closed","template":"","meta":{"inline_featured_image":false},"pwb-brand":[4056],"product_cat":[4967],"product_tag":[],"class_list":{"0":"post-24799","1":"product","2":"type-product","3":"status-publish","4":"has-post-thumbnail","6":"pwb-brand-xxl-plants","7":"product_cat-cat-ficus","9":"first","10":"outofstock","11":"sale","12":"taxable","13":"shipping-taxable","14":"purchasable","15":"product-type-simple"},"acf":[],"gtin":"8720955101172","brands":[{"id":4056,"name":"Xxl Plants","slug":"xxl-plants"}],"_links":{"self":[{"href":"https:\/\/oragarden.de\/en\/wp-json\/wp\/v2\/product\/24799","targetHints":{"allow":["GET"]}}],"collection":[{"href":"https:\/\/oragarden.de\/en\/wp-json\/wp\/v2\/product"}],"about":[{"href":"https:\/\/oragarden.de\/en\/wp-json\/wp\/v2\/types\/product"}],"author":[{"embeddable":true,"href":"https:\/\/oragarden.de\/en\/wp-json\/wp\/v2\/users\/3"}],"replies":[{"embeddable":true,"href":"https:\/\/oragarden.de\/en\/wp-json\/wp\/v2\/comments?post=24799"}],"wp:featuredmedia":[{"embeddable":true,"href":"https:\/\/oragarden.de\/en\/wp-json\/wp\/v2\/media\/24800"}],"wp:attachment":[{"href":"https:\/\/oragarden.de\/en\/wp-json\/wp\/v2\/media?parent=24799"}],"wp:term":[{"taxonomy":"pwb-brand","embeddable":true,"href":"https:\/\/oragarden.de\/en\/wp-json\/wp\/v2\/pwb-brand?post=24799"},{"taxonomy":"product_cat","embeddable":true,"href":"https:\/\/oragarden.de\/en\/wp-json\/wp\/v2\/product_cat?post=24799"},{"taxonomy":"product_tag","embeddable":true,"href":"https:\/\/oragarden.de\/en\/wp-json\/wp\/v2\/product_tag?post=24799"}],"curies":[{"name":"wp","href":"https:\/\/api.w.org\/{rel}","templated":true}]}}