{"id":24681,"date":"2023-07-02T06:26:08","date_gmt":"2023-07-02T07:26:08","guid":{"rendered":"https:\/\/oragarden.de\/product\/meergroothandel-epipremnum-marble-queen-scindapsus-25-cm-o15-cm\/"},"modified":"2025-10-24T13:14:53","modified_gmt":"2025-10-24T14:14:53","slug":"meergroothandel-epipremnum-marble-queen-scindapsus-25-cm-o15-cm","status":"publish","type":"product","link":"https:\/\/oragarden.de\/en\/product\/meergroothandel-epipremnum-marble-queen-scindapsus-25-cm-o15-cm\/","title":{"rendered":"Meergroothandel Epipremnum Marble Queen (Scindapsus) &#8211; 25 cm, \u00d815 cm"},"content":{"rendered":"Die Epipremnum Marble Queen ist eine einfache Zimmerpflanze. Sie k\u00f6nnen die Pflanze an einem Moosstab entlang klettern lassen oder sie h\u00e4ngen lassen. Bei der richtigen Pflege w\u00e4chst diese Zimmerpflanze sehr schnell. \r\n\r\nStellen Sie die Epipremnum an einen hellen Ort, aber nicht in die direkte Sonne. Je heller die Pflanze platziert wird, desto bunter wird die Zeichnung auf den Bl\u00e4ttern.\r\n\r\nHalten Sie die Blumenerde leicht feucht. Im Winter verbraucht die Pflanze viel weniger Wasser als in w\u00e4rmeren Perioden. Ein kleiner Spritzer Wasser pro Woche ist dann ausreichend. Bespr\u00fchen Sie die Pflanze regelm\u00e4\u00dfig mit dem Pflanzenspr\u00fchger\u00e4t. Dadurch wird Staub entfernt und Ungeziefer ferngehalten.\r\n\r\nHinweis: Die Pflanzen sind ein lebendes Produkt und k\u00f6nnen von den Fotos und der Beschreibung abweichen. Unsere Pflanzen werden in einem Kunststofftopf geliefert. Alle Pflanzen werden direkt von der G\u00e4rtnerei verpackt und verschickt.","protected":false},"excerpt":{"rendered":"<p>Die Epipremnum Marble Queen ist eine einfache Zimmerpflanze. Sie k\u00f6nnen die Pflanze an einem Moosstab entlang klettern lassen oder sie h\u00e4ngen lassen. Bei der richtigen Pflege w\u00e4chst diese Zimmerpflanze sehr schnell. Stellen Sie die Epipremnum an einen hellen Ort, aber nicht in die direkte Sonne. Je heller die Pflanze platziert wird, desto bunter wird die [&hellip;]<\/p>\n","protected":false},"author":3,"featured_media":24682,"comment_status":"closed","ping_status":"closed","template":"","meta":{"inline_featured_image":false},"pwb-brand":[4041],"product_cat":[4000,5148,4036],"product_tag":[],"class_list":{"0":"post-24681","1":"product","2":"type-product","3":"status-publish","4":"has-post-thumbnail","6":"pwb-brand-meergroothandel","7":"product_cat-cat-pflanzen","8":"product_cat-cat-efeututen-epipremnum","9":"product_cat-cat-zimmerpflanzen","11":"first","12":"outofstock","13":"sale","14":"taxable","15":"shipping-taxable","16":"purchasable","17":"product-type-simple"},"acf":[],"gtin":"8720634284561","brands":[{"id":4041,"name":"MEERGroothandel","slug":"meergroothandel"}],"_links":{"self":[{"href":"https:\/\/oragarden.de\/en\/wp-json\/wp\/v2\/product\/24681","targetHints":{"allow":["GET"]}}],"collection":[{"href":"https:\/\/oragarden.de\/en\/wp-json\/wp\/v2\/product"}],"about":[{"href":"https:\/\/oragarden.de\/en\/wp-json\/wp\/v2\/types\/product"}],"author":[{"embeddable":true,"href":"https:\/\/oragarden.de\/en\/wp-json\/wp\/v2\/users\/3"}],"replies":[{"embeddable":true,"href":"https:\/\/oragarden.de\/en\/wp-json\/wp\/v2\/comments?post=24681"}],"wp:featuredmedia":[{"embeddable":true,"href":"https:\/\/oragarden.de\/en\/wp-json\/wp\/v2\/media\/24682"}],"wp:attachment":[{"href":"https:\/\/oragarden.de\/en\/wp-json\/wp\/v2\/media?parent=24681"}],"wp:term":[{"taxonomy":"pwb-brand","embeddable":true,"href":"https:\/\/oragarden.de\/en\/wp-json\/wp\/v2\/pwb-brand?post=24681"},{"taxonomy":"product_cat","embeddable":true,"href":"https:\/\/oragarden.de\/en\/wp-json\/wp\/v2\/product_cat?post=24681"},{"taxonomy":"product_tag","embeddable":true,"href":"https:\/\/oragarden.de\/en\/wp-json\/wp\/v2\/product_tag?post=24681"}],"curies":[{"name":"wp","href":"https:\/\/api.w.org\/{rel}","templated":true}]}}