{"id":24624,"date":"2023-07-02T06:21:29","date_gmt":"2023-07-02T07:21:29","guid":{"rendered":"https:\/\/oragarden.de\/product\/meergroothandel-scindapsus-pictus-4er-set-5-cm-o12-cm\/"},"modified":"2025-10-24T13:14:50","modified_gmt":"2025-10-24T14:14:50","slug":"meergroothandel-scindapsus-pictus-4er-set-5-cm-o12-cm","status":"publish","type":"product","link":"https:\/\/oragarden.de\/en\/product\/meergroothandel-scindapsus-pictus-4er-set-5-cm-o12-cm\/","title":{"rendered":"Meergroothandel Scindapsus Pictus 4er Set &#8211; 5 cm, \u00d812 cm"},"content":{"rendered":"Der Scindapsus Pictus ist eine einfache H\u00e4nge- oder Kletterpflanze. Bei richtiger Pflege kann diese Zimmerpflanze sehr schnell wachsen. Urspr\u00fcnglich stammt diese Zimmerpflanze aus den Regenw\u00e4ldern S\u00fcdostasiens. \r\n\r\nAm besten ist ein Platz mit viel Licht, aber ohne direkte Sonneneinstrahlung. Wenn Sie die Pflanze an einen dunklen Ort stellen, werden die Bl\u00e4tter dunkler und gr\u00fcner. An einem helleren Ort werden die Markierungen auf den Bl\u00e4ttern besser sichtbar.\r\n\r\nAchten Sie darauf, dass die Blumenerde dieser Zimmerpflanze immer leicht feucht ist. Geben Sie der Pflanze ein- bis zweimal pro Woche ein wenig Wasser. \r\n\r\nBitte beachten Sie, dass es sich bei den Pflanzen um ein lebendes Produkt handelt, das von den Fotos und der Beschreibung abweichen kann. Unsere Pflanzen werden in einem Kunststofftopf geliefert. Alle Pflanzen werden direkt von der G\u00e4rtnerei verpackt und versandt.","protected":false},"excerpt":{"rendered":"<p>Der Scindapsus Pictus ist eine einfache H\u00e4nge- oder Kletterpflanze. Bei richtiger Pflege kann diese Zimmerpflanze sehr schnell wachsen. Urspr\u00fcnglich stammt diese Zimmerpflanze aus den Regenw\u00e4ldern S\u00fcdostasiens. Am besten ist ein Platz mit viel Licht, aber ohne direkte Sonneneinstrahlung. Wenn Sie die Pflanze an einen dunklen Ort stellen, werden die Bl\u00e4tter dunkler und gr\u00fcner. An einem [&hellip;]<\/p>\n","protected":false},"author":3,"featured_media":24625,"comment_status":"closed","ping_status":"closed","template":"","meta":{"inline_featured_image":false},"pwb-brand":[4041],"product_cat":[4000,5148,5977,4770,4036],"product_tag":[],"class_list":{"0":"post-24624","1":"product","2":"type-product","3":"status-publish","4":"has-post-thumbnail","6":"pwb-brand-meergroothandel","7":"product_cat-cat-pflanzen","8":"product_cat-cat-efeututen-epipremnum","9":"product_cat-cat-geschenke-fur-pflanzenliebhaber-und-innen","10":"product_cat-cat-pflanzen-sets","11":"product_cat-cat-zimmerpflanzen","13":"first","14":"outofstock","15":"sale","16":"taxable","17":"shipping-taxable","18":"purchasable","19":"product-type-simple"},"acf":[],"gtin":"8720634284776","brands":[{"id":4041,"name":"MEERGroothandel","slug":"meergroothandel"}],"_links":{"self":[{"href":"https:\/\/oragarden.de\/en\/wp-json\/wp\/v2\/product\/24624","targetHints":{"allow":["GET"]}}],"collection":[{"href":"https:\/\/oragarden.de\/en\/wp-json\/wp\/v2\/product"}],"about":[{"href":"https:\/\/oragarden.de\/en\/wp-json\/wp\/v2\/types\/product"}],"author":[{"embeddable":true,"href":"https:\/\/oragarden.de\/en\/wp-json\/wp\/v2\/users\/3"}],"replies":[{"embeddable":true,"href":"https:\/\/oragarden.de\/en\/wp-json\/wp\/v2\/comments?post=24624"}],"wp:featuredmedia":[{"embeddable":true,"href":"https:\/\/oragarden.de\/en\/wp-json\/wp\/v2\/media\/24625"}],"wp:attachment":[{"href":"https:\/\/oragarden.de\/en\/wp-json\/wp\/v2\/media?parent=24624"}],"wp:term":[{"taxonomy":"pwb-brand","embeddable":true,"href":"https:\/\/oragarden.de\/en\/wp-json\/wp\/v2\/pwb-brand?post=24624"},{"taxonomy":"product_cat","embeddable":true,"href":"https:\/\/oragarden.de\/en\/wp-json\/wp\/v2\/product_cat?post=24624"},{"taxonomy":"product_tag","embeddable":true,"href":"https:\/\/oragarden.de\/en\/wp-json\/wp\/v2\/product_tag?post=24624"}],"curies":[{"name":"wp","href":"https:\/\/api.w.org\/{rel}","templated":true}]}}