{"id":24590,"date":"2023-07-02T06:19:37","date_gmt":"2023-07-02T07:19:37","guid":{"rendered":"https:\/\/oragarden.de\/product\/meergroothandel-kokodama-monstera-minima-lochpflanze-hang-2er-set-25-cm-o-15-cm\/"},"modified":"2025-10-24T13:14:47","modified_gmt":"2025-10-24T14:14:47","slug":"meergroothandel-kokodama-monstera-minima-lochpflanze-hang-2er-set-25-cm-o-15-cm","status":"publish","type":"product","link":"https:\/\/oragarden.de\/en\/product\/meergroothandel-kokodama-monstera-minima-lochpflanze-hang-2er-set-25-cm-o-15-cm\/","title":{"rendered":"Meergroothandel Kokodama Monstera Minima (Lochpflanze) Hang 2er Set &#8211; 25 cm, \u00d8 15 cm"},"content":{"rendered":"Die Monstera ist eine der beliebtesten Zimmerpflanzen. Urspr\u00fcnglich stammt die Monstera aus Mexiko. Man erkennt die Monstera auch an den L\u00f6chern in ihren Bl\u00e4ttern. Die Pflanze wird auch als Lochpflanze bezeichnet. \r\n\r\nH\u00e4ngen Sie die Monstera an einen halbschattigen oder hellen Platz. Direkte Sonneneinstrahlung ist zu vermeiden. \r\n\r\nAchten Sie darauf, dass sich die Blumenerde immer leicht feucht anf\u00fchlt. Geben Sie der Pflanze regelm\u00e4\u00dfig eine kleine Menge Wasser. In k\u00e4lteren Perioden verbraucht die Monstera weniger Wasser. In diesem Fall sollten Sie nur gie\u00dfen, wenn sich die Blumenerde trocken anf\u00fchlt. \r\n\r\nBitte beachten Sie, dass es sich bei den Pflanzen um ein lebendes Produkt handelt, das von den Fotos und der Beschreibung abweichen kann. Unsere Pflanzen werden in einem Kunststofftopf geliefert. Alle Pflanzen werden direkt von der G\u00e4rtnerei verpackt und versandt.","protected":false},"excerpt":{"rendered":"<p>Die Monstera ist eine der beliebtesten Zimmerpflanzen. Urspr\u00fcnglich stammt die Monstera aus Mexiko. Man erkennt die Monstera auch an den L\u00f6chern in ihren Bl\u00e4ttern. Die Pflanze wird auch als Lochpflanze bezeichnet. H\u00e4ngen Sie die Monstera an einen halbschattigen oder hellen Platz. Direkte Sonneneinstrahlung ist zu vermeiden. Achten Sie darauf, dass sich die Blumenerde immer leicht [&hellip;]<\/p>\n","protected":false},"author":3,"featured_media":24591,"comment_status":"closed","ping_status":"closed","template":"","meta":{"inline_featured_image":false},"pwb-brand":[4041],"product_cat":[5977,4769,4770],"product_tag":[],"class_list":{"0":"post-24590","1":"product","2":"type-product","3":"status-publish","4":"has-post-thumbnail","6":"pwb-brand-meergroothandel","7":"product_cat-cat-geschenke-fur-pflanzenliebhaber-und-innen","8":"product_cat-cat-monstera-lochpflanze","9":"product_cat-cat-pflanzen-sets","11":"first","12":"outofstock","13":"sale","14":"taxable","15":"shipping-taxable","16":"purchasable","17":"product-type-simple"},"acf":[],"gtin":"8720634284639","brands":[{"id":4041,"name":"MEERGroothandel","slug":"meergroothandel"}],"_links":{"self":[{"href":"https:\/\/oragarden.de\/en\/wp-json\/wp\/v2\/product\/24590","targetHints":{"allow":["GET"]}}],"collection":[{"href":"https:\/\/oragarden.de\/en\/wp-json\/wp\/v2\/product"}],"about":[{"href":"https:\/\/oragarden.de\/en\/wp-json\/wp\/v2\/types\/product"}],"author":[{"embeddable":true,"href":"https:\/\/oragarden.de\/en\/wp-json\/wp\/v2\/users\/3"}],"replies":[{"embeddable":true,"href":"https:\/\/oragarden.de\/en\/wp-json\/wp\/v2\/comments?post=24590"}],"wp:featuredmedia":[{"embeddable":true,"href":"https:\/\/oragarden.de\/en\/wp-json\/wp\/v2\/media\/24591"}],"wp:attachment":[{"href":"https:\/\/oragarden.de\/en\/wp-json\/wp\/v2\/media?parent=24590"}],"wp:term":[{"taxonomy":"pwb-brand","embeddable":true,"href":"https:\/\/oragarden.de\/en\/wp-json\/wp\/v2\/pwb-brand?post=24590"},{"taxonomy":"product_cat","embeddable":true,"href":"https:\/\/oragarden.de\/en\/wp-json\/wp\/v2\/product_cat?post=24590"},{"taxonomy":"product_tag","embeddable":true,"href":"https:\/\/oragarden.de\/en\/wp-json\/wp\/v2\/product_tag?post=24590"}],"curies":[{"name":"wp","href":"https:\/\/api.w.org\/{rel}","templated":true}]}}