{"id":24573,"date":"2023-07-01T16:21:52","date_gmt":"2023-07-01T17:21:52","guid":{"rendered":"https:\/\/oragarden.de\/product\/meergroothandel-monstera-deliciosa-lochpflanze-60-cm-o19-cm\/"},"modified":"2025-10-24T13:14:46","modified_gmt":"2025-10-24T14:14:46","slug":"meergroothandel-monstera-deliciosa-lochpflanze-60-cm-o19-cm","status":"publish","type":"product","link":"https:\/\/oragarden.de\/en\/product\/meergroothandel-monstera-deliciosa-lochpflanze-60-cm-o19-cm\/","title":{"rendered":"Meergroothandel Monstera Deliciosa (Lochpflanze) &#8211; 60 cm, \u00d819 cm"},"content":{"rendered":"Diese gr\u00fcne Zimmerpflanze ist heute eine der beliebtesten Zimmerpflanzen. Sie erkennen die Monstera Deliciosa an ihren gro\u00dfen, gr\u00fcnen Bl\u00e4ttern mit L\u00f6chern. Die Monstera Deliciosa stammt aus S\u00fcdamerika und ist an ein tropisches Klima gew\u00f6hnt. In der Natur kann die Monstera bis zu 20 Meter hoch werden. \r\n\r\nStellen Sie die Monstera an einen hellen Platz, aber vermeiden Sie es, die Pflanze in die direkte Sonne zu stellen. Direkte Sonneneinstrahlung vertr\u00e4gt die Pflanze nicht sehr gut. \r\n\r\nAchten Sie darauf, dass die Blumenerde immer leicht feucht ist. Ein- bis zweimaliges Gie\u00dfen pro Woche ist ausreichend. Im Winter braucht die Monstera weniger Wasser und einmal pro Woche ist ausreichend. \r\n\r\nBitte beachten Sie, dass es sich bei den Pflanzen um ein lebendes Produkt handelt, das von dem Foto und der Beschreibung abweichen kann. Unsere Pflanzen werden in einem Kunststofftopf geliefert. Alle Pflanzen werden direkt von der G\u00e4rtnerei verpackt und verschickt.","protected":false},"excerpt":{"rendered":"<p>Diese gr\u00fcne Zimmerpflanze ist heute eine der beliebtesten Zimmerpflanzen. Sie erkennen die Monstera Deliciosa an ihren gro\u00dfen, gr\u00fcnen Bl\u00e4ttern mit L\u00f6chern. Die Monstera Deliciosa stammt aus S\u00fcdamerika und ist an ein tropisches Klima gew\u00f6hnt. In der Natur kann die Monstera bis zu 20 Meter hoch werden. Stellen Sie die Monstera an einen hellen Platz, aber [&hellip;]<\/p>\n","protected":false},"author":3,"featured_media":24574,"comment_status":"closed","ping_status":"closed","template":"","meta":{"inline_featured_image":false},"pwb-brand":[4041],"product_cat":[4769],"product_tag":[],"class_list":{"0":"post-24573","1":"product","2":"type-product","3":"status-publish","4":"has-post-thumbnail","6":"pwb-brand-meergroothandel","7":"product_cat-cat-monstera-lochpflanze","9":"first","10":"outofstock","11":"sale","12":"taxable","13":"shipping-taxable","14":"purchasable","15":"product-type-simple"},"acf":[],"gtin":"8720634284066","brands":[{"id":4041,"name":"MEERGroothandel","slug":"meergroothandel"}],"_links":{"self":[{"href":"https:\/\/oragarden.de\/en\/wp-json\/wp\/v2\/product\/24573","targetHints":{"allow":["GET"]}}],"collection":[{"href":"https:\/\/oragarden.de\/en\/wp-json\/wp\/v2\/product"}],"about":[{"href":"https:\/\/oragarden.de\/en\/wp-json\/wp\/v2\/types\/product"}],"author":[{"embeddable":true,"href":"https:\/\/oragarden.de\/en\/wp-json\/wp\/v2\/users\/3"}],"replies":[{"embeddable":true,"href":"https:\/\/oragarden.de\/en\/wp-json\/wp\/v2\/comments?post=24573"}],"wp:featuredmedia":[{"embeddable":true,"href":"https:\/\/oragarden.de\/en\/wp-json\/wp\/v2\/media\/24574"}],"wp:attachment":[{"href":"https:\/\/oragarden.de\/en\/wp-json\/wp\/v2\/media?parent=24573"}],"wp:term":[{"taxonomy":"pwb-brand","embeddable":true,"href":"https:\/\/oragarden.de\/en\/wp-json\/wp\/v2\/pwb-brand?post=24573"},{"taxonomy":"product_cat","embeddable":true,"href":"https:\/\/oragarden.de\/en\/wp-json\/wp\/v2\/product_cat?post=24573"},{"taxonomy":"product_tag","embeddable":true,"href":"https:\/\/oragarden.de\/en\/wp-json\/wp\/v2\/product_tag?post=24573"}],"curies":[{"name":"wp","href":"https:\/\/api.w.org\/{rel}","templated":true}]}}