{"id":24548,"date":"2023-07-01T16:20:24","date_gmt":"2023-07-01T17:20:24","guid":{"rendered":"https:\/\/oragarden.de\/product\/meergroothandel-monstera-deliciosa-lochpflanze-65-cm-o-21-cm\/"},"modified":"2025-10-24T13:14:45","modified_gmt":"2025-10-24T14:14:45","slug":"meergroothandel-monstera-deliciosa-lochpflanze-65-cm-o-21-cm","status":"publish","type":"product","link":"https:\/\/oragarden.de\/en\/product\/meergroothandel-monstera-deliciosa-lochpflanze-65-cm-o-21-cm\/","title":{"rendered":"Meergroothandel Monstera Deliciosa (Lochpflanze) &#8211; 65 cm, \u00d8 21 cm"},"content":{"rendered":"Die Monstera ist eine der beliebtesten Zimmerpflanzen in den Niederlanden und wird auch als Lochpflanze bezeichnet. Man erkennt das Monstera Monkey Leaf an den L\u00f6chern in den Bl\u00e4ttern, aber auch die Blattr\u00e4nder sind offen. \r\n\r\nStellen Sie das Monstera Monkey Leaf an einen hellen Ort, aber vorzugsweise nicht in direktes Sonnenlicht. \r\n\r\nGie\u00dfen Sie diese Zimmerpflanze mindestens einmal pro Woche. Im Sommer braucht die Pflanze m\u00f6glicherweise mehr Wasser. Pr\u00fcfen Sie dies, indem Sie f\u00fchlen, ob sich die Blumenerde leicht feucht anf\u00fchlt. \r\n\r\nBitte beachten Sie, dass es sich bei den Pflanzen um ein lebendes Produkt handelt, das von den Fotos und der Beschreibung abweichen kann. Unsere Pflanzen werden in einem Kunststofftopf geliefert. Alle Pflanzen werden direkt von der G\u00e4rtnerei verpackt und versandt.","protected":false},"excerpt":{"rendered":"<p>Die Monstera ist eine der beliebtesten Zimmerpflanzen in den Niederlanden und wird auch als Lochpflanze bezeichnet. Man erkennt das Monstera Monkey Leaf an den L\u00f6chern in den Bl\u00e4ttern, aber auch die Blattr\u00e4nder sind offen. Stellen Sie das Monstera Monkey Leaf an einen hellen Ort, aber vorzugsweise nicht in direktes Sonnenlicht. Gie\u00dfen Sie diese Zimmerpflanze mindestens [&hellip;]<\/p>\n","protected":false},"author":3,"featured_media":24549,"comment_status":"closed","ping_status":"closed","template":"","meta":{"inline_featured_image":false},"pwb-brand":[4041],"product_cat":[4769],"product_tag":[],"class_list":{"0":"post-24548","1":"product","2":"type-product","3":"status-publish","4":"has-post-thumbnail","6":"pwb-brand-meergroothandel","7":"product_cat-cat-monstera-lochpflanze","9":"first","10":"outofstock","11":"sale","12":"taxable","13":"shipping-taxable","14":"purchasable","15":"product-type-simple"},"acf":[],"gtin":"8720634284875","brands":[{"id":4041,"name":"MEERGroothandel","slug":"meergroothandel"}],"_links":{"self":[{"href":"https:\/\/oragarden.de\/en\/wp-json\/wp\/v2\/product\/24548","targetHints":{"allow":["GET"]}}],"collection":[{"href":"https:\/\/oragarden.de\/en\/wp-json\/wp\/v2\/product"}],"about":[{"href":"https:\/\/oragarden.de\/en\/wp-json\/wp\/v2\/types\/product"}],"author":[{"embeddable":true,"href":"https:\/\/oragarden.de\/en\/wp-json\/wp\/v2\/users\/3"}],"replies":[{"embeddable":true,"href":"https:\/\/oragarden.de\/en\/wp-json\/wp\/v2\/comments?post=24548"}],"wp:featuredmedia":[{"embeddable":true,"href":"https:\/\/oragarden.de\/en\/wp-json\/wp\/v2\/media\/24549"}],"wp:attachment":[{"href":"https:\/\/oragarden.de\/en\/wp-json\/wp\/v2\/media?parent=24548"}],"wp:term":[{"taxonomy":"pwb-brand","embeddable":true,"href":"https:\/\/oragarden.de\/en\/wp-json\/wp\/v2\/pwb-brand?post=24548"},{"taxonomy":"product_cat","embeddable":true,"href":"https:\/\/oragarden.de\/en\/wp-json\/wp\/v2\/product_cat?post=24548"},{"taxonomy":"product_tag","embeddable":true,"href":"https:\/\/oragarden.de\/en\/wp-json\/wp\/v2\/product_tag?post=24548"}],"curies":[{"name":"wp","href":"https:\/\/api.w.org\/{rel}","templated":true}]}}