{"id":24525,"date":"2023-07-01T16:18:49","date_gmt":"2023-07-01T17:18:49","guid":{"rendered":"https:\/\/oragarden.de\/product\/xxl-plants-monstera-deliciosa-150-cm-%e2%8c%80-24-cm\/"},"modified":"2025-10-24T13:14:44","modified_gmt":"2025-10-24T14:14:44","slug":"xxl-plants-monstera-deliciosa-150-cm-%e2%8c%80-24-cm","status":"publish","type":"product","link":"https:\/\/oragarden.de\/en\/product\/xxl-plants-monstera-deliciosa-150-cm-%e2%8c%80-24-cm\/","title":{"rendered":"Xxl Plants Monstera Deliciosa &#8211; 150 cm, \u2300 24 cm"},"content":{"rendered":"Die Monstera Deliciosa XXL sorgt sofort f\u00fcr tropische Atmosph\u00e4re im Haus. Die sch\u00f6nen gro\u00dfen Bl\u00e4tter machen diese Pflanze zu einem Hingucker im Haus. Die Monstera Deliciosa XXL ist eine pflegeleichte Zimmerpflanze, was nat\u00fcrlich nicht bedeutet, dass sie keine Pflege ben\u00f6tigt. Stellen Sie sicher, dass Sie wissen, wie Sie diese Lochpflanze pflegen. Die Monstera Deliciosa XXL braucht nicht viel Wasser. Ein w\u00f6chentlicher Spritzer Wasser macht ihn sehr gl\u00fccklich. Die Monstera ist sehr einfach, wenn es um ihren Standort geht. Sowohl an einem hellen Standort als auch an einem schattigen Standort wird sie \u00fcberleben, aber achten Sie darauf, sie nicht direktem Sonnenlicht auszusetzen, da sie ihre Bl\u00e4tter verbrennen kann.","protected":false},"excerpt":{"rendered":"<p>Die Monstera Deliciosa XXL sorgt sofort f\u00fcr tropische Atmosph\u00e4re im Haus. Die sch\u00f6nen gro\u00dfen Bl\u00e4tter machen diese Pflanze zu einem Hingucker im Haus. Die Monstera Deliciosa XXL ist eine pflegeleichte Zimmerpflanze, was nat\u00fcrlich nicht bedeutet, dass sie keine Pflege ben\u00f6tigt. Stellen Sie sicher, dass Sie wissen, wie Sie diese Lochpflanze pflegen. Die Monstera Deliciosa XXL [&hellip;]<\/p>\n","protected":false},"author":3,"featured_media":24526,"comment_status":"closed","ping_status":"closed","template":"","meta":{"inline_featured_image":false},"pwb-brand":[4056],"product_cat":[4769],"product_tag":[],"class_list":{"0":"post-24525","1":"product","2":"type-product","3":"status-publish","4":"has-post-thumbnail","6":"pwb-brand-xxl-plants","7":"product_cat-cat-monstera-lochpflanze","9":"first","10":"outofstock","11":"sale","12":"taxable","13":"shipping-taxable","14":"purchasable","15":"product-type-simple"},"acf":[],"gtin":"8720195201632","brands":[{"id":4056,"name":"Xxl Plants","slug":"xxl-plants"}],"_links":{"self":[{"href":"https:\/\/oragarden.de\/en\/wp-json\/wp\/v2\/product\/24525","targetHints":{"allow":["GET"]}}],"collection":[{"href":"https:\/\/oragarden.de\/en\/wp-json\/wp\/v2\/product"}],"about":[{"href":"https:\/\/oragarden.de\/en\/wp-json\/wp\/v2\/types\/product"}],"author":[{"embeddable":true,"href":"https:\/\/oragarden.de\/en\/wp-json\/wp\/v2\/users\/3"}],"replies":[{"embeddable":true,"href":"https:\/\/oragarden.de\/en\/wp-json\/wp\/v2\/comments?post=24525"}],"wp:featuredmedia":[{"embeddable":true,"href":"https:\/\/oragarden.de\/en\/wp-json\/wp\/v2\/media\/24526"}],"wp:attachment":[{"href":"https:\/\/oragarden.de\/en\/wp-json\/wp\/v2\/media?parent=24525"}],"wp:term":[{"taxonomy":"pwb-brand","embeddable":true,"href":"https:\/\/oragarden.de\/en\/wp-json\/wp\/v2\/pwb-brand?post=24525"},{"taxonomy":"product_cat","embeddable":true,"href":"https:\/\/oragarden.de\/en\/wp-json\/wp\/v2\/product_cat?post=24525"},{"taxonomy":"product_tag","embeddable":true,"href":"https:\/\/oragarden.de\/en\/wp-json\/wp\/v2\/product_tag?post=24525"}],"curies":[{"name":"wp","href":"https:\/\/api.w.org\/{rel}","templated":true}]}}