{"id":24518,"date":"2023-07-01T16:18:36","date_gmt":"2023-07-01T17:18:36","guid":{"rendered":"https:\/\/oragarden.de\/product\/xxl-plants-monstera-deliciosa-225-cm-%e2%8c%80-35-cm\/"},"modified":"2025-10-24T13:14:43","modified_gmt":"2025-10-24T14:14:43","slug":"xxl-plants-monstera-deliciosa-225-cm-%e2%8c%80-35-cm","status":"publish","type":"product","link":"https:\/\/oragarden.de\/en\/product\/xxl-plants-monstera-deliciosa-225-cm-%e2%8c%80-35-cm\/","title":{"rendered":"Xxl Plants Monstera Deliciosa &#8211; 225 cm, \u2300 35 cm"},"content":{"rendered":"Die Monstera Deliciosa XXL sorgt sofort f\u00fcr eine tropische Atmosph\u00e4re im Haus. Die sch\u00f6nen gro\u00dfen Bl\u00e4tter machen diese Pflanze zu einem Hingucker im Haus. Die Monstera Deliciosa XXL ist eine einfache Zimmerpflanze, was nat\u00fcrlich nicht hei\u00dft, dass sie keine ben\u00f6tigt Pflege. Machen Sie sich mit der Pflege dieser Lochpflanze vertraut. Die Monstera Deliciosa XXL braucht nicht viel Wasser. Ein w\u00f6chentlicher Spritzer Wasser macht sie sehr gl\u00fccklich. Die Monstera ist sehr pflegeleicht, was ihren Standort betrifft. Beides in einem hellen Stelle es wird an einem schattigen Ort \u00fcberleben, aber achten Sie darauf, es nicht in direktes Sonnenlicht zu stellen, da es seine Bl\u00e4tter verbrennen kann.","protected":false},"excerpt":{"rendered":"<p>Die Monstera Deliciosa XXL sorgt sofort f\u00fcr eine tropische Atmosph\u00e4re im Haus. Die sch\u00f6nen gro\u00dfen Bl\u00e4tter machen diese Pflanze zu einem Hingucker im Haus. Die Monstera Deliciosa XXL ist eine einfache Zimmerpflanze, was nat\u00fcrlich nicht hei\u00dft, dass sie keine ben\u00f6tigt Pflege. Machen Sie sich mit der Pflege dieser Lochpflanze vertraut. Die Monstera Deliciosa XXL braucht [&hellip;]<\/p>\n","protected":false},"author":3,"featured_media":24519,"comment_status":"closed","ping_status":"closed","template":"","meta":{"inline_featured_image":false},"pwb-brand":[4056],"product_cat":[4769],"product_tag":[],"class_list":{"0":"post-24518","1":"product","2":"type-product","3":"status-publish","4":"has-post-thumbnail","6":"pwb-brand-xxl-plants","7":"product_cat-cat-monstera-lochpflanze","9":"first","10":"outofstock","11":"sale","12":"taxable","13":"shipping-taxable","14":"purchasable","15":"product-type-simple"},"acf":[],"gtin":"8720195205067","brands":[{"id":4056,"name":"Xxl Plants","slug":"xxl-plants"}],"_links":{"self":[{"href":"https:\/\/oragarden.de\/en\/wp-json\/wp\/v2\/product\/24518","targetHints":{"allow":["GET"]}}],"collection":[{"href":"https:\/\/oragarden.de\/en\/wp-json\/wp\/v2\/product"}],"about":[{"href":"https:\/\/oragarden.de\/en\/wp-json\/wp\/v2\/types\/product"}],"author":[{"embeddable":true,"href":"https:\/\/oragarden.de\/en\/wp-json\/wp\/v2\/users\/3"}],"replies":[{"embeddable":true,"href":"https:\/\/oragarden.de\/en\/wp-json\/wp\/v2\/comments?post=24518"}],"wp:featuredmedia":[{"embeddable":true,"href":"https:\/\/oragarden.de\/en\/wp-json\/wp\/v2\/media\/24519"}],"wp:attachment":[{"href":"https:\/\/oragarden.de\/en\/wp-json\/wp\/v2\/media?parent=24518"}],"wp:term":[{"taxonomy":"pwb-brand","embeddable":true,"href":"https:\/\/oragarden.de\/en\/wp-json\/wp\/v2\/pwb-brand?post=24518"},{"taxonomy":"product_cat","embeddable":true,"href":"https:\/\/oragarden.de\/en\/wp-json\/wp\/v2\/product_cat?post=24518"},{"taxonomy":"product_tag","embeddable":true,"href":"https:\/\/oragarden.de\/en\/wp-json\/wp\/v2\/product_tag?post=24518"}],"curies":[{"name":"wp","href":"https:\/\/api.w.org\/{rel}","templated":true}]}}