{"id":24505,"date":"2023-07-01T16:16:35","date_gmt":"2023-07-01T17:16:35","guid":{"rendered":"https:\/\/oragarden.de\/product\/xxl-plants-alocasia-macrorrhiza-150-cm-o35-cm\/"},"modified":"2025-10-24T13:14:42","modified_gmt":"2025-10-24T14:14:42","slug":"xxl-plants-alocasia-macrorrhiza-150-cm-o35-cm","status":"publish","type":"product","link":"https:\/\/oragarden.de\/en\/product\/xxl-plants-alocasia-macrorrhiza-150-cm-o35-cm\/","title":{"rendered":"Xxl Plants Alocasia Macrorrhiza &#8211; 150 cm, \u00d835 cm"},"content":{"rendered":"Alocasia, auch bekannt als Elefantenohr, ist eine coole gr\u00fcne Zimmerpflanze mit tropischem Touch, die wirklich eine sch\u00f6ne Erg\u00e4nzung f\u00fcr Ihr Interieur ist. Die Alocasia l\u00e4sst regelm\u00e4\u00dfig Wasser von ihren Bl\u00e4ttern tropfen, was als Guttation bezeichnet wird. Das ist normal und unvermeidlich, aber bedenken Sie es. Die Alocasia ist eine wundersch\u00f6ne Zimmerpflanze f\u00fcr echte Pflanzenliebhaber. Diese Zimmerpflanze braucht etwas mehr Aufmerksamkeit und Pflege, damit sie Ihnen noch lange Zeit ein offenes Ohr schenken kann. Die Alocasia mag es, wenn der Boden immer leicht feucht ist. Achten Sie darauf, dass diese gro\u00dfe Zimmerpflanze mindestens f\u00fcnf Stunden Sonne am Tag bekommt.","protected":false},"excerpt":{"rendered":"<p>Alocasia, auch bekannt als Elefantenohr, ist eine coole gr\u00fcne Zimmerpflanze mit tropischem Touch, die wirklich eine sch\u00f6ne Erg\u00e4nzung f\u00fcr Ihr Interieur ist. Die Alocasia l\u00e4sst regelm\u00e4\u00dfig Wasser von ihren Bl\u00e4ttern tropfen, was als Guttation bezeichnet wird. Das ist normal und unvermeidlich, aber bedenken Sie es. Die Alocasia ist eine wundersch\u00f6ne Zimmerpflanze f\u00fcr echte Pflanzenliebhaber. Diese [&hellip;]<\/p>\n","protected":false},"author":3,"featured_media":24506,"comment_status":"closed","ping_status":"closed","template":"","meta":{"inline_featured_image":false},"pwb-brand":[4056],"product_cat":[5131],"product_tag":[],"class_list":{"0":"post-24505","1":"product","2":"type-product","3":"status-publish","4":"has-post-thumbnail","6":"pwb-brand-xxl-plants","7":"product_cat-cat-elefantenohr-alocasia","9":"first","10":"outofstock","11":"sale","12":"taxable","13":"shipping-taxable","14":"purchasable","15":"product-type-simple"},"acf":[],"gtin":"8720195205814","brands":[{"id":4056,"name":"Xxl Plants","slug":"xxl-plants"}],"_links":{"self":[{"href":"https:\/\/oragarden.de\/en\/wp-json\/wp\/v2\/product\/24505","targetHints":{"allow":["GET"]}}],"collection":[{"href":"https:\/\/oragarden.de\/en\/wp-json\/wp\/v2\/product"}],"about":[{"href":"https:\/\/oragarden.de\/en\/wp-json\/wp\/v2\/types\/product"}],"author":[{"embeddable":true,"href":"https:\/\/oragarden.de\/en\/wp-json\/wp\/v2\/users\/3"}],"replies":[{"embeddable":true,"href":"https:\/\/oragarden.de\/en\/wp-json\/wp\/v2\/comments?post=24505"}],"wp:featuredmedia":[{"embeddable":true,"href":"https:\/\/oragarden.de\/en\/wp-json\/wp\/v2\/media\/24506"}],"wp:attachment":[{"href":"https:\/\/oragarden.de\/en\/wp-json\/wp\/v2\/media?parent=24505"}],"wp:term":[{"taxonomy":"pwb-brand","embeddable":true,"href":"https:\/\/oragarden.de\/en\/wp-json\/wp\/v2\/pwb-brand?post=24505"},{"taxonomy":"product_cat","embeddable":true,"href":"https:\/\/oragarden.de\/en\/wp-json\/wp\/v2\/product_cat?post=24505"},{"taxonomy":"product_tag","embeddable":true,"href":"https:\/\/oragarden.de\/en\/wp-json\/wp\/v2\/product_tag?post=24505"}],"curies":[{"name":"wp","href":"https:\/\/api.w.org\/{rel}","templated":true}]}}