{"id":24496,"date":"2023-07-01T16:16:16","date_gmt":"2023-07-01T17:16:16","guid":{"rendered":"https:\/\/oragarden.de\/product\/meergroothandel-alocasia-zebrina-elefantenohr-75-cm-o19-cm\/"},"modified":"2025-10-24T13:14:41","modified_gmt":"2025-10-24T14:14:41","slug":"meergroothandel-alocasia-zebrina-elefantenohr-75-cm-o19-cm","status":"publish","type":"product","link":"https:\/\/oragarden.de\/en\/product\/meergroothandel-alocasia-zebrina-elefantenohr-75-cm-o19-cm\/","title":{"rendered":"Meergroothandel Alocasia Zebrina (Elefantenohr) &#8211; 75 cm, \u00d819 cm"},"content":{"rendered":"Die Alocasia Zebrina ist eine sch\u00f6ne, gr\u00fcne Zimmerpflanze. Sie erkennen die Alocasia Zebrina an ihren gestreiften St\u00e4ngeln. Daher hat die Pflanze auch ihren Namen. Die Pflanze stammt urspr\u00fcnglich aus Asien, wo sie noch immer wild w\u00e4chst. Weltweit gibt es 79 verschiedene Arten von Alocasia. \r\n\r\nAm besten stellt man die Alocasia an einen hellen Ort, aber nicht in die direkte Sonne. Die Bl\u00e4tter der Alocasia wachsen zum Sonnenlicht hin. Um zu verhindern, dass die Pflanze schief w\u00e4chst, k\u00f6nnen Sie sie einmal pro Woche um eine Vierteldrehung drehen. \r\n\r\nDiese Pflanze ist sehr empfindlich gegen\u00fcber zu viel Wasser. Geben Sie der Alocasia im Sommer einmal pro Woche etwas Wasser. Im Winter k\u00f6nnen Sie etwas mehr Zeit zwischen den Wassergaben lassen. Sie k\u00f6nnen der Pflanze auch \u00f6fters kleinere Mengen Wasser geben.\r\n\r\nManchmal tropft Wasser von den Blattspitzen. Das Wasser, das die Pflanze \u00fcber die Wurzeln aufnimmt, verdunstet wieder \u00fcber die Bl\u00e4tter. Dieser Prozess findet tags\u00fcber statt und nachts tropft die Alocasia das \u00fcbersch\u00fcssige Wasser \u00fcber die Bl\u00e4tter ab. \r\n\r\nBitte beachten Sie, dass es sich bei den Pflanzen um ein lebendes Produkt handelt, das von der Abbildung und Beschreibung abweichen kann. Unsere Pflanzen werden in einem Kunststofftopf geliefert. Alle Pflanzen werden direkt von der G\u00e4rtnerei verpackt und verschickt.","protected":false},"excerpt":{"rendered":"<p>Die Alocasia Zebrina ist eine sch\u00f6ne, gr\u00fcne Zimmerpflanze. Sie erkennen die Alocasia Zebrina an ihren gestreiften St\u00e4ngeln. Daher hat die Pflanze auch ihren Namen. Die Pflanze stammt urspr\u00fcnglich aus Asien, wo sie noch immer wild w\u00e4chst. Weltweit gibt es 79 verschiedene Arten von Alocasia. Am besten stellt man die Alocasia an einen hellen Ort, aber [&hellip;]<\/p>\n","protected":false},"author":3,"featured_media":24497,"comment_status":"closed","ping_status":"closed","template":"","meta":{"inline_featured_image":false},"pwb-brand":[4041],"product_cat":[5131],"product_tag":[],"class_list":{"0":"post-24496","1":"product","2":"type-product","3":"status-publish","4":"has-post-thumbnail","6":"pwb-brand-meergroothandel","7":"product_cat-cat-elefantenohr-alocasia","9":"first","10":"outofstock","11":"sale","12":"taxable","13":"shipping-taxable","14":"purchasable","15":"product-type-simple"},"acf":[],"gtin":"8720634284059","brands":[{"id":4041,"name":"MEERGroothandel","slug":"meergroothandel"}],"_links":{"self":[{"href":"https:\/\/oragarden.de\/en\/wp-json\/wp\/v2\/product\/24496","targetHints":{"allow":["GET"]}}],"collection":[{"href":"https:\/\/oragarden.de\/en\/wp-json\/wp\/v2\/product"}],"about":[{"href":"https:\/\/oragarden.de\/en\/wp-json\/wp\/v2\/types\/product"}],"author":[{"embeddable":true,"href":"https:\/\/oragarden.de\/en\/wp-json\/wp\/v2\/users\/3"}],"replies":[{"embeddable":true,"href":"https:\/\/oragarden.de\/en\/wp-json\/wp\/v2\/comments?post=24496"}],"wp:featuredmedia":[{"embeddable":true,"href":"https:\/\/oragarden.de\/en\/wp-json\/wp\/v2\/media\/24497"}],"wp:attachment":[{"href":"https:\/\/oragarden.de\/en\/wp-json\/wp\/v2\/media?parent=24496"}],"wp:term":[{"taxonomy":"pwb-brand","embeddable":true,"href":"https:\/\/oragarden.de\/en\/wp-json\/wp\/v2\/pwb-brand?post=24496"},{"taxonomy":"product_cat","embeddable":true,"href":"https:\/\/oragarden.de\/en\/wp-json\/wp\/v2\/product_cat?post=24496"},{"taxonomy":"product_tag","embeddable":true,"href":"https:\/\/oragarden.de\/en\/wp-json\/wp\/v2\/product_tag?post=24496"}],"curies":[{"name":"wp","href":"https:\/\/api.w.org\/{rel}","templated":true}]}}