{"id":24487,"date":"2023-07-01T16:15:44","date_gmt":"2023-07-01T17:15:44","guid":{"rendered":"https:\/\/oragarden.de\/product\/meergroothandel-alocasia-wentii-elefantenohr-70-cm-o19-cm\/"},"modified":"2025-10-24T13:14:41","modified_gmt":"2025-10-24T14:14:41","slug":"meergroothandel-alocasia-wentii-elefantenohr-70-cm-o19-cm","status":"publish","type":"product","link":"https:\/\/oragarden.de\/en\/product\/meergroothandel-alocasia-wentii-elefantenohr-70-cm-o19-cm\/","title":{"rendered":"Meergroothandel Alocasia Wentii (Elefantenohr) &#8211; 70 cm, \u00d819 cm"},"content":{"rendered":"Die Alocasia Wentii ist eine sch\u00f6ne, gr\u00fcne Zimmerpflanze. Diese Pflanze stammt urspr\u00fcnglich aus Asien, wo sie noch immer wild w\u00e4chst. \r\n\r\nDie Alocasia steht am besten an einem hellen Ort, aber nicht in direktem Sonnenlicht. Die Bl\u00e4tter der Alocasia wachsen dem Sonnenlicht entgegen. Um zu verhindern, dass die Pflanze schief w\u00e4chst, k\u00f6nnen Sie sie einmal pro Woche um eine Vierteldrehung drehen. \r\n\r\nDiese Pflanze ist sehr empfindlich gegen\u00fcber zu viel Wasser. Gie\u00dfen Sie die Alocasia im Sommer einmal pro Woche. Im Winter k\u00f6nnen Sie etwas mehr Zeit zwischen den Wassergaben lassen. Sie k\u00f6nnen der Pflanze auch h\u00e4ufiger kleinere Mengen Wasser geben.\r\n\r\nManchmal tropft Wasser von den Blattspitzen. Das Wasser, das die Pflanzen \u00fcber die Wurzeln aufnehmen, verdunstet wieder \u00fcber die Bl\u00e4tter. Dieser Prozess findet tags\u00fcber statt, und nachts l\u00e4sst die Alocasia das \u00fcbersch\u00fcssige Wasser \u00fcber die Bl\u00e4tter abtropfen. \r\n\r\nBitte beachten Sie: Die Pflanzen sind ein lebendes Produkt und k\u00f6nnen von den Fotos und der Beschreibung abweichen. Unsere Pflanzen werden in einem Kunststofftopf geliefert. Alle Pflanzen werden direkt von der G\u00e4rtnerei verpackt und versandt.","protected":false},"excerpt":{"rendered":"<p>Die Alocasia Wentii ist eine sch\u00f6ne, gr\u00fcne Zimmerpflanze. Diese Pflanze stammt urspr\u00fcnglich aus Asien, wo sie noch immer wild w\u00e4chst. Die Alocasia steht am besten an einem hellen Ort, aber nicht in direktem Sonnenlicht. Die Bl\u00e4tter der Alocasia wachsen dem Sonnenlicht entgegen. Um zu verhindern, dass die Pflanze schief w\u00e4chst, k\u00f6nnen Sie sie einmal pro [&hellip;]<\/p>\n","protected":false},"author":3,"featured_media":24488,"comment_status":"closed","ping_status":"closed","template":"","meta":{"inline_featured_image":false},"pwb-brand":[4041],"product_cat":[5131],"product_tag":[],"class_list":{"0":"post-24487","1":"product","2":"type-product","3":"status-publish","4":"has-post-thumbnail","6":"pwb-brand-meergroothandel","7":"product_cat-cat-elefantenohr-alocasia","9":"first","10":"outofstock","11":"sale","12":"taxable","13":"shipping-taxable","14":"purchasable","15":"product-type-simple"},"acf":[],"gtin":"8720634284127","brands":[{"id":4041,"name":"MEERGroothandel","slug":"meergroothandel"}],"_links":{"self":[{"href":"https:\/\/oragarden.de\/en\/wp-json\/wp\/v2\/product\/24487","targetHints":{"allow":["GET"]}}],"collection":[{"href":"https:\/\/oragarden.de\/en\/wp-json\/wp\/v2\/product"}],"about":[{"href":"https:\/\/oragarden.de\/en\/wp-json\/wp\/v2\/types\/product"}],"author":[{"embeddable":true,"href":"https:\/\/oragarden.de\/en\/wp-json\/wp\/v2\/users\/3"}],"replies":[{"embeddable":true,"href":"https:\/\/oragarden.de\/en\/wp-json\/wp\/v2\/comments?post=24487"}],"wp:featuredmedia":[{"embeddable":true,"href":"https:\/\/oragarden.de\/en\/wp-json\/wp\/v2\/media\/24488"}],"wp:attachment":[{"href":"https:\/\/oragarden.de\/en\/wp-json\/wp\/v2\/media?parent=24487"}],"wp:term":[{"taxonomy":"pwb-brand","embeddable":true,"href":"https:\/\/oragarden.de\/en\/wp-json\/wp\/v2\/pwb-brand?post=24487"},{"taxonomy":"product_cat","embeddable":true,"href":"https:\/\/oragarden.de\/en\/wp-json\/wp\/v2\/product_cat?post=24487"},{"taxonomy":"product_tag","embeddable":true,"href":"https:\/\/oragarden.de\/en\/wp-json\/wp\/v2\/product_tag?post=24487"}],"curies":[{"name":"wp","href":"https:\/\/api.w.org\/{rel}","templated":true}]}}