{"id":24467,"date":"2023-07-01T16:13:44","date_gmt":"2023-07-01T17:13:44","guid":{"rendered":"https:\/\/oragarden.de\/product\/xxl-plants-alocasia-macrorrhiza-220-cm\/"},"modified":"2025-10-24T13:14:40","modified_gmt":"2025-10-24T14:14:40","slug":"xxl-plants-alocasia-macrorrhiza-220-cm","status":"publish","type":"product","link":"https:\/\/oragarden.de\/en\/product\/xxl-plants-alocasia-macrorrhiza-220-cm\/","title":{"rendered":"Xxl Plants Alocasia Macrorrhiza &#8211; 220 cm"},"content":{"rendered":"Die Alocasia Macrorrhiza braucht etwas mehr Pflege als die durchschnittliche Zimmerpflanze. Diese Zimmerpflanze mag es, wenn der Boden st\u00e4ndig feucht ist. Au\u00dferdem bevorzugt sie mindestens f\u00fcnf Stunden Sonne pro Tag. Die Alocasia Macrorrhiza reagiert sehr empfindlich auf Wassergaben. Die Bl\u00e4tter beginnen schlaff herabzuh\u00e4ngen, wenn sie nicht gen\u00fcgend Wasser erhalten. Der Boden der Alocasia Macrorrhiza muss daher st\u00e4ndig feucht gehalten werden. Zu viel Wasser kann dazu f\u00fchren, dass die Pflanze Wurzeln schl\u00e4gt. Achten Sie also genau darauf. Die Wurzeln d\u00fcrfen auf keinen Fall \u00fcberflutet werden. Wassertropfen k\u00f6nnen auch von den Bl\u00e4ttern abfallen. Dies wird als Guttation bezeichnet und kann nicht verhindert werden.","protected":false},"excerpt":{"rendered":"<p>Die Alocasia Macrorrhiza braucht etwas mehr Pflege als die durchschnittliche Zimmerpflanze. Diese Zimmerpflanze mag es, wenn der Boden st\u00e4ndig feucht ist. Au\u00dferdem bevorzugt sie mindestens f\u00fcnf Stunden Sonne pro Tag. Die Alocasia Macrorrhiza reagiert sehr empfindlich auf Wassergaben. Die Bl\u00e4tter beginnen schlaff herabzuh\u00e4ngen, wenn sie nicht gen\u00fcgend Wasser erhalten. Der Boden der Alocasia Macrorrhiza muss [&hellip;]<\/p>\n","protected":false},"author":3,"featured_media":24468,"comment_status":"closed","ping_status":"closed","template":"","meta":{"inline_featured_image":false},"pwb-brand":[4056],"product_cat":[5131],"product_tag":[],"class_list":{"0":"post-24467","1":"product","2":"type-product","3":"status-publish","4":"has-post-thumbnail","6":"pwb-brand-xxl-plants","7":"product_cat-cat-elefantenohr-alocasia","9":"first","10":"outofstock","11":"sale","12":"taxable","13":"shipping-taxable","14":"purchasable","15":"product-type-simple"},"acf":[],"gtin":"8719831591381","brands":[{"id":4056,"name":"Xxl Plants","slug":"xxl-plants"}],"_links":{"self":[{"href":"https:\/\/oragarden.de\/en\/wp-json\/wp\/v2\/product\/24467","targetHints":{"allow":["GET"]}}],"collection":[{"href":"https:\/\/oragarden.de\/en\/wp-json\/wp\/v2\/product"}],"about":[{"href":"https:\/\/oragarden.de\/en\/wp-json\/wp\/v2\/types\/product"}],"author":[{"embeddable":true,"href":"https:\/\/oragarden.de\/en\/wp-json\/wp\/v2\/users\/3"}],"replies":[{"embeddable":true,"href":"https:\/\/oragarden.de\/en\/wp-json\/wp\/v2\/comments?post=24467"}],"wp:featuredmedia":[{"embeddable":true,"href":"https:\/\/oragarden.de\/en\/wp-json\/wp\/v2\/media\/24468"}],"wp:attachment":[{"href":"https:\/\/oragarden.de\/en\/wp-json\/wp\/v2\/media?parent=24467"}],"wp:term":[{"taxonomy":"pwb-brand","embeddable":true,"href":"https:\/\/oragarden.de\/en\/wp-json\/wp\/v2\/pwb-brand?post=24467"},{"taxonomy":"product_cat","embeddable":true,"href":"https:\/\/oragarden.de\/en\/wp-json\/wp\/v2\/product_cat?post=24467"},{"taxonomy":"product_tag","embeddable":true,"href":"https:\/\/oragarden.de\/en\/wp-json\/wp\/v2\/product_tag?post=24467"}],"curies":[{"name":"wp","href":"https:\/\/api.w.org\/{rel}","templated":true}]}}