{"id":24459,"date":"2023-07-01T16:13:37","date_gmt":"2023-07-01T17:13:37","guid":{"rendered":"https:\/\/oragarden.de\/product\/meergroothandel-coffea-arabica-2er-set-25-cm-o12-cm\/"},"modified":"2025-10-24T13:14:39","modified_gmt":"2025-10-24T14:14:39","slug":"meergroothandel-coffea-arabica-2er-set-25-cm-o12-cm","status":"publish","type":"product","link":"https:\/\/oragarden.de\/en\/product\/meergroothandel-coffea-arabica-2er-set-25-cm-o12-cm\/","title":{"rendered":"Meergroothandel Coffea Arabica 2er Set &#8211; 25 cm, \u00d812  cm"},"content":{"rendered":"Die Coffea Arabica ist in \u00c4thiopien beheimatet. Diese Zimmerpflanze ist auch als Kaffeepflanze oder Kaffeebaum bekannt. Die Pflanze geh\u00f6rt zur Familie der Rubiaceae. \r\n\r\nStellen Sie diese Zimmerpflanze an einen halbschattigen Platz. Viel direktes Sonnenlicht ist nicht gut f\u00fcr die Coffea Arabica. \r\n\r\nDie Kaffeepflanze hat einen durchschnittlichen Wasserbedarf. Gie\u00dfen Sie die Pflanze mindestens einmal pro Woche. In w\u00e4rmeren Perioden braucht die Pflanze m\u00f6glicherweise mehr Wasser. Pr\u00fcfen Sie dies, indem Sie f\u00fchlen, ob die Blumenerde trocken ist. \r\n\r\nBitte beachten Sie, dass es sich bei den Pflanzen um ein lebendes Produkt handelt, das von den Fotos und der Beschreibung abweichen kann. Unsere Pflanzen werden in einem Kunststofftopf geliefert. Alle Pflanzen werden direkt von der G\u00e4rtnerei verpackt und versandt.","protected":false},"excerpt":{"rendered":"<p>Die Coffea Arabica ist in \u00c4thiopien beheimatet. Diese Zimmerpflanze ist auch als Kaffeepflanze oder Kaffeebaum bekannt. Die Pflanze geh\u00f6rt zur Familie der Rubiaceae. Stellen Sie diese Zimmerpflanze an einen halbschattigen Platz. Viel direktes Sonnenlicht ist nicht gut f\u00fcr die Coffea Arabica. Die Kaffeepflanze hat einen durchschnittlichen Wasserbedarf. Gie\u00dfen Sie die Pflanze mindestens einmal pro Woche. [&hellip;]<\/p>\n","protected":false},"author":3,"featured_media":24460,"comment_status":"closed","ping_status":"closed","template":"","meta":{"inline_featured_image":false},"pwb-brand":[4041],"product_cat":[5977,5159,4770],"product_tag":[],"class_list":{"0":"post-24459","1":"product","2":"type-product","3":"status-publish","4":"has-post-thumbnail","6":"pwb-brand-meergroothandel","7":"product_cat-cat-geschenke-fur-pflanzenliebhaber-und-innen","8":"product_cat-cat-kaffeepflanzen-coffea-arabica","9":"product_cat-cat-pflanzen-sets","11":"first","12":"outofstock","13":"sale","14":"taxable","15":"shipping-taxable","16":"purchasable","17":"product-type-simple"},"acf":[],"gtin":"8720634285421","brands":[{"id":4041,"name":"MEERGroothandel","slug":"meergroothandel"}],"_links":{"self":[{"href":"https:\/\/oragarden.de\/en\/wp-json\/wp\/v2\/product\/24459","targetHints":{"allow":["GET"]}}],"collection":[{"href":"https:\/\/oragarden.de\/en\/wp-json\/wp\/v2\/product"}],"about":[{"href":"https:\/\/oragarden.de\/en\/wp-json\/wp\/v2\/types\/product"}],"author":[{"embeddable":true,"href":"https:\/\/oragarden.de\/en\/wp-json\/wp\/v2\/users\/3"}],"replies":[{"embeddable":true,"href":"https:\/\/oragarden.de\/en\/wp-json\/wp\/v2\/comments?post=24459"}],"wp:featuredmedia":[{"embeddable":true,"href":"https:\/\/oragarden.de\/en\/wp-json\/wp\/v2\/media\/24460"}],"wp:attachment":[{"href":"https:\/\/oragarden.de\/en\/wp-json\/wp\/v2\/media?parent=24459"}],"wp:term":[{"taxonomy":"pwb-brand","embeddable":true,"href":"https:\/\/oragarden.de\/en\/wp-json\/wp\/v2\/pwb-brand?post=24459"},{"taxonomy":"product_cat","embeddable":true,"href":"https:\/\/oragarden.de\/en\/wp-json\/wp\/v2\/product_cat?post=24459"},{"taxonomy":"product_tag","embeddable":true,"href":"https:\/\/oragarden.de\/en\/wp-json\/wp\/v2\/product_tag?post=24459"}],"curies":[{"name":"wp","href":"https:\/\/api.w.org\/{rel}","templated":true}]}}